{"id":1094,"date":"2022-01-02T16:31:37","date_gmt":"2022-01-02T15:31:37","guid":{"rendered":"https:\/\/www.ambacam.de\/de\/?page_id=1094"},"modified":"2022-06-14T18:09:03","modified_gmt":"2022-06-14T16:09:03","slug":"bereiten-sie-ihre-reise-nach-kamerun-vor","status":"publish","type":"page","link":"https:\/\/www.ambacam.de\/de\/bereiten-sie-ihre-reise-nach-kamerun-vor\/","title":{"rendered":"Bereiten Sie Ihre Reise nach Kamerun vor"},"content":{"rendered":"\t\t<div data-elementor-type=\"wp-page\" data-elementor-id=\"1094\" class=\"elementor elementor-1094\">\n\t\t\t\t\t\t<section class=\"elementor-section elementor-top-section elementor-element elementor-element-1226eb5d elementor-section-boxed elementor-section-height-default elementor-section-height-default\" data-id=\"1226eb5d\" data-element_type=\"section\" data-e-type=\"section\">\n\t\t\t\t\t\t<div class=\"elementor-container elementor-column-gap-default\">\n\t\t\t\t\t<div class=\"elementor-column elementor-col-100 elementor-top-column elementor-element elementor-element-310c8810\" data-id=\"310c8810\" data-element_type=\"column\" data-e-type=\"column\">\n\t\t\t<div class=\"elementor-widget-wrap elementor-element-populated\">\n\t\t\t\t\t\t<div class=\"elementor-element elementor-element-2f8b8d4 elementor-widget elementor-widget-text-editor\" data-id=\"2f8b8d4\" data-element_type=\"widget\" data-e-type=\"widget\" data-widget_type=\"text-editor.default\">\n\t\t\t\t<div class=\"elementor-widget-container\">\n\t\t\t\t\t\t\t\t\t<blockquote class=\"wp-block-quote\"><h5 style=\"color: white;\"><b>VORBEREITUNG IHRER REISE NACH KAMERUN<\/b><\/h5><\/blockquote><div class=\"shortened_end2\"><div class=\"shortened_end2\"><p>Vor der Abreise<\/p><ul><li>G\u00fcltiger Reisepass (mindestens 6 Monate)<\/li><li>Internationales Impfzeugnis gegen Gelbfieber<\/li><li>Einreisevisum (f\u00fcr deutsche Staatsangeh\u00f6rige).<\/li><\/ul><p><b>Es gibt keine Visa bei der Ankunft.<\/b><\/p><p><b>\u00a0<\/b><\/p><p>\u00a0<\/p><\/div><div><b>Was Sie unbedingt wissen m\u00fcssen:<\/b><\/div><\/div><p><!-- \/wp:paragraph --><\/p>\t\t\t\t\t\t\t\t<\/div>\n\t\t\t\t<\/div>\n\t\t\t\t<div class=\"elementor-element elementor-element-75bb67b elementor-widget elementor-widget-toggle\" data-id=\"75bb67b\" data-element_type=\"widget\" data-e-type=\"widget\" data-widget_type=\"toggle.default\">\n\t\t\t\t<div class=\"elementor-widget-container\">\n\t\t\t\t\t\t\t<div class=\"elementor-toggle\">\n\t\t\t\t\t\t\t<div class=\"elementor-toggle-item\">\n\t\t\t\t\t<div id=\"elementor-tab-title-1231\" class=\"elementor-tab-title\" data-tab=\"1\" role=\"button\" aria-controls=\"elementor-tab-content-1231\" aria-expanded=\"false\">\n\t\t\t\t\t\t\t\t\t\t\t\t<span class=\"elementor-toggle-icon elementor-toggle-icon-left\" aria-hidden=\"true\">\n\t\t\t\t\t\t\t\t\t\t\t\t\t\t\t<span class=\"elementor-toggle-icon-closed\"><i class=\"fas fa-caret-right\"><\/i><\/span>\n\t\t\t\t\t\t\t\t<span class=\"elementor-toggle-icon-opened\"><i class=\"elementor-toggle-icon-opened fas fa-caret-up\"><\/i><\/span>\n\t\t\t\t\t\t\t\t\t\t\t\t\t<\/span>\n\t\t\t\t\t\t\t\t\t\t\t\t<a class=\"elementor-toggle-title\" tabindex=\"0\">Land und Leute<\/a>\n\t\t\t\t\t<\/div>\n\n\t\t\t\t\t<div id=\"elementor-tab-content-1231\" class=\"elementor-tab-content elementor-clearfix\" data-tab=\"1\" role=\"region\" aria-labelledby=\"elementor-tab-title-1231\"><p><b><u>Fl\u00e4che und Bev\u00f6lkerung<\/u><\/b><br \/>475 442 Quadratkilometer mit einer Bev\u00f6lkerung von ca. 25 Millionen Einwohnern<br \/>Kamerun ist ein Land der Vielfalt und der Gegens\u00e4tze. Die Bev\u00f6lkerung setzt sich aus mindestens 150 Volksgruppen zusammen, die mehr als tausend Jahre alte Traditionen haben. Jeder Landesteil besitzt auch besondere Volksweisen und traditionelle Br\u00e4uche, was sich in die Vielseitigkeit des Gewerbes, der Kunst, der Architektur und der Lebensart \u00e4u\u00dfert. Steppe, Wald, K\u00fcste, Savanne und Berge, sowie die reichhaltige und vielf\u00e4ltige Tierwelt machen die biologische Vielfalt des Landes aus.<\/p><p><b><u>Sprachen<\/u><\/b><br \/>Kamerun ist ein sprachreiches Land mit ca. 250 lebendige Sprachen, die von den einzelnen Volksgruppen \/ Ethnien gesprochen werden.<span style=\"font-family: 'Open Sans', serif; font-size: 16px; color: var( --e-global-color-text );\">\u00a0<\/span><\/p><p><b>Die offiziellen Amtssprachen sind Franz\u00f6sisch und Englisch.<\/b><\/p><p><b><u>Wichtige St\u00e4dte<\/u><\/b><br \/>Hauptstadt: Yaound\u00e9<br \/>Wirtschaftliches Zentrum: Douala<br \/>Hauptst\u00e4dte der geographischen Verwaltungsgebiete: Maroua (\u00c4u\u00dfertster Norden), Garoua (Norden), Ngaound\u00e9r\u00e9 (Adamaoua). Bamenda (Nordwesten), Bafoussam (Westen), Yaound\u00e9 (Zentrum), Douala (K\u00fcste), Buea (S\u00fcdwesten), Bertoua (Osten)<br \/><br \/><\/p><\/div>\n\t\t\t\t<\/div>\n\t\t\t\t\t\t\t<div class=\"elementor-toggle-item\">\n\t\t\t\t\t<div id=\"elementor-tab-title-1232\" class=\"elementor-tab-title\" data-tab=\"2\" role=\"button\" aria-controls=\"elementor-tab-content-1232\" aria-expanded=\"false\">\n\t\t\t\t\t\t\t\t\t\t\t\t<span class=\"elementor-toggle-icon elementor-toggle-icon-left\" aria-hidden=\"true\">\n\t\t\t\t\t\t\t\t\t\t\t\t\t\t\t<span class=\"elementor-toggle-icon-closed\"><i class=\"fas fa-caret-right\"><\/i><\/span>\n\t\t\t\t\t\t\t\t<span class=\"elementor-toggle-icon-opened\"><i class=\"elementor-toggle-icon-opened fas fa-caret-up\"><\/i><\/span>\n\t\t\t\t\t\t\t\t\t\t\t\t\t<\/span>\n\t\t\t\t\t\t\t\t\t\t\t\t<a class=\"elementor-toggle-title\" tabindex=\"0\">Praktische Hinweise<\/a>\n\t\t\t\t\t<\/div>\n\n\t\t\t\t\t<div id=\"elementor-tab-content-1232\" class=\"elementor-tab-content elementor-clearfix\" data-tab=\"2\" role=\"region\" aria-labelledby=\"elementor-tab-title-1232\"><p><b><u>Offizielle Sprachen<\/u><\/b><br \/>Franz\u00f6sisch und Englisch.<\/p><p><b><u>W\u00e4hrung<\/u><\/b><br \/>Die Landesw\u00e4hrung ist der CFA-Franc. Das Abheben von Bargeld an Geldautomaten ist in Gro\u00dfst\u00e4dten m\u00f6glich und die Bezahlung mit Kreditkarten nur sehr vereinzelt in gro\u00dfen Hotels m\u00f6glich. Die Mitnahme von Bargeld in EUR ist empfehlenswert.<\/p><p><b>Offizieller Wechselkurs: 1 EUR = 655,927XAF.<\/b><\/p><p><b><u>Zeitzone<\/u><\/b><br \/>Keine Unterschiede bei der Winterzeit, im Sommer eine Stunde zur\u00fcck (Referenz: westeurop\u00e4ische Zeit).<\/p><p><b><u>Internationale Vorwahl<\/u><\/b><br \/>Aus dem Ausland 00 plus Landesvorwahl: 237.<\/p><p><b><u>Elektrischer Strom<\/u><\/b><br \/>220 V, Stecker der europ\u00e4ischen Norm entsprechend.<br \/>Powerbank vorsehen bei l\u00e4ngerem Stromausfall. <br \/>Taschenlampen bei Nacht mitnehmen (vor allem in D\u00f6rfern).<br \/><br \/><\/p><p><b><u>Zollformalit\u00e4ten<\/u><\/b><br \/>Einfuhrlizenz f\u00fcr Jagdwaffen erforderlich.<br \/>Ausfuhr von Kunstgegenst\u00e4nden geregelt und gegebenenfalls am Flughafen deklarieren und Geb\u00fchr zahlen (ab 5000 XAF).<\/p><\/div>\n\t\t\t\t<\/div>\n\t\t\t\t\t\t\t<div class=\"elementor-toggle-item\">\n\t\t\t\t\t<div id=\"elementor-tab-title-1233\" class=\"elementor-tab-title\" data-tab=\"3\" role=\"button\" aria-controls=\"elementor-tab-content-1233\" aria-expanded=\"false\">\n\t\t\t\t\t\t\t\t\t\t\t\t<span class=\"elementor-toggle-icon elementor-toggle-icon-left\" aria-hidden=\"true\">\n\t\t\t\t\t\t\t\t\t\t\t\t\t\t\t<span class=\"elementor-toggle-icon-closed\"><i class=\"fas fa-caret-right\"><\/i><\/span>\n\t\t\t\t\t\t\t\t<span class=\"elementor-toggle-icon-opened\"><i class=\"elementor-toggle-icon-opened fas fa-caret-up\"><\/i><\/span>\n\t\t\t\t\t\t\t\t\t\t\t\t\t<\/span>\n\t\t\t\t\t\t\t\t\t\t\t\t<a class=\"elementor-toggle-title\" tabindex=\"0\">Alltag<\/a>\n\t\t\t\t\t<\/div>\n\n\t\t\t\t\t<div id=\"elementor-tab-content-1233\" class=\"elementor-tab-content elementor-clearfix\" data-tab=\"3\" role=\"region\" aria-labelledby=\"elementor-tab-title-1233\"><p><b><u>Arbeitszeiten \/\u00d6ffnungszeiten: <\/u><\/b><br \/>\u00d6ffentliche Verwaltung: Montag bis Freitag von 7H30 bis 15H30<br \/>\u00d6ffentliche Schulen: Montag bis Freitag von 7H30 bis 15H30<br \/>M\u00e4rkte: Montag bis Sonntag von 6H00 bis 18H00 (in Gro\u00dfst\u00e4dten wird jeder Markt an einem unterschiedlichen Tag in der Woche geschlossen)<br \/>Superm\u00e4rkte: Montag bis Samstag von 7H00 bis 20H00 (manche bleiben l\u00e4nger auf und sind auch am Sonntag offen.)<\/p><p><b><u>Lebenshaltungskosten<\/u><\/b><br \/><b>Hotelpreise<\/b><br \/>3 Sterne Hotels (kamerunischer Standard): 25.000F \u2013 55.000F f\u00fcr ein Einzelzimmer<br \/>4-5 Sterne Hotels: ab 150.000F <br \/>In kleineren St\u00e4dten gibt es auch sehr komfortablen Hotels mit bescheidenem Standing: ab 12.000F die Nacht f\u00fcr ein Einzelzimmer.<br \/>Es gibt auch zahlreiche Privatpersonen, die m\u00f6blierte Mietwohnungen in sicheren Stadtvierteln f\u00fcr ein paar Tage\/Wochen anbieten (siehe Airbnb Cameroun).<\/p><\/div>\n\t\t\t\t<\/div>\n\t\t\t\t\t\t\t<div class=\"elementor-toggle-item\">\n\t\t\t\t\t<div id=\"elementor-tab-title-1234\" class=\"elementor-tab-title\" data-tab=\"4\" role=\"button\" aria-controls=\"elementor-tab-content-1234\" aria-expanded=\"false\">\n\t\t\t\t\t\t\t\t\t\t\t\t<span class=\"elementor-toggle-icon elementor-toggle-icon-left\" aria-hidden=\"true\">\n\t\t\t\t\t\t\t\t\t\t\t\t\t\t\t<span class=\"elementor-toggle-icon-closed\"><i class=\"fas fa-caret-right\"><\/i><\/span>\n\t\t\t\t\t\t\t\t<span class=\"elementor-toggle-icon-opened\"><i class=\"elementor-toggle-icon-opened fas fa-caret-up\"><\/i><\/span>\n\t\t\t\t\t\t\t\t\t\t\t\t\t<\/span>\n\t\t\t\t\t\t\t\t\t\t\t\t<a class=\"elementor-toggle-title\" tabindex=\"0\">Essen und trinken<\/a>\n\t\t\t\t\t<\/div>\n\n\t\t\t\t\t<div id=\"elementor-tab-content-1234\" class=\"elementor-tab-content elementor-clearfix\" data-tab=\"4\" role=\"region\" aria-labelledby=\"elementor-tab-title-1234\"><p><b><u>Essen in kamerunischen Restaurants oder &#8222;Circuits&#8220;.<\/u><\/b><br \/>Bei den &#8222;circuits&#8220; handelt es sich um recht bescheidene, aber sehr kommunikative Restaurants. Hier essen Sie sehr gut, frische lokale Gerichte, preiswert und in einer freundlichen Atmosph\u00e4re. Sie k\u00f6nnen interessante Kontakte kn\u00fcpfen und Bekanntschaften machen, die Ihren Aufenthalt bereichern und Sie \u00fcber die Highlights ihrer Stadt\/ihres Dorfes\/ihrer Gegend informieren.<\/p><p><b><u>Bars<\/u><\/b><br \/>Bars sind sehr lebendige und gesellige Treffpunkte, wo sich vor allem abends ein Teil des sozialen Lebens abspielt. Hier kann man auch oft Kleinigkeit essen aber vor allem Musik laut h\u00f6ren.<br \/>Preis einer Flasche Bier (75 cl): 500F bis 1200 F<br \/>Preis nicht alkoholisches Getr\u00e4nk (75 cl): 400-500F bis 800F<br \/>Preis Flasche Wasser (1,5L): 500 \u2013 1000 FCFA<br \/>In Hotels und europ\u00e4ischen Restaurants ist der Preis h\u00f6her.<br \/>In Restaurants und den Bars wird Trinkgeld genommen.<\/p><\/div>\n\t\t\t\t<\/div>\n\t\t\t\t\t\t\t<div class=\"elementor-toggle-item\">\n\t\t\t\t\t<div id=\"elementor-tab-title-1235\" class=\"elementor-tab-title\" data-tab=\"5\" role=\"button\" aria-controls=\"elementor-tab-content-1235\" aria-expanded=\"false\">\n\t\t\t\t\t\t\t\t\t\t\t\t<span class=\"elementor-toggle-icon elementor-toggle-icon-left\" aria-hidden=\"true\">\n\t\t\t\t\t\t\t\t\t\t\t\t\t\t\t<span class=\"elementor-toggle-icon-closed\"><i class=\"fas fa-caret-right\"><\/i><\/span>\n\t\t\t\t\t\t\t\t<span class=\"elementor-toggle-icon-opened\"><i class=\"elementor-toggle-icon-opened fas fa-caret-up\"><\/i><\/span>\n\t\t\t\t\t\t\t\t\t\t\t\t\t<\/span>\n\t\t\t\t\t\t\t\t\t\t\t\t<a class=\"elementor-toggle-title\" tabindex=\"0\">Verkehrsmittel<\/a>\n\t\t\t\t\t<\/div>\n\n\t\t\t\t\t<div id=\"elementor-tab-content-1235\" class=\"elementor-tab-content elementor-clearfix\" data-tab=\"5\" role=\"region\" aria-labelledby=\"elementor-tab-title-1235\"><p><b><u>Taxi<\/u><\/b><br \/>Die beste M\u00f6glichkeit in der Stadt von einem Ort in den anderen zu kommen, ist mit dem gelben<\/p><p>\u00a0<b><u>Stadttaxi:<\/u><\/b><br \/>&#8211; Einfache Fahrt (oft mit mehreren Fahrg\u00e4sten): 250F<br \/>&#8211; Course (Eine Stunde Fahrt allein, eventuell mit mehreren Stationen): 3000-5000 F<br \/>&#8211; Depot (Einfache Fahrt allein von A nach B):2000-3000 F (je nach Entfernung)<br \/>Es gibt keine Stadtbusse.<\/p><p><b><u>Reisebus<\/u><\/b><br \/>Mehrere private Unternehmen bieten Verbindungen zwischen den gro\u00dfen St\u00e4dten bzw. den verschiedenen St\u00e4dten Kameruns an.<br \/>Autoverleih<br \/>Es gibt zahlreiche Agenturen, die diverse Autotypen mit oder ohne Fahrer verleihen.<\/p><p><b><u>Zug<\/u><\/b><br \/>Eine Zuglinie von CAMRAIL verbindet die Gro\u00dfst\u00e4dte Yaound\u00e9 und Douala und eine weitere verbindet Yaound\u00e9 und Ngaound\u00e9r\u00e9 im Norden.<br \/>Yaound\u00e9 -Ngaound\u00e9r\u00e9 : 10.000F \u2013 17.000F<br \/>Douala-Yaound\u00e9 : 3000F \u2013 6000F<\/p><p><b><u>Flug<\/u><\/b><br \/>Inlandsfl\u00fcge von CAMAIR-CO verbinden St\u00e4dte innerhalb des Landes.<\/p><\/div>\n\t\t\t\t<\/div>\n\t\t\t\t\t\t\t<div class=\"elementor-toggle-item\">\n\t\t\t\t\t<div id=\"elementor-tab-title-1236\" class=\"elementor-tab-title\" data-tab=\"6\" role=\"button\" aria-controls=\"elementor-tab-content-1236\" aria-expanded=\"false\">\n\t\t\t\t\t\t\t\t\t\t\t\t<span class=\"elementor-toggle-icon elementor-toggle-icon-left\" aria-hidden=\"true\">\n\t\t\t\t\t\t\t\t\t\t\t\t\t\t\t<span class=\"elementor-toggle-icon-closed\"><i class=\"fas fa-caret-right\"><\/i><\/span>\n\t\t\t\t\t\t\t\t<span class=\"elementor-toggle-icon-opened\"><i class=\"elementor-toggle-icon-opened fas fa-caret-up\"><\/i><\/span>\n\t\t\t\t\t\t\t\t\t\t\t\t\t<\/span>\n\t\t\t\t\t\t\t\t\t\t\t\t<a class=\"elementor-toggle-title\" tabindex=\"0\">Klima<\/a>\n\t\t\t\t\t<\/div>\n\n\t\t\t\t\t<div id=\"elementor-tab-content-1236\" class=\"elementor-tab-content elementor-clearfix\" data-tab=\"6\" role=\"region\" aria-labelledby=\"elementor-tab-title-1236\"><p>Es herrschen unterschiedliche klimatische Bedingungen in den verschiedenen Landesteilen Kameruns, jedoch \u00fcberwiegt das tropische Klima.<br \/>Das s\u00fcdliche Drittel geh\u00f6rt zum tropischen Regenwaldg\u00fcrtel, der Norden hat Steppenklima mit kurzer Regenzeit und gro\u00dfen Temperaturschwankungen. Dazwischen gibt es eine Zone mit Savannenklima und l\u00e4ngerer Regenzeit.<br \/>W\u00e4hrend der Regenzeit von M\u00e4rz bis November kann es zu starken Regenf\u00e4llen, zu \u00dcberflutungen und Erdrutschen kommen. <br \/>Im S\u00fcden des Landes herrscht Trockenzeit von November bis Februar, eine m\u00e4\u00dfige Feuchtperiode von M\u00e4rz bis Juli und die Regenzeit von August bis Ende September. Die durchschnittliche Temperatur ist 26 Grad.<br \/>Im Norden dehnt sich die Regenzeit von Mai bis Ende September aus, allerdings mit durchschnittlich weniger Niederschl\u00e4gen im Jahr. Die durchschnittliche Temperatur ist 35 Grad.<\/p><\/div>\n\t\t\t\t<\/div>\n\t\t\t\t\t\t\t<div class=\"elementor-toggle-item\">\n\t\t\t\t\t<div id=\"elementor-tab-title-1237\" class=\"elementor-tab-title\" data-tab=\"7\" role=\"button\" aria-controls=\"elementor-tab-content-1237\" aria-expanded=\"false\">\n\t\t\t\t\t\t\t\t\t\t\t\t<span class=\"elementor-toggle-icon elementor-toggle-icon-left\" aria-hidden=\"true\">\n\t\t\t\t\t\t\t\t\t\t\t\t\t\t\t<span class=\"elementor-toggle-icon-closed\"><i class=\"fas fa-caret-right\"><\/i><\/span>\n\t\t\t\t\t\t\t\t<span class=\"elementor-toggle-icon-opened\"><i class=\"elementor-toggle-icon-opened fas fa-caret-up\"><\/i><\/span>\n\t\t\t\t\t\t\t\t\t\t\t\t\t<\/span>\n\t\t\t\t\t\t\t\t\t\t\t\t<a class=\"elementor-toggle-title\" tabindex=\"0\">Wann sollte man reisen?<\/a>\n\t\t\t\t\t<\/div>\n\n\t\t\t\t\t<div id=\"elementor-tab-content-1237\" class=\"elementor-tab-content elementor-clearfix\" data-tab=\"7\" role=\"region\" aria-labelledby=\"elementor-tab-title-1237\"><p>Die beste Zeit, um Kamerun zu besuchen, ist entsprechend von Dezember bis Februar. Es regnet weniger und es ist die Zeit mit den meisten Sonnenstunden. Im geografischen S\u00fcden ist es tags\u00fcber hei\u00df, w\u00e4hrend die N\u00e4chte k\u00fchler sind. Im trockenen Norden ist es tags\u00fcber sehr hei\u00df, w\u00e4hrend es nachts sehr k\u00fchl werden kann. <br \/>An der K\u00fcste kann die Hitze erdr\u00fcckend sein, mit Tiefsttemperaturen von \u00fcber 20 Grad und H\u00f6chsttemperaturen von etwa 30 \u00b0C, die durch eine Brise gemildert werden. <\/p><\/div>\n\t\t\t\t<\/div>\n\t\t\t\t\t\t\t<div class=\"elementor-toggle-item\">\n\t\t\t\t\t<div id=\"elementor-tab-title-1238\" class=\"elementor-tab-title\" data-tab=\"8\" role=\"button\" aria-controls=\"elementor-tab-content-1238\" aria-expanded=\"false\">\n\t\t\t\t\t\t\t\t\t\t\t\t<span class=\"elementor-toggle-icon elementor-toggle-icon-left\" aria-hidden=\"true\">\n\t\t\t\t\t\t\t\t\t\t\t\t\t\t\t<span class=\"elementor-toggle-icon-closed\"><i class=\"fas fa-caret-right\"><\/i><\/span>\n\t\t\t\t\t\t\t\t<span class=\"elementor-toggle-icon-opened\"><i class=\"elementor-toggle-icon-opened fas fa-caret-up\"><\/i><\/span>\n\t\t\t\t\t\t\t\t\t\t\t\t\t<\/span>\n\t\t\t\t\t\t\t\t\t\t\t\t<a class=\"elementor-toggle-title\" tabindex=\"0\">Wie sollte man sich kleiden?<\/a>\n\t\t\t\t\t<\/div>\n\n\t\t\t\t\t<div id=\"elementor-tab-content-1238\" class=\"elementor-tab-content elementor-clearfix\" data-tab=\"8\" role=\"region\" aria-labelledby=\"elementor-tab-title-1238\"><p>Bevorzugen Sie leichte und luftige Kleidung f\u00fcr den Tag, weit und aus Naturfasern (Baumwolle oder Leinen), Jacke und Pullover f\u00fcr den Abend, bequeme Sandalen und einen Hut, um sich vor der Sonne zu sch\u00fctzen. An der K\u00fcste sollten Sie au\u00dferdem einen leichten Regenmantel und einen Regenschirm mitbringen. <br \/>Planen Sie angemessene Kleidung f\u00fcr den Besuch von Kirchen und das Betreten\/Verlassen von Geb\u00e4uden und \u00f6ffentlichen Pl\u00e4tzen ein, wo korrekte Kleidung selbstverst\u00e4ndlich ist.<\/p><p><b>N.B.:<\/b><br \/>In Kamerun kleidet man sich sowohl europ\u00e4isch als auch afrikanisch und eher schick und anst\u00e4ndig. Es gibt eine Vorliebe f\u00fcr traditionelle afrikanische Kleidung, die vor Ort von den zahlreichen Schneiderinnen und Schneidern gen\u00e4ht wird, die in den verschiedenen Stadtvierteln und auf den M\u00e4rkten ans\u00e4ssig sind. <br \/>Die traditionellen Stoffe sind besser an das lokale Klima angepasst.<\/p><\/div>\n\t\t\t\t<\/div>\n\t\t\t\t\t\t\t<div class=\"elementor-toggle-item\">\n\t\t\t\t\t<div id=\"elementor-tab-title-1239\" class=\"elementor-tab-title\" data-tab=\"9\" role=\"button\" aria-controls=\"elementor-tab-content-1239\" aria-expanded=\"false\">\n\t\t\t\t\t\t\t\t\t\t\t\t<span class=\"elementor-toggle-icon elementor-toggle-icon-left\" aria-hidden=\"true\">\n\t\t\t\t\t\t\t\t\t\t\t\t\t\t\t<span class=\"elementor-toggle-icon-closed\"><i class=\"fas fa-caret-right\"><\/i><\/span>\n\t\t\t\t\t\t\t\t<span class=\"elementor-toggle-icon-opened\"><i class=\"elementor-toggle-icon-opened fas fa-caret-up\"><\/i><\/span>\n\t\t\t\t\t\t\t\t\t\t\t\t\t<\/span>\n\t\t\t\t\t\t\t\t\t\t\t\t<a class=\"elementor-toggle-title\" tabindex=\"0\">Gesundheitsvorschriften<\/a>\n\t\t\t\t\t<\/div>\n\n\t\t\t\t\t<div id=\"elementor-tab-content-1239\" class=\"elementor-tab-content elementor-clearfix\" data-tab=\"9\" role=\"region\" aria-labelledby=\"elementor-tab-title-1239\"><p>Kamerun liegt in den Tropen, wo Malaria verbreitet ist. Es wird empfohlen vor der Abfahrt Prophylaxe gegen Malaria einzuholen (Siehe Institut f\u00fcr Tropische Medizin oder fragen Sie Ihrem Hausarzt) und vor Ort unter einem Moskitonetz zu schlafen.<br \/>Mitgenommene Tiere m\u00fcssen gegen Tollwut geimpft sein.<\/p><p><b><u>Lungeninfektion &#8211; Coronavirus Covid-19 (03\/03\/2022)<\/u><\/b><br \/>Aufgrund der Zirkulation des COVID-19-Virus und seiner Varianten, die weiterhin hochansteckend sind, unterliegt jede Einreise nach Kamerun und jede Ausreise aus unserem Land Beschr\u00e4nkungen. <br \/><b>Bei der Einreise ist ein negativer PCR-Test erforderlich, auch bei Kleinkindern. Die Probe muss innerhalb von 72 Stunden vor dem Einsteigen in einen Flug nach Kamerun entnommen worden sein. Au\u00dferdem wird bei allen Reisenden bei der Ankunft am Flughafen systematisch ein Antigentest durchgef\u00fchrt.<\/b><br \/>Es wird empfohlen, die Pr\u00e4ventionsma\u00dfnahmen des Gesundheitsministeriums zu befolgen und die Basis-Schutzma\u00dfnahmen anzuwenden. <br \/><b>Bei der Ausreise aus Kamerun wird am Flughafen trotz der Impfung gegen Covid-19 ein PCR-Test verlangt. (Kosten: 30.000 F). <\/b><br \/>Tests k\u00f6nnen in genehmigten Gesundheitscentren und Orten sowie in Krankenh\u00e4usern vorgenommen werden.\u00a0<\/p><\/div>\n\t\t\t\t<\/div>\n\t\t\t\t\t\t\t<div class=\"elementor-toggle-item\">\n\t\t\t\t\t<div id=\"elementor-tab-title-12310\" class=\"elementor-tab-title\" data-tab=\"10\" role=\"button\" aria-controls=\"elementor-tab-content-12310\" aria-expanded=\"false\">\n\t\t\t\t\t\t\t\t\t\t\t\t<span class=\"elementor-toggle-icon elementor-toggle-icon-left\" aria-hidden=\"true\">\n\t\t\t\t\t\t\t\t\t\t\t\t\t\t\t<span class=\"elementor-toggle-icon-closed\"><i class=\"fas fa-caret-right\"><\/i><\/span>\n\t\t\t\t\t\t\t\t<span class=\"elementor-toggle-icon-opened\"><i class=\"elementor-toggle-icon-opened fas fa-caret-up\"><\/i><\/span>\n\t\t\t\t\t\t\t\t\t\t\t\t\t<\/span>\n\t\t\t\t\t\t\t\t\t\t\t\t<a class=\"elementor-toggle-title\" tabindex=\"0\">Sicherheit<\/a>\n\t\t\t\t\t<\/div>\n\n\t\t\t\t\t<div id=\"elementor-tab-content-12310\" class=\"elementor-tab-content elementor-clearfix\" data-tab=\"10\" role=\"region\" aria-labelledby=\"elementor-tab-title-12310\"><p><b><u>Fotografieren<\/u><\/b><br \/>Milit\u00e4rischen Sicherheitsbereichen wie Kasernen, einiger \u00f6ffentliche Geb\u00e4ude, Flugh\u00e4fen d\u00fcrfen nicht fotografiert werden; erkundigen Sie sich am besten vor Ort. <br \/>Wenn Sie Menschen fotografieren m\u00f6chten, m\u00fcssen Sie diese vorher fragen.<\/p><p><b><u>Sonst noch etwas\u2026<\/u><\/b><br \/>Folgendes kann strafbar sein:<br \/>&#8211; Tragen von Kleidung im milit\u00e4rischen Stil. <br \/>&#8211; Gleichgeschlechtliche Beziehungen. <br \/>&#8211; Verst\u00f6\u00dfe gegen das Bet\u00e4ubungsmittelgesetz k\u00f6nnen mit mehrj\u00e4hrigen Haftstrafen geahndet werden. Strafverfahren k\u00f6nnen mehrere Jahre dauern.<\/p><\/div>\n\t\t\t\t<\/div>\n\t\t\t\t\t\t\t<div class=\"elementor-toggle-item\">\n\t\t\t\t\t<div id=\"elementor-tab-title-12311\" class=\"elementor-tab-title\" data-tab=\"11\" role=\"button\" aria-controls=\"elementor-tab-content-12311\" aria-expanded=\"false\">\n\t\t\t\t\t\t\t\t\t\t\t\t<span class=\"elementor-toggle-icon elementor-toggle-icon-left\" aria-hidden=\"true\">\n\t\t\t\t\t\t\t\t\t\t\t\t\t\t\t<span class=\"elementor-toggle-icon-closed\"><i class=\"fas fa-caret-right\"><\/i><\/span>\n\t\t\t\t\t\t\t\t<span class=\"elementor-toggle-icon-opened\"><i class=\"elementor-toggle-icon-opened fas fa-caret-up\"><\/i><\/span>\n\t\t\t\t\t\t\t\t\t\t\t\t\t<\/span>\n\t\t\t\t\t\t\t\t\t\t\t\t<a class=\"elementor-toggle-title\" tabindex=\"0\">N\u00fctzliche Kontakte <\/a>\n\t\t\t\t\t<\/div>\n\n\t\t\t\t\t<div id=\"elementor-tab-content-12311\" class=\"elementor-tab-content elementor-clearfix\" data-tab=\"11\" role=\"region\" aria-labelledby=\"elementor-tab-title-12311\"><p><b><u>Polizeiliche Dienste<\/u><\/b><br>\u2022 Police Secours: 17 (oder 117 vom Handy aus) in den St\u00e4dten Yaound\u00e9, Douala und Garoua.<br>\u2022 Gendarmerie: 13 (oder 113 vom Handy aus) in den Provinzen Centre, Littoral, Ouest und Nord-Ouest.<br>\u2022 Sicherheit in Douala: +237 2 33 43 65 72 (geb\u00fchrenfreie Nummer).<br>\u2022 Grenzpolizei : Tel.: +237 2 22 20 11 17 \/ +237 2 22 21 28 84.<br>\u2022 Feuerwehr : 118<br>\u2022 Hotline COVID-19 : 1510<br>\u2022 SAMU-Rettungsdienst : 119<\/p><p><b><u>Flugh\u00e4fen<\/u><\/b><br>\u2022 Internationaler Flughafen von Yaound\u00e9 &#8211; Nsimalen.<br>Tel.: +237 2 22 23 36 02 \/ +237 2 22 23 17 44.<br>Telefax: +237 22 23 45 20.<br>\u2022 Internationaler Flughafen von Douala<br>Tel.: +237 2 33 42 35 26 \/ +237 2 33 42 36 30<\/p><\/div>\n\t\t\t\t<\/div>\n\t\t\t\t\t\t\t\t<\/div>\n\t\t\t\t\t\t<\/div>\n\t\t\t\t<\/div>\n\t\t\t\t\t<\/div>\n\t\t<\/div>\n\t\t\t\t\t<\/div>\n\t\t<\/section>\n\t\t\t\t<\/div>\n\t\t","protected":false},"excerpt":{"rendered":"<p>VORBEREITUNG IHRER REISE NACH KAMERUN Vor der Abreise G\u00fcltiger Reisepass (mindestens 6 Monate) Internationales Impfzeugnis gegen Gelbfieber Einreisevisum (f\u00fcr deutsche<\/p>\n","protected":false},"author":1,"featured_media":0,"parent":0,"menu_order":0,"comment_status":"closed","ping_status":"closed","template":"","meta":{"footnotes":""},"class_list":["post-1094","page","type-page","status-publish","hentry"],"_links":{"self":[{"href":"https:\/\/www.ambacam.de\/de\/wp-json\/wp\/v2\/pages\/1094","targetHints":{"allow":["GET"]}}],"collection":[{"href":"https:\/\/www.ambacam.de\/de\/wp-json\/wp\/v2\/pages"}],"about":[{"href":"https:\/\/www.ambacam.de\/de\/wp-json\/wp\/v2\/types\/page"}],"author":[{"embeddable":true,"href":"https:\/\/www.ambacam.de\/de\/wp-json\/wp\/v2\/users\/1"}],"replies":[{"embeddable":true,"href":"https:\/\/www.ambacam.de\/de\/wp-json\/wp\/v2\/comments?post=1094"}],"version-history":[{"count":47,"href":"https:\/\/www.ambacam.de\/de\/wp-json\/wp\/v2\/pages\/1094\/revisions"}],"predecessor-version":[{"id":1886,"href":"https:\/\/www.ambacam.de\/de\/wp-json\/wp\/v2\/pages\/1094\/revisions\/1886"}],"wp:attachment":[{"href":"https:\/\/www.ambacam.de\/de\/wp-json\/wp\/v2\/media?parent=1094"}],"curies":[{"name":"wp","href":"https:\/\/api.w.org\/{rel}","templated":true}]}}