{"id":1272,"date":"2022-02-16T11:42:59","date_gmt":"2022-02-16T10:42:59","guid":{"rendered":"https:\/\/www.ambacam.de\/de\/mentions-legales\/"},"modified":"2025-01-02T15:44:20","modified_gmt":"2025-01-02T14:44:20","slug":"rechtliche-hinweise","status":"publish","type":"page","link":"https:\/\/www.ambacam.de\/de\/rechtliche-hinweise\/","title":{"rendered":"Rechtliche Hinweise"},"content":{"rendered":"\t\t<div data-elementor-type=\"wp-page\" data-elementor-id=\"1272\" class=\"elementor elementor-1272\">\n\t\t\t\t\t\t<section class=\"elementor-section elementor-top-section elementor-element elementor-element-3686bcae elementor-section-boxed elementor-section-height-default elementor-section-height-default\" data-id=\"3686bcae\" data-element_type=\"section\" data-e-type=\"section\">\n\t\t\t\t\t\t<div class=\"elementor-container elementor-column-gap-default\">\n\t\t\t\t\t<div class=\"elementor-column elementor-col-100 elementor-top-column elementor-element elementor-element-46d78c2f\" data-id=\"46d78c2f\" data-element_type=\"column\" data-e-type=\"column\">\n\t\t\t<div class=\"elementor-widget-wrap elementor-element-populated\">\n\t\t\t\t\t\t<div class=\"elementor-element elementor-element-6012bd6 elementor-widget elementor-widget-text-editor\" data-id=\"6012bd6\" data-element_type=\"widget\" data-e-type=\"widget\" data-widget_type=\"text-editor.default\">\n\t\t\t\t<div class=\"elementor-widget-container\">\n\t\t\t\t\t\t\t\t\t<blockquote><h5 style=\"color: white;\"><b>RECHTLICHE HINWEISE<\/b><\/h5><\/blockquote><p><strong>&#8211; Informationen<\/strong><br \/>Die Website &#8222;Botschaft von Kamerun Berlin | Cameroon Embassy Berlin&#8220; (https:\/\/www.ambacam.de -&gt; Deutsch) ver\u00f6ffentlicht Informationen von den Botschaftsabteilungen und &#8230;&#8230;&#8230;&#8230;.<\/p><p><strong>&#8211; Technologie und Hosting der Website<\/strong><br \/>Die Website wurde mit WP erstellt, einem Open Source CMS unter der GNU\/GPL-Lizenz.<\/p><p>Das Hosting wird von Seppo Solutions \u00fcbernommen.<\/p><p><strong>&#8211; Weiterverwendung von Inhalten und Links<\/strong><br \/>Sofern nicht ausdr\u00fccklich auf geistiges Eigentum Dritter hingewiesen wird, werden die Inhalte dieser Website unter einer offenen Lizenz angeboten.<\/p><p>Sie k\u00f6nnen n\u00e4mlich, die Inhalte vervielf\u00e4ltigen, kopieren, \u00e4ndern, extrahieren, umwandeln, kommunizieren, verbreiten, weiterverteilen, ver\u00f6ffentlichen, \u00fcbertragen und verwerten, sofern Sie die Quelle und das Datum der letzten Aktualisierung angeben und Dritte nicht hinsichtlich der darin enthaltenen Informationen irref\u00fchren.<\/p><p>Jede \u00f6ffentliche oder private Website darf ohne vorherige Genehmigung einen Link (auch einen tiefen Link) zu den auf dieser Website verbreiteten Informationen herstellen.<\/p><p><strong>&#8211; Fotografische Credits<\/strong><br \/>Die Fotos auf dieser Website stammen aus verschiedenen Quellen. Standardm\u00e4\u00dfig stammen sie von der Botschaft der Republik Kamerun in Berlin.<\/p><p>F\u00fcr gesch\u00fctzte Fotografien holen Sie bitte die Genehmigung der in ihren Credits erw\u00e4hnten Stellen ein.<\/p><p><strong>&#8211; Haftungsausschluss<\/strong><br \/>Die auf dieser Website angebotenen Informationen werden als Dienstleistung f\u00fcr die \u00d6ffentlichkeit bereitgestellt. Trotz aller Sorgfalt bei der \u00dcbertragung der offiziellen Texte, der \u00dcberpr\u00fcfung der Inhalte und der Informationen k\u00f6nnen die online gestellten Elemente in keiner Weise Anspruch auf Richtigkeit erheben und die Botschaft von Kamerun in Berlin haftbar machen.<\/p><p>Die auf dieser Website verf\u00fcgbaren Informationen und\/oder Dokumente k\u00f6nnen jederzeit ge\u00e4ndert bzw. aktualisiert werden.<\/p><p>Die Botschaft der Republik Kamerun in Berlin kann in keinem Fall f\u00fcr Sch\u00e4den jeglicher Art haftbar gemacht werden, die sich aus der Interpretation oder der Nutzung der auf dieser Website verf\u00fcgbaren Informationen und\/oder Dokumente ergeben.<\/p><p><strong>&#8211; Angebotene Hyperlinks<\/strong><br \/>Es werden zahlreiche Links zu anderen privaten oder offiziellen Websites angeboten. Diese Links stellen f\u00fcr die Botschaft der Republik Kamerun in Berlin keine inhaltliche Verpflichtung dar und sollen dem Internetnutzer lediglich die Suche nach weiteren Informationsquellen zu dem von ihm konsultierten Thema\/Anliegen erleichtern.<\/p><p><strong>&#8211; Richtlinien zum Datenschutz<\/strong><br \/><a href=\"https:\/\/www.ambacam.de\/de\/datenschutzrichtlinie\/\">Erfahren Sie mehr \u00fcber unsere Politik zum Schutz personenbezogener Daten.<\/a><\/p><p><strong>&#8211; <\/strong><strong>Anwendbares Recht<\/strong><br \/>Unabh\u00e4ngig vom Ort der Nutzung unterliegt die vorliegende Website dem kamerunischen Recht. Im Falle einer m\u00f6glichen Anfechtung und nach dem Scheitern aller Versuche, eine g\u00fctliche L\u00f6sung zu finden, sind ausschlie\u00dflich die kamerunischen Gerichte f\u00fcr die Entscheidung \u00fcber jeglichen Rechtsstreit zust\u00e4ndig.<\/p><p>Falls Sie Fragen zu den vorliegenden Nutzungsbedingungen der Website k\u00f6nnen Sie uns unter folgender Adresse schreiben:<br \/>Botschaft von Kamerun in Berlin<br \/>Web Service<br \/>Ulmenallee 32<br \/>14050 Berlin<\/p><p><a href=\"https:\/\/www.ambacam.de\/de\/kontakt\/\">Kontaktieren Sie uns per E-Mail<\/a><\/p><p><strong>&#8211; Schreiben Sie dem Webmaster<\/strong><br \/>Es ist m\u00f6glich, dem Webmaster der Website Anmerkungen oder Vorschl\u00e4ge zu \u00fcbermitteln. Er wird sich bem\u00fchen, diese zu ber\u00fccksichtigen. Er kann jedoch nicht auf besondere Anfragen antworten oder solche, die \u00fcber den strikten Rahmen der administrativen oder technischen Verwaltung der Website hinausgehen.<\/p><p><!-- \/wp:paragraph --><\/p>\t\t\t\t\t\t\t\t<\/div>\n\t\t\t\t<\/div>\n\t\t\t\t\t<\/div>\n\t\t<\/div>\n\t\t\t\t\t<\/div>\n\t\t<\/section>\n\t\t\t\t<\/div>\n\t\t","protected":false},"excerpt":{"rendered":"<p>RECHTLICHE HINWEISE &#8211; InformationenDie Website &#8222;Botschaft von Kamerun Berlin | Cameroon Embassy Berlin&#8220; (https:\/\/www.ambacam.de -&gt; Deutsch) ver\u00f6ffentlicht Informationen von den<\/p>\n","protected":false},"author":1,"featured_media":0,"parent":0,"menu_order":0,"comment_status":"closed","ping_status":"closed","template":"","meta":{"footnotes":""},"class_list":["post-1272","page","type-page","status-publish","hentry"],"_links":{"self":[{"href":"https:\/\/www.ambacam.de\/de\/wp-json\/wp\/v2\/pages\/1272","targetHints":{"allow":["GET"]}}],"collection":[{"href":"https:\/\/www.ambacam.de\/de\/wp-json\/wp\/v2\/pages"}],"about":[{"href":"https:\/\/www.ambacam.de\/de\/wp-json\/wp\/v2\/types\/page"}],"author":[{"embeddable":true,"href":"https:\/\/www.ambacam.de\/de\/wp-json\/wp\/v2\/users\/1"}],"replies":[{"embeddable":true,"href":"https:\/\/www.ambacam.de\/de\/wp-json\/wp\/v2\/comments?post=1272"}],"version-history":[{"count":37,"href":"https:\/\/www.ambacam.de\/de\/wp-json\/wp\/v2\/pages\/1272\/revisions"}],"predecessor-version":[{"id":2748,"href":"https:\/\/www.ambacam.de\/de\/wp-json\/wp\/v2\/pages\/1272\/revisions\/2748"}],"wp:attachment":[{"href":"https:\/\/www.ambacam.de\/de\/wp-json\/wp\/v2\/media?parent=1272"}],"curies":[{"name":"wp","href":"https:\/\/api.w.org\/{rel}","templated":true}]}}