{"id":1273,"date":"2022-02-16T11:47:59","date_gmt":"2022-02-16T10:47:59","guid":{"rendered":"https:\/\/www.ambacam.de\/de\/politique-de-confidentialite\/"},"modified":"2022-05-14T18:01:28","modified_gmt":"2022-05-14T16:01:28","slug":"datenschutzrichtlinie","status":"publish","type":"page","link":"https:\/\/www.ambacam.de\/de\/datenschutzrichtlinie\/","title":{"rendered":"Datenschutzrichtlinie"},"content":{"rendered":"\t\t<div data-elementor-type=\"wp-page\" data-elementor-id=\"1273\" class=\"elementor elementor-1273\">\n\t\t\t\t\t\t<section class=\"elementor-section elementor-top-section elementor-element elementor-element-78f318f6 elementor-section-boxed elementor-section-height-default elementor-section-height-default\" data-id=\"78f318f6\" data-element_type=\"section\" data-e-type=\"section\">\n\t\t\t\t\t\t<div class=\"elementor-container elementor-column-gap-default\">\n\t\t\t\t\t<div class=\"elementor-column elementor-col-100 elementor-top-column elementor-element elementor-element-2813b2d4\" data-id=\"2813b2d4\" data-element_type=\"column\" data-e-type=\"column\">\n\t\t\t<div class=\"elementor-widget-wrap elementor-element-populated\">\n\t\t\t\t\t\t<div class=\"elementor-element elementor-element-7e1e32e7 elementor-widget elementor-widget-text-editor\" data-id=\"7e1e32e7\" data-element_type=\"widget\" data-e-type=\"widget\" data-widget_type=\"text-editor.default\">\n\t\t\t\t<div class=\"elementor-widget-container\">\n\t\t\t\t\t\t\t\t\t<blockquote><h5 style=\"color: white;\"><b>DATENSCHUTZRICHTLINIE<\/b><\/h5><\/blockquote><p>Die vorliegende Datenschutzrichtlinie richtet sich an jeden Nutzer der Website &#8222;Ambassade du Cameroun Berlin | Cameroon Embassy Berlin&#8220; (https:\/\/www.ambacam.de -&gt; Deutsch) (im Folgenden als &#8222;Diese Website&#8220; bezeichnet).<br \/>Ihre personenbezogenen Daten werden auf dieser Website von der Botschaft von Kamerun in Berlin gesammelt und verarbeitet.<br \/>Als Verantwortlicher f\u00fcr die Datenverarbeitung verpflichtet sich die Botschaft der Republik Kamerun in Berlin, Ihre Privatsph\u00e4re zu sch\u00fctzen und die verarbeiteten personenbezogenen Daten zu sch\u00fctzen. Die personbezogenen Daten werden:<\/p><p>\u2022 Auf rechtm\u00e4\u00dfige Weise, nach Treu und Glauben und f\u00fcr die betroffene Person transparent erhoben.<br \/>\u2022 F\u00fcr festgelegte, eindeutige und rechtm\u00e4\u00dfige Zwecke gesammelt<br \/>\u2022 Angemessen, relevant und auf das f\u00fcr die Zwecke, f\u00fcr die sie verarbeitet werden, notwendige Ma\u00df beschr\u00e4nkt.<br \/>\u2022 So verarbeitet, dass eine angemessene Sicherheit der personenbezogenen Daten gew\u00e4hrleistet ist.<\/p><p><b>&#8211; Datenschutzrichtlinie und Schutz der Privatsph\u00e4re<\/b><br \/>Gem\u00e4\u00df der Verordnung \u00fcber personenbezogene Daten werden die in dieser Datenschutzrichtlinie bezeichneten Verarbeitungen durch eine spezifische Rechtsgrundlage unterst\u00fctzt.<\/p><p>Die vorliegende Richtlinie informiert Sie \u00fcber die Bedingungen, unter denen die Botschaft der Republik Kamerun in Berlin Ihre personenbezogenen Daten erhebt, verarbeitet, speichert, archiviert und l\u00f6scht. Sie informiert Sie auch \u00fcber die Rechte, die Sie in Bezug auf Ihre Daten verf\u00fcgen.<\/p><p>Die Botschaft von Kamerun in Berlin erhebt personenbezogene Daten \u00fcber Sie, wenn Sie sich freiwillig daf\u00fcr entscheiden, der Botschaft solche Daten zu \u00fcbermitteln.<\/p><p>.<\/p><p><b>&#8211; Welche personenbezogenen Daten verarbeitet und sammelt die Botschaft von Kamerun in Berlin?\u00a0<\/b><\/p><p><b style=\"font-style: inherit; font-variant-ligatures: inherit; font-variant-caps: inherit;\">\u00a0 \u00a0 \u00a0Cookies :<\/b> Beim Besuch dieser Website k\u00f6nnen Cookies auf Ihrem Computer, Mobiltelefon oder Tablet-PC abgelegt werden. Wir verwenden diese Cookies auf dieser Seite, um die Nutzung dieser Seite auszuwerten, sowie um Ihnen Videos, Share-Buttons, Eskalationen von Inhalten sozialer Plattformen und animierte und interaktive Inhalte anzubieten.<br \/>Weitere Informationen zu unserer Cookie-Richtlinie (Art, Dauer, Widerspruchsm\u00f6glichkeiten) finden Sie weiter unten.<\/p><p><b style=\"font-style: inherit; font-variant-ligatures: inherit; font-variant-caps: inherit;\">Protokollierungssystem : <\/b>Die Protokollierung betrifft die Zugriffe der Nutzer unter Einbeziehung ihrer IP-Adresse, des Datums und der Uhrzeit ihrer Anmeldung, des Datums und der Uhrzeit ihrer Abmeldung sowie des Navigationsverlaufs (s\u00e4mtliche Links und Seiten, die der Nutzer aufgerufen hat).<\/p><p><strong>Das Kontaktformular:<\/strong> Die Botschaft der Republik Kamerun in Berlin sammelt personenbezogene Daten \u00fcber Sie, wenn Sie sich freiwillig dazu entscheiden, solche Daten \u00fcber das auf dieser Website online zug\u00e4ngliche Kontaktformular an die Botschaft zu \u00fcbermitteln. In diesem Rahmen erfassen wir automatisch Ihre IP-Adresse. Diese IP-Adresse sowie die pers\u00f6nlichen Informationen, die Sie in Ihrer Nachricht angeben (Name, Vorname, Adresse &#8230;), werden in einer Datenbank gespeichert und sind f\u00fcr die Mitarbeiter der Botschaft zug\u00e4nglich, die f\u00fcr die Bearbeitung der Antworten zust\u00e4ndig sind.<\/p><p><b>\u00a0 \u00a0 \u00a0Newsletter: <\/b>\u00a0Wir sammeln Ihren Namen, Vornamen und Ihre E-Mail-Adresse im Rahmen des Newsletters, der eine Art Abonnement f\u00fcr regelm\u00e4\u00dfige Informationen darstellt, die von der Botschaft der Republik Kamerun in Berlin verschickt werden.<\/p><p><b>\u00a0 \u00a0 \u00a0Aus\u00fcbung von Rechten :<\/b> Identifikationsdaten (Name, Vorname, E-Mail, Telefonnummer, Unternehmen, Funktion, ggf. Kopie des Personalausweises, zum Nachweis der Aus\u00fcbung des Rechts auf Zugang, Berichtigung oder Widerspruch oder zur Erf\u00fcllung einer rechtlichen Verpflichtung).<\/p><p><b>&#8211; Politik in Bezug auf Cookies<\/b><br \/>Beim Surfen auf der vorliegenden Website, werden Cookies auf Ihrem Computer, Handy oder Tablet abgelegt. Wir verwenden diese Cookies auf dieser Website, um die Nutzung dieser Website auszuwerten, sowie um Ihnen Videos, Share-Buttons, Eskalationen von Inhalten aus sozialen Plattformen und animierte und interaktive Inhalte anzubieten.<\/p><p>Im Folgenden k\u00f6nnen Sie sich \u00fcber die Art jedes einzelnen abgelegten Cookies informieren, sie annehmen oder ablehnen. Diese Wahl ist entweder global f\u00fcr die gesamte Website und alle Dienste oder f\u00fcr jeden einzelnen Dienst m\u00f6glich.<\/p><p>Ein Cookie ist eine Textdatei, die beim Besuch einer Website oder beim Betrachten einer Werbung auf Ihrem Computer abgelegt wird. Sie erm\u00f6glicht die Speicherung von Nutzerdaten, um die Navigation zu erleichtern und bestimmte Funktionen zu erm\u00f6glichen. Cookies werden von Ihrem Internetbrowser verwaltet.<\/p><p><b>&#8211; M\u00f6glichkeiten, die Hinterlegung von Cookies zu verhindern<\/b><br \/>Sie k\u00f6nnen sich jederzeit daf\u00fcr entscheiden, alle Cookies zu deaktivieren, auch diejenigen, die f\u00fcr das Funktionieren dieser Website erforderlich sind. Ihre Nutzererfahrung kann jedoch beeintr\u00e4chtigt werden. Wenn Sie nur die Cookies deaktivieren m\u00f6chten, die f\u00fcr das Funktionieren dieser Website nicht unbedingt erforderlich sind, verwenden Sie unser Tool zur Verwaltung von Cookies.<\/p><p><!-- \/wp:paragraph --><\/p>\t\t\t\t\t\t\t\t<\/div>\n\t\t\t\t<\/div>\n\t\t\t\t\t<\/div>\n\t\t<\/div>\n\t\t\t\t\t<\/div>\n\t\t<\/section>\n\t\t\t\t<\/div>\n\t\t","protected":false},"excerpt":{"rendered":"<p>DATENSCHUTZRICHTLINIE Die vorliegende Datenschutzrichtlinie richtet sich an jeden Nutzer der Website &#8222;Ambassade du Cameroun Berlin | Cameroon Embassy Berlin&#8220; (https:\/\/www.ambacam.de<\/p>\n","protected":false},"author":1,"featured_media":0,"parent":0,"menu_order":0,"comment_status":"closed","ping_status":"closed","template":"","meta":{"footnotes":""},"class_list":["post-1273","page","type-page","status-publish","hentry"],"_links":{"self":[{"href":"https:\/\/www.ambacam.de\/de\/wp-json\/wp\/v2\/pages\/1273","targetHints":{"allow":["GET"]}}],"collection":[{"href":"https:\/\/www.ambacam.de\/de\/wp-json\/wp\/v2\/pages"}],"about":[{"href":"https:\/\/www.ambacam.de\/de\/wp-json\/wp\/v2\/types\/page"}],"author":[{"embeddable":true,"href":"https:\/\/www.ambacam.de\/de\/wp-json\/wp\/v2\/users\/1"}],"replies":[{"embeddable":true,"href":"https:\/\/www.ambacam.de\/de\/wp-json\/wp\/v2\/comments?post=1273"}],"version-history":[{"count":28,"href":"https:\/\/www.ambacam.de\/de\/wp-json\/wp\/v2\/pages\/1273\/revisions"}],"predecessor-version":[{"id":1657,"href":"https:\/\/www.ambacam.de\/de\/wp-json\/wp\/v2\/pages\/1273\/revisions\/1657"}],"wp:attachment":[{"href":"https:\/\/www.ambacam.de\/de\/wp-json\/wp\/v2\/media?parent=1273"}],"curies":[{"name":"wp","href":"https:\/\/api.w.org\/{rel}","templated":true}]}}