{"id":1658,"date":"2022-02-16T17:45:30","date_gmt":"2022-02-16T16:45:30","guid":{"rendered":"https:\/\/www.ambacam.de\/de\/lambassadeur-2\/"},"modified":"2022-05-14T18:10:44","modified_gmt":"2022-05-14T16:10:44","slug":"der-botschafter","status":"publish","type":"page","link":"https:\/\/www.ambacam.de\/de\/der-botschafter\/","title":{"rendered":"Der Botschafter"},"content":{"rendered":"\t\t<div data-elementor-type=\"wp-page\" data-elementor-id=\"1658\" class=\"elementor elementor-1658\">\n\t\t\t\t\t\t<section class=\"elementor-section elementor-top-section elementor-element elementor-element-1246ab0a elementor-section-boxed elementor-section-height-default elementor-section-height-default\" data-id=\"1246ab0a\" data-element_type=\"section\" data-e-type=\"section\">\n\t\t\t\t\t\t<div class=\"elementor-container elementor-column-gap-default\">\n\t\t\t\t\t<div class=\"elementor-column elementor-col-100 elementor-top-column elementor-element elementor-element-4aefe848\" data-id=\"4aefe848\" data-element_type=\"column\" data-e-type=\"column\">\n\t\t\t<div class=\"elementor-widget-wrap elementor-element-populated\">\n\t\t\t\t\t\t<div class=\"elementor-element elementor-element-1e066992 elementor-widget elementor-widget-text-editor\" data-id=\"1e066992\" data-element_type=\"widget\" data-e-type=\"widget\" data-widget_type=\"text-editor.default\">\n\t\t\t\t<div class=\"elementor-widget-container\">\n\t\t\t\t\t\t\t\t\t<blockquote>\n<h5 style=\"color: white;\"><b>SEINE EXZELLENZ HERR NDOCKI VICTOR<\/b><\/h5>\n<\/blockquote>\n<p><img decoding=\"async\" src=\"https:\/\/www.ambacam.de\/fr\/wp-content\/uploads\/sites\/4\/2022\/02\/cmd_acb.jpg\" width=\"\u201c800\u201c\" height=\"\u201c600\u201c\"><br>Seine Exzellenz Herr NDOCKI Victor, Au\u00dferordentlicher und Bevollm\u00e4chtigter Botschafter der Republik Kamerun in der Bundesrepublik Deutschland, St\u00e4ndiger Vertreter beim B\u00fcro der Vereinten Nationen in Wien, wurde am 17. Juli 1955 in Bonandam-Njomb\u00e9 geboren.<\/p>\n<p>Er hat einen Bachelor in Privatrecht und Wirtschaftswissenschaften der Universit\u00e4t Yaound\u00e9, einen Brevet d&#8217;Administration und einen Master in \u00d6ffentlicher Verwaltung der \u00c9cole Nationale d\u2019Administration \u2013ENA-, Paris. Er ist derzeit Doktorand an der Universit\u00e4t Yaound\u00e9 II (Soa).<\/p>\n<p>Nach seinem Abschluss als Polizeikommissar an der Nationalen Polizeiakademie in Yaound\u00e9 im Jahr 1982 begann er eine reichhaltige und erfolgreiche Karriere bei der kamerunischen Polizei, sowohl in den zentralen als auch in den regionalen Dienststellen, der D\u00e9l\u00e9gation G\u00e9n\u00e9rale \u00e0 la S\u00fbret\u00e9 Nationale \u2013DGSN-, (Generaldirektion f\u00fcr die Nationale Sicherheit).<\/p>\n<p>In den zentralen Dienststellen bekleidete er die Posten des Abteilungsleiters, des stellvertretenden Direktors und Direktors der Personalabteilung sowie des Direktors f\u00fcr Ausbildungsangelegenheiten.<br>In den Au\u00dfendiensten war er Brigadeleiter bei der Kriminalpolizei der Provinz Littoral in Douala, Leiter der Provinzialabteilung der Nationalen Sicherheit der Nord-Provinz in Garoua, der Ost-Provinz in Bertoua und der West-Provinz in Bafoussam.<\/p>\n<p>2003 wurde er als Beauftragte in das Generalsekretariat der Pr\u00e4sidentschaft der Republik berufen.<\/p><p>Im Jahr 2006 kehrte er zur DGSN zur\u00fcck und bekleidete bis Dezember 2015 den prestigetr\u00e4chtigen Posten des Generalsekret\u00e4rs. Danach begann er eine akademische Karriere an der Universit\u00e4t Yaound\u00e9 II.<\/p><p>Der Staatschef, Seine Exzellenz PAUL BIYA, ernannte am 2. November 2020 einen erfahrenen Mann zum Au\u00dferordentlichen und Bevollm\u00e4chtigten Botschafter der Republik Kamerun in der Bundesrepublik Deutschland.<\/p><p>Botschafter NDOCKI Victor ist Kommissar, verheiratet und Vater von zwei Kindern.<\/p><p>Er ist Inhaber mehrerer Ehrenauszeichnungen, darunter des Grand Officier de l\u2019Ordre National de la Valeur (Gro\u00dfoffizier des Nationalordens).<\/p>\n<p><!-- \/wp:paragraph --><\/p>\t\t\t\t\t\t\t\t<\/div>\n\t\t\t\t<\/div>\n\t\t\t\t\t<\/div>\n\t\t<\/div>\n\t\t\t\t\t<\/div>\n\t\t<\/section>\n\t\t\t\t<\/div>\n\t\t","protected":false},"excerpt":{"rendered":"<p>SEINE EXZELLENZ HERR NDOCKI VICTOR Seine Exzellenz Herr NDOCKI Victor, Au\u00dferordentlicher und Bevollm\u00e4chtigter Botschafter der Republik Kamerun in der Bundesrepublik<\/p>\n","protected":false},"author":1,"featured_media":0,"parent":0,"menu_order":0,"comment_status":"closed","ping_status":"closed","template":"","meta":{"footnotes":""},"class_list":["post-1658","page","type-page","status-publish","hentry"],"_links":{"self":[{"href":"https:\/\/www.ambacam.de\/de\/wp-json\/wp\/v2\/pages\/1658","targetHints":{"allow":["GET"]}}],"collection":[{"href":"https:\/\/www.ambacam.de\/de\/wp-json\/wp\/v2\/pages"}],"about":[{"href":"https:\/\/www.ambacam.de\/de\/wp-json\/wp\/v2\/types\/page"}],"author":[{"embeddable":true,"href":"https:\/\/www.ambacam.de\/de\/wp-json\/wp\/v2\/users\/1"}],"replies":[{"embeddable":true,"href":"https:\/\/www.ambacam.de\/de\/wp-json\/wp\/v2\/comments?post=1658"}],"version-history":[{"count":10,"href":"https:\/\/www.ambacam.de\/de\/wp-json\/wp\/v2\/pages\/1658\/revisions"}],"predecessor-version":[{"id":1668,"href":"https:\/\/www.ambacam.de\/de\/wp-json\/wp\/v2\/pages\/1658\/revisions\/1668"}],"wp:attachment":[{"href":"https:\/\/www.ambacam.de\/de\/wp-json\/wp\/v2\/media?parent=1658"}],"curies":[{"name":"wp","href":"https:\/\/api.w.org\/{rel}","templated":true}]}}