{"id":1670,"date":"2022-05-14T18:16:53","date_gmt":"2022-05-14T16:16:53","guid":{"rendered":"https:\/\/www.ambacam.de\/de\/?page_id=1670"},"modified":"2022-05-14T18:23:40","modified_gmt":"2022-05-14T16:23:40","slug":"investissionscharta","status":"publish","type":"page","link":"https:\/\/www.ambacam.de\/de\/investissionscharta\/","title":{"rendered":"Investissionscharta"},"content":{"rendered":"\t\t<div data-elementor-type=\"wp-page\" data-elementor-id=\"1670\" class=\"elementor elementor-1670\">\n\t\t\t\t\t\t<section class=\"elementor-section elementor-top-section elementor-element elementor-element-38669a70 elementor-section-boxed elementor-section-height-default elementor-section-height-default\" data-id=\"38669a70\" data-element_type=\"section\" data-e-type=\"section\">\n\t\t\t\t\t\t<div class=\"elementor-container elementor-column-gap-default\">\n\t\t\t\t\t<div class=\"elementor-column elementor-col-100 elementor-top-column elementor-element elementor-element-b2a96b5\" data-id=\"b2a96b5\" data-element_type=\"column\" data-e-type=\"column\">\n\t\t\t<div class=\"elementor-widget-wrap elementor-element-populated\">\n\t\t\t\t\t\t<div class=\"elementor-element elementor-element-32d6cde2 elementor-widget elementor-widget-text-editor\" data-id=\"32d6cde2\" data-element_type=\"widget\" data-e-type=\"widget\" data-widget_type=\"text-editor.default\">\n\t\t\t\t<div class=\"elementor-widget-container\">\n\t\t\t\t\t\t\t\t\t<blockquote>\n<h5 style=\"color: white;\"><b>INVESTISSIONSCHARTA<\/b><\/h5>\n<\/blockquote>\n<p>In ihrem Bestreben, durch die F\u00f6rderung von Investitionen und Ersparnissen eine wettbewerbsf\u00e4hige und prosperierende Wirtschaft aufzubauen und die Ziele ihrer wirtschaftlichen und sozialen Ma\u00dfnahmen umzusetzen, hat die Republik Kamerun folgende Leitlinien festgelegt:<br>\u2022 Die Bekr\u00e4ftigung der Marktwirtschaft als bevorzugte Form der Wirtschaftsorganisation;<br>\u2022 Die Bekr\u00e4ftigung der wesentlichen Rolle des Staates bei der F\u00f6rderung der wirtschaftlichen und sozialen Entwicklung;<br>\u2022 Die Anerkennung der Schl\u00fcsselrolle des Unternehmers, des Investors und des Privatunternehmens als entscheidende Faktoren f\u00fcr die Schaffung vom Wohlstand und von Arbeitspl\u00e4tzen, denen nicht nur der gesamte Staatsapparat, sondern auch die gesamte Gesellschaft besondere Aufmerksamkeit widmen sollte;<br>\u2022 Die Verpflichtung zur Wahrung der unternehmerischen Freiheit und der Investitionsfreiheit;<br>\u2022 Die Verpflichtung zur Aufrechterhaltung eines gesunden makro\u00f6konomischen Rahmens;<br>\u2022 Die Verpflichtung, die Flexibilit\u00e4t und Umkehrbarkeit von Entscheidungsprozessen im Sinne der St\u00e4rkung der Wettbewerbsf\u00e4higkeit der Wirtschaft zu gew\u00e4hrleisten;<br>\u2022 Die Kl\u00e4rung der Rolle des Staates und seiner Institutionen im wirtschaftlichen und sozialen Bereich als kollektiver Akteur, der die volle Nutzung der nationalen Ressourcen durch geeignete Ma\u00dfnahmen anstrebt und dabei die St\u00e4rken und Schw\u00e4chen des Marktes, des Privatsektors und der Zivilgesellschaft ber\u00fccksichtigt, unter Ber\u00fccksichtigung der Rechtsstaatlichkeit und der guten Regierungsf\u00fchrung;<br>\u2022 Die Neuausrichtung und St\u00e4rkung der Rolle der Universit\u00e4ten und des nationalen Wesens f\u00fcr wissenschaftliche und technische Forschung als kritischer Faktor f\u00fcr die Umwandlung und Beherrschung der wirtschaftlichen und sozialen Strukturen;<br>\u2022 Die F\u00f6rderung des Unternehmertums als Motor f\u00fcr die Erschlie\u00dfung des kreativen Potenzials Kameruns, als Voraussetzung f\u00fcr die Gr\u00fcndung lebensf\u00e4higer und wettbewerbsf\u00e4higer Unternehmen und als entscheidender Faktor f\u00fcr die nachhaltige L\u00f6sung des Problems der Arbeitslosigkeit und Armut;<br>\u2022 Der Schutz der \u00f6kologischen Umwelt und die rationale Nutzung der nat\u00fcrlichen Ressourcen des Bodens und des Untergrunds im Hinblick auf eine gesunde und nachhaltige Entwicklung;<br>\u2022 Die F\u00f6rderung und aktive Erleichterung von Investitionen und Exporten im Einklang mit der Erschlie\u00dfung des unternehmerischen Potenzials;<br>\u2022 Die Ber\u00fccksichtigung spezifischer oder besonderer Sektoren, die eigene Ma\u00dfnahmen erfordern, unter Ber\u00fccksichtigung der Zw\u00e4nge, die insbesondere mit den Bedingungen f\u00fcr die Nutzung und Erschlie\u00dfung der lokalen nat\u00fcrlichen Ressourcen verbunden sind;<br>\u2022 Die st\u00e4ndige Sorge, einen angemessenen institutionellen und rechtlichen Rahmen zu schaffen, der die Sicherheit von Investitionen, die Unterst\u00fctzung von Investoren und die faire und schnelle Beilegung von Streitigkeiten \u00fcber Investitionen und kommerzielle und industrielle Aktivit\u00e4ten gew\u00e4hrleistet;<br>\u2022 Die Notwendigkeit, \u00fcber ein angemessenes Finanzsystem zu verf\u00fcgen, das eine effiziente Finanzintermediation erm\u00f6glicht und insbesondere eine gute Mobilisierung der Ersparnisse und ihre Ausrichtung auf die produktivsten Aktivit\u00e4ten und auf Investitionen mit hoher Rendite sicherstellt;<br>\u2022 Das Interesse an einem zuverl\u00e4ssigen und effizienten Informationssystem, das die neuen Informations- und Kommunikationstechnologien nutzt;<br>\u2022 Die Verpflichtung, alle notwendigen Ma\u00dfnahmen zu ergreifen, die von den Koordinierungs- und Aufsichtsorganen empfohlen werden, die durch das vorliegende Gesetz \u00fcber die Investitions-Charta in der Republik Kamerun gegr\u00fcndet wurden;<br>\u2022 Die Verpflichtung, eine echte Partnerschaft zwischen dem Staat, dem Privatsektor und der Zivilgesellschaft als Voraussetzung f\u00fcr eine bessere Gesamteffizienz der Wirtschaft zu f\u00f6rdern;<br>\u2022 Die Verabschiedung eines f\u00fcr Investoren attraktiven Steuerrechts, das die Besonderheiten und die Besteuerung von Produktionsanlagen sowie die Anforderungen an die Exportwettbewerbsf\u00e4higkeit ber\u00fccksichtigt.<\/p>\n<p><b>DEFINITION<\/b><br>Ein Investor im Sinne des vorliegenden Gesetzes ist jede nat\u00fcrliche oder juristische Person aus Kamerun oder dem Ausland, die in Kamerun ans\u00e4ssig oder nicht ans\u00e4ssig ist und einen Verm\u00f6genswert zur Aus\u00fcbung ihrer T\u00e4tigkeit in Erwartung einer Rendite erwirbt.<\/p>\n<p>Als Investition im Sinne des vorliegenden Gesetzes gilt insbesondere ein Verm\u00f6genswert, der ein Investor besitzt, n\u00e4mlich:<\/p>\n<ul>\n<li>&nbsp;Ein Unternehmen<\/li>\n<li>&nbsp;Aktien, Kapitalanteile oder andere Beteiligungen am Kapital eines Unternehmens<\/li>\n<li>&nbsp;Anleihen und andere Schuldtitel<\/li>\n<li>Geldforderungen<\/li>\n<li>Geistige Eigentumsrechte<\/li>\n<li>Die Rechte aus mittel- und langfristigen Vertr\u00e4gen, insbesondere Management-, Produktions- und Vermarktungsvertr\u00e4ge.<\/li>\n<li><span style=\"font-size: 16px; color: var( --e-global-color-text );\">Die durch Gesetze und Verordnungen verliehenen Rechte, insbesondere Konzessionen, Lizenzen, Genehmigungen oder Erlaubnisse.<\/span><\/li>\n<\/ul>\n<p>Alle anderen materiellen oder immateriellen, beweglichen oder unbeweglichen G\u00fcter, alle damit verbundenen Eigentumsrechte.<\/p>\n<p><!-- \/wp:paragraph --><\/p>\n<p><\/p>\t\t\t\t\t\t\t\t<\/div>\n\t\t\t\t<\/div>\n\t\t\t\t\t<\/div>\n\t\t<\/div>\n\t\t\t\t\t<\/div>\n\t\t<\/section>\n\t\t\t\t<\/div>\n\t\t","protected":false},"excerpt":{"rendered":"<p>INVESTISSIONSCHARTA In ihrem Bestreben, durch die F\u00f6rderung von Investitionen und Ersparnissen eine wettbewerbsf\u00e4hige und prosperierende Wirtschaft aufzubauen und die Ziele<\/p>\n","protected":false},"author":1,"featured_media":0,"parent":0,"menu_order":0,"comment_status":"closed","ping_status":"closed","template":"","meta":{"footnotes":""},"class_list":["post-1670","page","type-page","status-publish","hentry"],"_links":{"self":[{"href":"https:\/\/www.ambacam.de\/de\/wp-json\/wp\/v2\/pages\/1670","targetHints":{"allow":["GET"]}}],"collection":[{"href":"https:\/\/www.ambacam.de\/de\/wp-json\/wp\/v2\/pages"}],"about":[{"href":"https:\/\/www.ambacam.de\/de\/wp-json\/wp\/v2\/types\/page"}],"author":[{"embeddable":true,"href":"https:\/\/www.ambacam.de\/de\/wp-json\/wp\/v2\/users\/1"}],"replies":[{"embeddable":true,"href":"https:\/\/www.ambacam.de\/de\/wp-json\/wp\/v2\/comments?post=1670"}],"version-history":[{"count":19,"href":"https:\/\/www.ambacam.de\/de\/wp-json\/wp\/v2\/pages\/1670\/revisions"}],"predecessor-version":[{"id":1689,"href":"https:\/\/www.ambacam.de\/de\/wp-json\/wp\/v2\/pages\/1670\/revisions\/1689"}],"wp:attachment":[{"href":"https:\/\/www.ambacam.de\/de\/wp-json\/wp\/v2\/media?parent=1670"}],"curies":[{"name":"wp","href":"https:\/\/api.w.org\/{rel}","templated":true}]}}