{"id":1702,"date":"2022-05-14T19:03:05","date_gmt":"2022-05-14T17:03:05","guid":{"rendered":"https:\/\/www.ambacam.de\/de\/?page_id=1702"},"modified":"2022-05-14T19:14:03","modified_gmt":"2022-05-14T17:14:03","slug":"agentur-zur-foerderung-von-investitionen","status":"publish","type":"page","link":"https:\/\/www.ambacam.de\/de\/agentur-zur-foerderung-von-investitionen\/","title":{"rendered":"Agentur zur F\u00f6rderung von Investitionen"},"content":{"rendered":"\t\t<div data-elementor-type=\"wp-page\" data-elementor-id=\"1702\" class=\"elementor elementor-1702\">\n\t\t\t\t\t\t<section class=\"elementor-section elementor-top-section elementor-element elementor-element-38669a70 elementor-section-boxed elementor-section-height-default elementor-section-height-default\" data-id=\"38669a70\" data-element_type=\"section\" data-e-type=\"section\">\n\t\t\t\t\t\t<div class=\"elementor-container elementor-column-gap-default\">\n\t\t\t\t\t<div class=\"elementor-column elementor-col-100 elementor-top-column elementor-element elementor-element-b2a96b5\" data-id=\"b2a96b5\" data-element_type=\"column\" data-e-type=\"column\">\n\t\t\t<div class=\"elementor-widget-wrap elementor-element-populated\">\n\t\t\t\t\t\t<div class=\"elementor-element elementor-element-32d6cde2 elementor-widget elementor-widget-text-editor\" data-id=\"32d6cde2\" data-element_type=\"widget\" data-e-type=\"widget\" data-widget_type=\"text-editor.default\">\n\t\t\t\t<div class=\"elementor-widget-container\">\n\t\t\t\t\t\t\t\t\t<blockquote>\n<h5 style=\"color: white;\"><b>AGENTUR ZUR F\u00d6RDERUNG VON INVESTITIONEN<br>(Agence de Promotion des Investissements &#8211; A.P.I -)<\/b><\/h5>\n<\/blockquote>\n<p><span style=\"font-family: &quot;Open Sans&quot;, serif; font-size: 16px; color: var( --e-global-color-text );\">Die Agence de Promotion des Investissements, abgek\u00fcrzt &#8211; A.P.I &#8211; ist eine \u00f6ffentliche Verwaltungseinrichtung mit eigener Rechtspers\u00f6nlichkeit und finanzieller Autonomie. Ihr Sitz befindet sich in Douala. Die A.P.I. untersteht der technischen Aufsicht des Ministeriums f\u00fcr F\u00f6rderung von Privatinvestitionen und der Finanzaufsicht des Finanzministeriums.<\/span><\/p>\n<p><b>IHRE AUFGABEN<\/b><br>Aufgabe der A.P.I. ist es, in Verbindung mit anderen betroffenen \u00f6ffentlichen und privaten Verwaltungen und Einrichtungen, einen Beitrag zur Ausarbeitung und Umsetzung der Regierungspolitik im Bereich der Investitionsf\u00f6rderung in Kamerun zu leisten.<br>In dieser Eigenschaft ist die A.P.I. insbesondere daf\u00fcr zust\u00e4ndig:<br><\/p>\n<ul>\n<li>das Image Kameruns im Ausland zu f\u00f6rdern<\/li>\n<li>&nbsp;an der Verbesserung der Rahmenbedingungen f\u00fcr Investitionen in Kamerun mitzuwirken;<\/li>\n<li>Ma\u00dfnahmen vorzuschlagen, die Investoren nach Kamerun locken, sowie Ma\u00dfnahmen, die die Umsetzung der sektoralen Gesetzb\u00fccher verbessern;<\/li>\n<li>eine Projektdatenbank einzurichten, die Investoren zur Verf\u00fcgung steht;<\/li>\n<\/ul>\n<p>IHRE DIENSTLEISTUNGEN<br>Die A.P.I. bietet Investoren au\u00dferdem folgende \u00f6ffentliche Dienstleistungen an:<br><\/p>\n<ul>\n<li>Empfang, Unterst\u00fctzung und Beratung von ausl\u00e4ndischen und inl\u00e4ndischen Investoren in den Phasen des Aufbaus von Investitionsprojekten;<\/li>\n<li>Entgegennahme und Bearbeitung von Antr\u00e4gen auf Zulassung zu einer der in der Investitionscharta vorgesehenen Vorzugsregelungen sowie zur Regelung f\u00fcr strukturierende Projekte, die durch das Allgemeine Steuergesetzbuch eingef\u00fchrt wurde;<\/li>\n<li>Beschaffung von Visa, die f\u00fcr die Durchf\u00fchrung der Investitionsprogramme der zugelassenen Unternehmen und f\u00fcr den Aufenthalt ihres ausl\u00e4ndischen Personals in Kamerun erforderlich sind;<\/li>\n<li>Unterst\u00fctzung der zugelassenen Unternehmen bei den f\u00fcr die Durchf\u00fchrung ihrer Investitionsprogramme erforderlichen Schritten;<\/li>\n<li>Erstellung, in Verbindung mit den zust\u00e4ndigen technischen Diensten, von vereinfachten Verwaltungsverfahren nach Art der T\u00e4tigkeit;<\/li>\n<li>\u00dcberwachung und Kontrolle der Erf\u00fcllung der von den zugelassenen Unternehmen eingegangenen Verpflichtungen.<\/li>\n<\/ul>\n<p><b>KONTAKT:<\/b><br>Tel.: +237 2 22 21 87 12<br>&nbsp; &nbsp; &nbsp; &nbsp; +237 6 99 99 45 85<br>&nbsp; &nbsp; &nbsp; &nbsp; +237 6 73 78 42 78<\/p>\n<p><!-- \/wp:paragraph --><\/p>\t\t\t\t\t\t\t\t<\/div>\n\t\t\t\t<\/div>\n\t\t\t\t\t<\/div>\n\t\t<\/div>\n\t\t\t\t\t<\/div>\n\t\t<\/section>\n\t\t\t\t<\/div>\n\t\t","protected":false},"excerpt":{"rendered":"<p>AGENTUR ZUR F\u00d6RDERUNG VON INVESTITIONEN(Agence de Promotion des Investissements &#8211; A.P.I -) Die Agence de Promotion des Investissements, abgek\u00fcrzt &#8211;<\/p>\n","protected":false},"author":1,"featured_media":0,"parent":0,"menu_order":0,"comment_status":"closed","ping_status":"closed","template":"","meta":{"footnotes":""},"class_list":["post-1702","page","type-page","status-publish","hentry"],"_links":{"self":[{"href":"https:\/\/www.ambacam.de\/de\/wp-json\/wp\/v2\/pages\/1702","targetHints":{"allow":["GET"]}}],"collection":[{"href":"https:\/\/www.ambacam.de\/de\/wp-json\/wp\/v2\/pages"}],"about":[{"href":"https:\/\/www.ambacam.de\/de\/wp-json\/wp\/v2\/types\/page"}],"author":[{"embeddable":true,"href":"https:\/\/www.ambacam.de\/de\/wp-json\/wp\/v2\/users\/1"}],"replies":[{"embeddable":true,"href":"https:\/\/www.ambacam.de\/de\/wp-json\/wp\/v2\/comments?post=1702"}],"version-history":[{"count":19,"href":"https:\/\/www.ambacam.de\/de\/wp-json\/wp\/v2\/pages\/1702\/revisions"}],"predecessor-version":[{"id":1723,"href":"https:\/\/www.ambacam.de\/de\/wp-json\/wp\/v2\/pages\/1702\/revisions\/1723"}],"wp:attachment":[{"href":"https:\/\/www.ambacam.de\/de\/wp-json\/wp\/v2\/media?parent=1702"}],"curies":[{"name":"wp","href":"https:\/\/api.w.org\/{rel}","templated":true}]}}