{"id":1752,"date":"2022-05-20T14:01:28","date_gmt":"2022-05-20T12:01:28","guid":{"rendered":"https:\/\/www.ambacam.de\/de\/?page_id=1752"},"modified":"2022-05-20T14:03:50","modified_gmt":"2022-05-20T12:03:50","slug":"allgemeine-grundsaetze","status":"publish","type":"page","link":"https:\/\/www.ambacam.de\/de\/allgemeine-grundsaetze\/","title":{"rendered":"Allgemeine Grunds\u00e4tze"},"content":{"rendered":"\t\t<div data-elementor-type=\"wp-page\" data-elementor-id=\"1752\" class=\"elementor elementor-1752\">\n\t\t\t\t\t\t<section class=\"elementor-section elementor-top-section elementor-element elementor-element-38669a70 elementor-section-boxed elementor-section-height-default elementor-section-height-default\" data-id=\"38669a70\" data-element_type=\"section\" data-e-type=\"section\">\n\t\t\t\t\t\t<div class=\"elementor-container elementor-column-gap-default\">\n\t\t\t\t\t<div class=\"elementor-column elementor-col-100 elementor-top-column elementor-element elementor-element-b2a96b5\" data-id=\"b2a96b5\" data-element_type=\"column\" data-e-type=\"column\">\n\t\t\t<div class=\"elementor-widget-wrap elementor-element-populated\">\n\t\t\t\t\t\t<div class=\"elementor-element elementor-element-32d6cde2 elementor-widget elementor-widget-text-editor\" data-id=\"32d6cde2\" data-element_type=\"widget\" data-e-type=\"widget\" data-widget_type=\"text-editor.default\">\n\t\t\t\t<div class=\"elementor-widget-container\">\n\t\t\t\t\t\t\t\t\t<blockquote>\n<h5 style=\"color: white;\"><b>ALLGEMEINE GRUNDS\u00c4TZE<\/b><\/h5>\n<\/blockquote>\n<p>Seit den 1990er Jahren hat sich der Privatsektor zum Motor der Wirtschaft in Kamerun entwickelt. Um ihn zu st\u00e4rken, wurden verschiedene Ma\u00dfnahmen ergriffen, darunter die Verabschiedung eines neuen Investitionsgesetzes und die Umsetzung eines umfassenden Programms zur Privatisierung staatlicher Unternehmen.<\/p><p>Seitdem kann jede ausl\u00e4ndische nat\u00fcrliche oder juristische Person, unabh\u00e4ngig von ihrem Wohnort, eine wirtschaftliche T\u00e4tigkeit im Land aufnehmen und aus\u00fcben. Sie kann diese T\u00e4tigkeit einzeln oder in Partnerschaft mit anderen Gesch\u00e4ftspartnern entweder nach dem allgemeinen g\u00fcltigen Recht oder nach einer der Sonderregelungen aus\u00fcben, die durch die geltenden Gesetze und Verordnungen eingef\u00fchrt wurden. In jedem Fall genie\u00dft sie den vollen Schutz des kamerunischen Rechtssystems.<span style=\"font-family: &quot;Open Sans&quot;, serif; font-size: 16px; color: var( --e-global-color-text );\">&nbsp;<\/span><\/p><p>In dieser Eigenschaft werden ausl\u00e4ndische nat\u00fcrliche oder juristische Personen gleichbehandelt wie kamerunische nat\u00fcrliche oder juristische Personen, unter Einhaltung der gesetzlichen Bestimmungen und Vorschriften \u00fcber die Niederlassung von Ausl\u00e4ndern sowie der Bestimmungen der Vertr\u00e4ge und Abkommen, die Kamerun mit den Staaten geschlossen hat, deren Staatsangeh\u00f6rige sie sind.<br>Au\u00dferdem genie\u00dfen sie unter Einhaltung der geltenden Gesetze und Vorschriften die Rechte jeglicher Art in Bezug auf Eigentum, Konzessionen und beh\u00f6rdliche Genehmigungen.<span style=\"font-family: &quot;Open Sans&quot;, serif; font-size: 16px; color: var( --e-global-color-text );\">&nbsp;<\/span><\/p><p>Keine Enteignung, Verstaatlichung oder Beschlagnahmung eines ordnungsgem\u00e4\u00df gegr\u00fcndeten Unternehmens oder seines Verm\u00f6gens darf stattfinden, ohne dass der Staat zuvor das Verfahren zur Erkl\u00e4rung des \u00f6ffentlichen Nutzens eingeleitet hat, das die Enteignung rechtfertigt, bzw. ohne eine vorherige Entrichtung einer gerechten und billigen Entsch\u00e4digung, die auf einer angemessenen Bewertung des Unternehmens oder seines Verm\u00f6gens beruht, das Gegenstand einer solchen Handlung durch einen unabh\u00e4ngigen Dritten ist.<span style=\"font-family: &quot;Open Sans&quot;, serif; font-size: 16px; color: var( --e-global-color-text );\">&nbsp;<\/span><\/p><p>Im gleichen Sinne kann jede nat\u00fcrliche oder juristische Person, die ordnungsgem\u00e4\u00df in Kamerun niedergelassen ist, unter Einhaltung der geltenden Gesetze und Vorschriften alle Vertr\u00e4ge abschlie\u00dfen und durchf\u00fchren, die sie f\u00fcr ihre Interessen als n\u00fctzlich erachtet, insbesondere in finanziellen und kommerziellen Angelegenheiten, bzw. ihre Produktions-, Vertriebs- und Vermarktungspolitik festlegen und generell alle Verwaltungshandlungen vornehmen, die den Regeln und Gepflogenheiten des Handels in Kamerun entsprechen.<span style=\"font-family: &quot;Open Sans&quot;, serif; font-size: 16px; color: var( --e-global-color-text );\">&nbsp;<\/span><\/p><p>Um eine wirtschaftliche T\u00e4tigkeit auszu\u00fcben, genie\u00dft sie die Freiheit der Einstellung und Entlassung, unter Einhaltung der geltenden Sozial- und Arbeitsgesetzgebung. Der Staat garantiert jedem Investor, jeder nat\u00fcrlichen oder juristischen Person, die ordnungsgem\u00e4\u00df niedergelassen ist, ihren Partnern und F\u00fchrungskr\u00e4ften, ihrem ausl\u00e4ndischen Personal, das \u00fcber einen ordnungsgem\u00e4\u00df abgezeichneten Arbeitsvertrag verf\u00fcgt, sowie ihren legalen Familienangeh\u00f6rigen die Einreise, den Aufenthalt, die Freiz\u00fcgigkeit und die Ausreise aus dem Staatsgebiet.<span style=\"font-family: &quot;Open Sans&quot;, serif; font-size: 16px; color: var( --e-global-color-text );\">&nbsp;<\/span><\/p><p>Er stellt allen Betroffenen zu diesem Zweck alle erforderlichen Verwaltungsdokumente aus. Der Staat garantiert auch jeder nat\u00fcrlichen oder juristischen Person, die nicht in Kamerun ans\u00e4ssig ist, das Recht, Eink\u00fcnfte jeder Art aus investiertem Kapital und, im Falle der Einstellung der Gesch\u00e4ftst\u00e4tigkeit, aus dem Erl\u00f6s der Liquidation oder der Ver\u00e4u\u00dferung der Investition frei nach Ausland zu transferieren, sofern sie mit den Steuerbeh\u00f6rden in Einklang steht.<span style=\"font-family: &quot;Open Sans&quot;, serif; font-size: 16px; color: var( --e-global-color-text );\">&nbsp;<\/span><\/p><p>Dar\u00fcber hinaus garantiert der Staat unter Einhaltung der Gesetze und Vorschriften \u00fcber Bank- und Devisengesch\u00e4fte die Freiheit, Gelder, die normalen und laufenden Zahlungen f\u00fcr tats\u00e4chliche Lieferungen und Leistungen entsprechen, insbesondere in Form von Lizenzgeb\u00fchren oder anderen Verg\u00fctungen, au\u00dferhalb des Staatsgebiets zu transferieren.<\/p><p>Jede genehmigte Investition wird unter den Bedingungen von Artikel 15 des von Kamerun ratifizierten Vertrags zur Gr\u00fcndung der Multilateralen Investitions-Garantie-Agentur f\u00fcr nichtkommerzielle Risiken abgesichert.<\/p>\n<p><!-- \/wp:paragraph --><\/p>\t\t\t\t\t\t\t\t<\/div>\n\t\t\t\t<\/div>\n\t\t\t\t\t<\/div>\n\t\t<\/div>\n\t\t\t\t\t<\/div>\n\t\t<\/section>\n\t\t\t\t<\/div>\n\t\t","protected":false},"excerpt":{"rendered":"<p>ALLGEMEINE GRUNDS\u00c4TZE Seit den 1990er Jahren hat sich der Privatsektor zum Motor der Wirtschaft in Kamerun entwickelt. Um ihn zu<\/p>\n","protected":false},"author":1,"featured_media":0,"parent":0,"menu_order":0,"comment_status":"closed","ping_status":"closed","template":"","meta":{"footnotes":""},"class_list":["post-1752","page","type-page","status-publish","hentry"],"_links":{"self":[{"href":"https:\/\/www.ambacam.de\/de\/wp-json\/wp\/v2\/pages\/1752","targetHints":{"allow":["GET"]}}],"collection":[{"href":"https:\/\/www.ambacam.de\/de\/wp-json\/wp\/v2\/pages"}],"about":[{"href":"https:\/\/www.ambacam.de\/de\/wp-json\/wp\/v2\/types\/page"}],"author":[{"embeddable":true,"href":"https:\/\/www.ambacam.de\/de\/wp-json\/wp\/v2\/users\/1"}],"replies":[{"embeddable":true,"href":"https:\/\/www.ambacam.de\/de\/wp-json\/wp\/v2\/comments?post=1752"}],"version-history":[{"count":10,"href":"https:\/\/www.ambacam.de\/de\/wp-json\/wp\/v2\/pages\/1752\/revisions"}],"predecessor-version":[{"id":1762,"href":"https:\/\/www.ambacam.de\/de\/wp-json\/wp\/v2\/pages\/1752\/revisions\/1762"}],"wp:attachment":[{"href":"https:\/\/www.ambacam.de\/de\/wp-json\/wp\/v2\/media?parent=1752"}],"curies":[{"name":"wp","href":"https:\/\/api.w.org\/{rel}","templated":true}]}}