{"id":699,"date":"2021-12-28T18:40:43","date_gmt":"2021-12-28T17:40:43","guid":{"rendered":"https:\/\/www.ambacam.de\/de\/?page_id=699"},"modified":"2025-09-19T14:11:12","modified_gmt":"2025-09-19T12:11:12","slug":"laissez-passer","status":"publish","type":"page","link":"https:\/\/www.ambacam.de\/de\/laissez-passer\/","title":{"rendered":"Laissez-passer"},"content":{"rendered":"\t\t<div data-elementor-type=\"wp-page\" data-elementor-id=\"699\" class=\"elementor elementor-699\">\n\t\t\t\t\t\t<section class=\"elementor-section elementor-top-section elementor-element elementor-element-1226eb5d elementor-section-boxed elementor-section-height-default elementor-section-height-default\" data-id=\"1226eb5d\" data-element_type=\"section\" data-e-type=\"section\">\n\t\t\t\t\t\t<div class=\"elementor-container elementor-column-gap-default\">\n\t\t\t\t\t<div class=\"elementor-column elementor-col-100 elementor-top-column elementor-element elementor-element-310c8810\" data-id=\"310c8810\" data-element_type=\"column\" data-e-type=\"column\">\n\t\t\t<div class=\"elementor-widget-wrap elementor-element-populated\">\n\t\t\t\t\t\t<div class=\"elementor-element elementor-element-2f8b8d4 elementor-widget elementor-widget-text-editor\" data-id=\"2f8b8d4\" data-element_type=\"widget\" data-e-type=\"widget\" data-widget_type=\"text-editor.default\">\n\t\t\t\t<div class=\"elementor-widget-container\">\n\t\t\t\t\t\t\t\t\t<blockquote class=\"wp-block-quote\"><h5 style=\"color: white;\"><b>LAISSEZ-PASSER<\/b><\/h5><\/blockquote><p>Der Laissez-passer oder vorl\u00e4ufige Reiseausweis erm\u00f6glicht kamerunischen Staatangeh\u00f6rigen, ohne g\u00fcltigen Reisepass, nach Kamerun zu reisen oder sich vor\u00fcbergehend in seinem Gastland auszuweisen. Er ersetzt nicht den Reisepass.<\/p><p><b>Folgende Unterlagen sind daf\u00fcr erforderlich:<\/b><\/p><p>Ein an den Botschafter adressierter handschriftlicher Antrag auf Ausstellung eines Laissez-Passer, mit Datum und Unterschrift, <br \/>Eine (1) Kopie des Personalausweises.<br \/>Eine (1) Kopie des Flugtickets mit Angabe des Datums der Reise.<br \/>Eine (1) Kopie eines Nachweises des Wohnsitzes in Deutschland.<br \/>Zwei (2) biometrische Passfotos.<br \/>Geb\u00fchren: 120 \u20ac<br \/>Bearbeitungsdauer: Drei Arbeitstage (72 Stunden)<\/p><p><b>LAISSEZ- PASSER (Minderj\u00e4hrige Kinder)<\/b><\/p><p>Erforderliche Unterlagen:<\/p><p>Ein an den Botschafter adressierter handgeschriebener Brief zur Beantragung eines Laissez-Passer der von dem Elternteil, der die elterliche Sorge innehat, datiert und unterschrieben ist.<br \/>Zwei (2) Passantragsformulare (auf den Namen des Kindes und nicht der Eltern ausf\u00fcllen).<br \/>Zwei (2) biometrische Passfotos<br \/>Eine (1) Kopie der Abschrift der Geburtsurkunde.<br \/>Eine (1) Kopie des Flugtickets mit Angabe des Reisedatums.<br \/>Eine (1) Kopie des Personalausweises des Elternteils, der den Antrag stellt.<br \/>Geb\u00fchren: 120 \u20ac<br \/>Bearbeitungsdauer: Drei Arbeitstage (72 Stunden)<\/p><p><!-- \/wp:paragraph --><\/p>\t\t\t\t\t\t\t\t<\/div>\n\t\t\t\t<\/div>\n\t\t\t\t\t<\/div>\n\t\t<\/div>\n\t\t\t\t\t<\/div>\n\t\t<\/section>\n\t\t\t\t<\/div>\n\t\t","protected":false},"excerpt":{"rendered":"<p>LAISSEZ-PASSER Der Laissez-passer oder vorl\u00e4ufige Reiseausweis erm\u00f6glicht kamerunischen Staatangeh\u00f6rigen, ohne g\u00fcltigen Reisepass, nach Kamerun zu reisen oder sich vor\u00fcbergehend in<\/p>\n","protected":false},"author":1,"featured_media":0,"parent":0,"menu_order":0,"comment_status":"closed","ping_status":"closed","template":"","meta":{"footnotes":""},"class_list":["post-699","page","type-page","status-publish","hentry"],"_links":{"self":[{"href":"https:\/\/www.ambacam.de\/de\/wp-json\/wp\/v2\/pages\/699","targetHints":{"allow":["GET"]}}],"collection":[{"href":"https:\/\/www.ambacam.de\/de\/wp-json\/wp\/v2\/pages"}],"about":[{"href":"https:\/\/www.ambacam.de\/de\/wp-json\/wp\/v2\/types\/page"}],"author":[{"embeddable":true,"href":"https:\/\/www.ambacam.de\/de\/wp-json\/wp\/v2\/users\/1"}],"replies":[{"embeddable":true,"href":"https:\/\/www.ambacam.de\/de\/wp-json\/wp\/v2\/comments?post=699"}],"version-history":[{"count":31,"href":"https:\/\/www.ambacam.de\/de\/wp-json\/wp\/v2\/pages\/699\/revisions"}],"predecessor-version":[{"id":3267,"href":"https:\/\/www.ambacam.de\/de\/wp-json\/wp\/v2\/pages\/699\/revisions\/3267"}],"wp:attachment":[{"href":"https:\/\/www.ambacam.de\/de\/wp-json\/wp\/v2\/media?parent=699"}],"curies":[{"name":"wp","href":"https:\/\/api.w.org\/{rel}","templated":true}]}}