{"id":713,"date":"2021-12-28T18:49:56","date_gmt":"2021-12-28T17:49:56","guid":{"rendered":"https:\/\/www.ambacam.de\/de\/?page_id=713"},"modified":"2023-02-01T16:28:37","modified_gmt":"2023-02-01T15:28:37","slug":"eheschliessung","status":"publish","type":"page","link":"https:\/\/www.ambacam.de\/de\/eheschliessung\/","title":{"rendered":"Eheschlie\u00dfung"},"content":{"rendered":"\t\t<div data-elementor-type=\"wp-page\" data-elementor-id=\"713\" class=\"elementor elementor-713\">\n\t\t\t\t\t\t<section class=\"elementor-section elementor-top-section elementor-element elementor-element-1226eb5d elementor-section-boxed elementor-section-height-default elementor-section-height-default\" data-id=\"1226eb5d\" data-element_type=\"section\" data-e-type=\"section\">\n\t\t\t\t\t\t<div class=\"elementor-container elementor-column-gap-default\">\n\t\t\t\t\t<div class=\"elementor-column elementor-col-100 elementor-top-column elementor-element elementor-element-310c8810\" data-id=\"310c8810\" data-element_type=\"column\" data-e-type=\"column\">\n\t\t\t<div class=\"elementor-widget-wrap elementor-element-populated\">\n\t\t\t\t\t\t<div class=\"elementor-element elementor-element-2f8b8d4 elementor-widget elementor-widget-text-editor\" data-id=\"2f8b8d4\" data-element_type=\"widget\" data-e-type=\"widget\" data-widget_type=\"text-editor.default\">\n\t\t\t\t<div class=\"elementor-widget-container\">\n\t\t\t\t\t\t\t\t\t<blockquote class=\"wp-block-quote\"><h5 style=\"color: white;\"><b>EHESCHLIESSUNG<\/b><\/h5><\/blockquote><p><strong>VER\u00d6FFENTLICHUNG DES EHEVERSPRECHENS \/ DURCHF\u00dcHRUNG<\/strong><\/p><p><b>Eheschlie\u00dfung bei der Botschaft<\/b><\/p><p>F\u00fcr die Ver\u00f6ffentlichung des Eheversprechens m\u00fcssen folgende Unterlagen eingereicht werden:<br \/>1. Ein an den Botschafter adressierter Antrag mit der vollst\u00e4ndigen Adresse und den Telefonnummern der Verlobten.<br \/>2. Die Ledigkeitsbescheinigungen der Verlobten. F\u00fcr KamerunerInnen m\u00fcssen die Unterlagen in Kamerun ausgestellt, und beim Ministerium f\u00fcr Ausw\u00e4rtige Beziehungen beglaubigt werden. Wenn ein Ehepartner nicht aus Kamerun stammt, muss seine Ledigkeitsbescheinigung von der Botschaft seines Heimatlandes beglaubigt werden.<br \/>3. Kopien der Reisep\u00e4sse der AntragstellerInnen.<br \/>4. Kopien der Aufenthaltsgenehmigungen.<br \/>5. Kopien der Geburtsurkunden.<br \/>6. Ausreichend frankierter Umschlag mit Namen und Adresse des Antragstellers.<br \/>7. Geb\u00fchren: 35 Euro<\/p><p><b>Heirat beim deutschen \/ europ\u00e4ischen Standesamt<\/b><\/p><p>F\u00fcr KamerunerInnen<br \/>1. Ein schriftlicher Antrag an den Botschafter (mit telefonischen Kontakten).<br \/>2. Kopie der Ledigkeitsbescheinigung, die in Kamerun ausgestellt und vom Ministerium f\u00fcr Ausw\u00e4rtige Beziehungen beglaubigt wurde. Gegebenenfalls ist eine Kopie des Scheidungsurteils vorzulegen.<br \/>3. Kopie der Geburtsurkunde.<br \/>4. Kopie des Reisepasses.<br \/>5. Kopie des Briefes (oder eines anderen Dokuments) mit der Adresse des Rathauses, in dem die Eheschlie\u00dfung stattfinden soll.<br \/>Wenn der Br\u00e4utigam oder die Braut ausl\u00e4ndischer Herkunft ist (nur Afrika).<br \/>1. Fotokopie seiner\/ihrer Geburtsurkunde<br \/>2. Kopie seines\/ihres nationalen Ausweises. oder seines\/ihres Reisepasses<br \/>3. Ein Nachweis \u00fcber seinen\/ihren Ledigenstatus (Wenn er\/sie geschieden ist, f\u00fcgen Sie auch eine Kopie des Scheidungsurteils bei).<br \/>Nach Eingang der erforderlichen Unterlagen wird die Heiratsanzeige durch Aushang in der Botschaft ver\u00f6ffentlicht und eine Kopie dieser Ver\u00f6ffentlichung wird an das Rathaus des Geburtsortes der kamerunischen Partei und\/oder der Botschaft der ausl\u00e4ndischen Partei geschickt, falls zutreffend. Nach Ablauf einer Frist von einem Monat ab dem Datum der Ver\u00f6ffentlichung der Heiratsanzeige und wenn kein Einspruch gegen die geplante Eheschlie\u00dfung eingelegt wurde, kann die Botschaft die Eheschlie\u00dfung vornehmen oder eine Bescheinigung ausstellen, dass kein Einspruch gegen die Eheschlie\u00dfung eingelegt wurde.<\/p><p>Das Datum der Eheschlie\u00dfung ist mit der Konsularabteilung zu vereinbaren.<br \/>Die Geb\u00fchren f\u00fcr die Eheschlie\u00dfung sind sp\u00e4testens am Tag der Eheschlie\u00dfung zu entrichten.<\/p><p><!-- \/wp:paragraph --><\/p>\t\t\t\t\t\t\t\t<\/div>\n\t\t\t\t<\/div>\n\t\t\t\t<section class=\"elementor-section elementor-inner-section elementor-element elementor-element-d08b8ab elementor-section-boxed elementor-section-height-default elementor-section-height-default\" data-id=\"d08b8ab\" data-element_type=\"section\" data-e-type=\"section\">\n\t\t\t\t\t\t<div class=\"elementor-container elementor-column-gap-default\">\n\t\t\t\t\t<div class=\"elementor-column elementor-col-50 elementor-inner-column elementor-element elementor-element-594a930\" data-id=\"594a930\" data-element_type=\"column\" data-e-type=\"column\">\n\t\t\t<div class=\"elementor-widget-wrap elementor-element-populated\">\n\t\t\t\t\t\t<div class=\"elementor-element elementor-element-ea197ac elementor-widget elementor-widget-text-editor\" data-id=\"ea197ac\" data-element_type=\"widget\" data-e-type=\"widget\" data-widget_type=\"text-editor.default\">\n\t\t\t\t<div class=\"elementor-widget-container\">\n\t\t\t\t\t\t\t\t\t<p>Sie k\u00f6nnen Ihr Formular f\u00fcr die Eheschlie\u00dfung in der Botschaft online ansehen und herunterladen, indem Sie auf das Bild klicken.<\/p><p>Dieses Dokument ist im PDF-Format verf\u00fcgbar.<\/p><p>Es muss heruntergeladen werden und mit Hilfe von\u00a0 Adobe Acrobat Reader\u00a0 ausgef\u00fcllt und ausgedruckt werden.<\/p>\t\t\t\t\t\t\t\t<\/div>\n\t\t\t\t<\/div>\n\t\t\t\t\t<\/div>\n\t\t<\/div>\n\t\t\t\t<div class=\"elementor-column elementor-col-50 elementor-inner-column elementor-element elementor-element-76b7178\" data-id=\"76b7178\" data-element_type=\"column\" data-e-type=\"column\">\n\t\t\t<div class=\"elementor-widget-wrap elementor-element-populated\">\n\t\t\t\t\t\t<div class=\"elementor-element elementor-element-90aa801 elementor-widget elementor-widget-image\" data-id=\"90aa801\" data-element_type=\"widget\" data-e-type=\"widget\" data-widget_type=\"image.default\">\n\t\t\t\t<div class=\"elementor-widget-container\">\n\t\t\t\t\t\t\t\t\t\t\t\t\t\t\t\t<a href=\"https:\/\/www.ambacam.de\/wp-content\/uploads\/2022\/04\/marriage_ambacam_2022.pdf\" target=\"_blank\" rel=\"nofollow\">\n\t\t\t\t\t\t\t<img decoding=\"async\" src=\"https:\/\/www.ambacam.de\/wp-content\/uploads\/2022\/04\/marriage-scaled-e1650797641381.jpg\" title=\"\" alt=\"mariage\" loading=\"lazy\" \/>\t\t\t\t\t\t\t\t<\/a>\n\t\t\t\t\t\t\t\t\t\t\t\t\t\t\t<\/div>\n\t\t\t\t<\/div>\n\t\t\t\t\t<\/div>\n\t\t<\/div>\n\t\t\t\t\t<\/div>\n\t\t<\/section>\n\t\t\t\t\t<\/div>\n\t\t<\/div>\n\t\t\t\t\t<\/div>\n\t\t<\/section>\n\t\t\t\t<\/div>\n\t\t","protected":false},"excerpt":{"rendered":"<p>EHESCHLIESSUNG VER\u00d6FFENTLICHUNG DES EHEVERSPRECHENS \/ DURCHF\u00dcHRUNG Eheschlie\u00dfung bei der Botschaft F\u00fcr die Ver\u00f6ffentlichung des Eheversprechens m\u00fcssen folgende Unterlagen eingereicht werden:1.<\/p>\n","protected":false},"author":1,"featured_media":0,"parent":0,"menu_order":0,"comment_status":"closed","ping_status":"closed","template":"","meta":{"footnotes":""},"class_list":["post-713","page","type-page","status-publish","hentry"],"_links":{"self":[{"href":"https:\/\/www.ambacam.de\/de\/wp-json\/wp\/v2\/pages\/713","targetHints":{"allow":["GET"]}}],"collection":[{"href":"https:\/\/www.ambacam.de\/de\/wp-json\/wp\/v2\/pages"}],"about":[{"href":"https:\/\/www.ambacam.de\/de\/wp-json\/wp\/v2\/types\/page"}],"author":[{"embeddable":true,"href":"https:\/\/www.ambacam.de\/de\/wp-json\/wp\/v2\/users\/1"}],"replies":[{"embeddable":true,"href":"https:\/\/www.ambacam.de\/de\/wp-json\/wp\/v2\/comments?post=713"}],"version-history":[{"count":28,"href":"https:\/\/www.ambacam.de\/de\/wp-json\/wp\/v2\/pages\/713\/revisions"}],"predecessor-version":[{"id":2057,"href":"https:\/\/www.ambacam.de\/de\/wp-json\/wp\/v2\/pages\/713\/revisions\/2057"}],"wp:attachment":[{"href":"https:\/\/www.ambacam.de\/de\/wp-json\/wp\/v2\/media?parent=713"}],"curies":[{"name":"wp","href":"https:\/\/api.w.org\/{rel}","templated":true}]}}