{"id":748,"date":"2021-12-28T19:58:35","date_gmt":"2021-12-28T18:58:35","guid":{"rendered":"https:\/\/www.ambacam.de\/de\/?page_id=748"},"modified":"2022-02-14T14:06:09","modified_gmt":"2022-02-14T13:06:09","slug":"passeport","status":"publish","type":"page","link":"https:\/\/www.ambacam.de\/de\/passeport\/","title":{"rendered":"Passeport"},"content":{"rendered":"\t\t<div data-elementor-type=\"wp-page\" data-elementor-id=\"748\" class=\"elementor elementor-748\">\n\t\t\t\t\t\t<section class=\"elementor-section elementor-top-section elementor-element elementor-element-1226eb5d elementor-section-boxed elementor-section-height-default elementor-section-height-default\" data-id=\"1226eb5d\" data-element_type=\"section\" data-e-type=\"section\">\n\t\t\t\t\t\t<div class=\"elementor-container elementor-column-gap-default\">\n\t\t\t\t\t<div class=\"elementor-column elementor-col-100 elementor-top-column elementor-element elementor-element-310c8810\" data-id=\"310c8810\" data-element_type=\"column\" data-e-type=\"column\">\n\t\t\t<div class=\"elementor-widget-wrap elementor-element-populated\">\n\t\t\t\t\t\t<div class=\"elementor-element elementor-element-2f8b8d4 elementor-widget elementor-widget-text-editor\" data-id=\"2f8b8d4\" data-element_type=\"widget\" data-e-type=\"widget\" data-widget_type=\"text-editor.default\">\n\t\t\t\t<div class=\"elementor-widget-container\">\n\t\t\t\t\t\t\t\t\t<blockquote class=\"wp-block-quote\"><h5 style=\"color: white;\"><b>PASSEPORT<\/b><\/h5><\/blockquote><p>Le 17 juin 2021, le Pr\u00e9sident de la R\u00e9publique, S.E. Paul Biya a sign\u00e9 le d\u00e9cret pr\u00e9sidentiel no. 2021\/ 347 fixant les conditions d\u2019\u00e9tablissement des passeports.<\/p><p>Ce d\u00e9cret \u00e9num\u00e8re les conditions d\u2019\u00e9tablissement, ainsi que les proc\u00e9dures d\u2019obtention des 3 types de passeports biom\u00e9triques: le passeport ordinaire, le passeport de service et le passeport diplomatique.<\/p><p>Il pr\u00e9sente en outre les innovations techniques qui \u00e9quipent ce nouveau document de voyage et qui en font \u00e0 ce jour l\u2019un des plus s\u00e9curis\u00e9 au monde. Ses performances techniques de s\u00e9curit\u00e9 se placent en effet au-del\u00e0 des exigences de l\u2019OACI.<\/p><p>Ce nouveau passeport qui entrera en vigueur le 1er juillet 2021 introduit des innovations concernant les modalit\u00e9s d\u2019inscription. Toute demande de passeport ordinaire sera d\u00e9sormais pr\u00e9c\u00e9d\u00e9e d\u2019un pr\u00e9-enr\u00f4lement en ligne accompagn\u00e9 d\u2019un paiement d\u00e9mat\u00e9rialis\u00e9.<\/p><p>Le d\u00e9cret d\u00e9peint de mani\u00e8re pr\u00e9cise le design du passeport page apr\u00e8s page. Ce passeport d\u2019une grande \u00e9l\u00e9gance reprend dans des peintures pittoresques les diff\u00e9rentes r\u00e9gions du Cameroun dans ses pages de visa.<\/p><p>Grace \u00e0 ce nouveau passeport, le Cameroun s\u2019engage d\u00e9finitivement dans la voie de la modernit\u00e9 et de la fiabilit\u00e9. L\u2019exemple le plus marquant de ce changement est sa fabrication sous 48 heures.<\/p><p>La demande de passeport se fait uniquement en ligne sur le site\u00a0<a style=\"font-size: 16px;\" href=\"https:\/\/www.passcam.cm\" target=\"_blank\" rel=\"noopener\">https:\/\/www.passcam.cm<\/a><\/p><p>\u00a0<\/p><ul><li><b>ETAPE 1: PR\u00c9-ENR\u00d4LEMENT EN LIGNE\u00a0<\/b><\/li><\/ul><div>Tout demandeur d\u00b4un passeport devra proc\u00e9der \u00e0 l&#8217;ouverture de son dossier en ligne.<br \/>Prenez le temps de lire les instructions explicatives en cliquant sur le lien suivant:<\/div><div><b><a href=\"https:\/\/www.passcam.cm\">https:\/\/www.passcam.cm<\/a><\/b><\/div><div><b>\u00a0<\/b><\/div><div><b>\u00a0<\/b><\/div><ul><li><b>ETAPE 2: ENR\u00d4LEMENT PHYSIQUE \u00c0 L\u00b4AMBASSADE<\/b><\/li><\/ul><p>Apr\u00e8s avoir choisi un des rendez-vous disponibles lors du pr\u00e9-enr\u00f4lement, le demandeur devra se pr\u00e9senter <b>CE JOUR <\/b>\u00e0 l\u00b4Ambassade muni de :<\/p><ul><li>la fiche d\u00b4informations,<\/li><li>originaux des pi\u00e8ces justificatives pour la prise des param\u00e8tres et la validation du dossier,<\/li><li>50 Euros de frais consulaires<\/li><\/ul><p><!-- \/wp:paragraph --><\/p><p>\u00a0<\/p>\t\t\t\t\t\t\t\t<\/div>\n\t\t\t\t<\/div>\n\t\t\t\t\t<\/div>\n\t\t<\/div>\n\t\t\t\t\t<\/div>\n\t\t<\/section>\n\t\t\t\t<section class=\"elementor-section elementor-top-section elementor-element elementor-element-b1a59c8 elementor-section-boxed elementor-section-height-default elementor-section-height-default\" data-id=\"b1a59c8\" data-element_type=\"section\" data-e-type=\"section\">\n\t\t\t\t\t\t<div class=\"elementor-container elementor-column-gap-default\">\n\t\t\t\t\t<div class=\"elementor-column elementor-col-100 elementor-top-column elementor-element elementor-element-57c2e9e\" data-id=\"57c2e9e\" data-element_type=\"column\" data-e-type=\"column\">\n\t\t\t<div class=\"elementor-widget-wrap elementor-element-populated\">\n\t\t\t\t\t\t<div class=\"elementor-element elementor-element-43ceb8a elementor-widget elementor-widget-image\" data-id=\"43ceb8a\" data-element_type=\"widget\" data-e-type=\"widget\" data-widget_type=\"image.default\">\n\t\t\t\t<div class=\"elementor-widget-container\">\n\t\t\t\t\t\t\t\t\t\t\t\t\t\t\t<img fetchpriority=\"high\" decoding=\"async\" width=\"716\" height=\"1024\" src=\"https:\/\/www.ambacam.de\/de\/wp-content\/uploads\/sites\/7\/2021\/12\/etape_passeport-716x1024.png\" class=\"attachment-large size-large wp-image-766\" alt=\"\" srcset=\"https:\/\/www.ambacam.de\/de\/wp-content\/uploads\/sites\/7\/2021\/12\/etape_passeport-716x1024.png 716w, https:\/\/www.ambacam.de\/de\/wp-content\/uploads\/sites\/7\/2021\/12\/etape_passeport-210x300.png 210w, https:\/\/www.ambacam.de\/de\/wp-content\/uploads\/sites\/7\/2021\/12\/etape_passeport-768x1098.png 768w, https:\/\/www.ambacam.de\/de\/wp-content\/uploads\/sites\/7\/2021\/12\/etape_passeport-1074x1536.png 1074w, https:\/\/www.ambacam.de\/de\/wp-content\/uploads\/sites\/7\/2021\/12\/etape_passeport.png 1200w\" sizes=\"(max-width: 716px) 100vw, 716px\" \/>\t\t\t\t\t\t\t\t\t\t\t\t\t\t\t<\/div>\n\t\t\t\t<\/div>\n\t\t\t\t\t<\/div>\n\t\t<\/div>\n\t\t\t\t\t<\/div>\n\t\t<\/section>\n\t\t\t\t<\/div>\n\t\t","protected":false},"excerpt":{"rendered":"<p>PASSEPORT Le 17 juin 2021, le Pr\u00e9sident de la R\u00e9publique, S.E. Paul Biya a sign\u00e9 le d\u00e9cret pr\u00e9sidentiel no. 2021\/<\/p>\n","protected":false},"author":1,"featured_media":0,"parent":0,"menu_order":0,"comment_status":"closed","ping_status":"closed","template":"","meta":{"footnotes":""},"class_list":["post-748","page","type-page","status-publish","hentry"],"_links":{"self":[{"href":"https:\/\/www.ambacam.de\/de\/wp-json\/wp\/v2\/pages\/748","targetHints":{"allow":["GET"]}}],"collection":[{"href":"https:\/\/www.ambacam.de\/de\/wp-json\/wp\/v2\/pages"}],"about":[{"href":"https:\/\/www.ambacam.de\/de\/wp-json\/wp\/v2\/types\/page"}],"author":[{"embeddable":true,"href":"https:\/\/www.ambacam.de\/de\/wp-json\/wp\/v2\/users\/1"}],"replies":[{"embeddable":true,"href":"https:\/\/www.ambacam.de\/de\/wp-json\/wp\/v2\/comments?post=748"}],"version-history":[{"count":73,"href":"https:\/\/www.ambacam.de\/de\/wp-json\/wp\/v2\/pages\/748\/revisions"}],"predecessor-version":[{"id":1219,"href":"https:\/\/www.ambacam.de\/de\/wp-json\/wp\/v2\/pages\/748\/revisions\/1219"}],"wp:attachment":[{"href":"https:\/\/www.ambacam.de\/de\/wp-json\/wp\/v2\/media?parent=748"}],"curies":[{"name":"wp","href":"https:\/\/api.w.org\/{rel}","templated":true}]}}