{"id":790,"date":"2021-12-28T22:46:22","date_gmt":"2021-12-28T21:46:22","guid":{"rendered":"https:\/\/www.ambacam.de\/de\/?page_id=790"},"modified":"2022-05-20T13:47:40","modified_gmt":"2022-05-20T11:47:40","slug":"ueber-uns","status":"publish","type":"page","link":"https:\/\/www.ambacam.de\/de\/ueber-uns\/","title":{"rendered":"\u00dcber uns"},"content":{"rendered":"\t\t<div data-elementor-type=\"wp-page\" data-elementor-id=\"790\" class=\"elementor elementor-790\">\n\t\t\t\t\t\t<section class=\"elementor-section elementor-top-section elementor-element elementor-element-1226eb5d elementor-section-boxed elementor-section-height-default elementor-section-height-default\" data-id=\"1226eb5d\" data-element_type=\"section\" data-e-type=\"section\">\n\t\t\t\t\t\t<div class=\"elementor-container elementor-column-gap-default\">\n\t\t\t\t\t<div class=\"elementor-column elementor-col-100 elementor-top-column elementor-element elementor-element-310c8810\" data-id=\"310c8810\" data-element_type=\"column\" data-e-type=\"column\">\n\t\t\t<div class=\"elementor-widget-wrap elementor-element-populated\">\n\t\t\t\t\t\t<div class=\"elementor-element elementor-element-2f8b8d4 elementor-widget elementor-widget-text-editor\" data-id=\"2f8b8d4\" data-element_type=\"widget\" data-e-type=\"widget\" data-widget_type=\"text-editor.default\">\n\t\t\t\t<div class=\"elementor-widget-container\">\n\t\t\t\t\t\t\t\t\t<blockquote class=\"wp-block-quote\">\n<h5 style=\"color: white;\"><b>\u00dcBER UNS<\/b><\/h5>\n<\/blockquote>\n<p>Die Botschaft der Republik Kamerun in Berlin ist die diplomatische Vertretung von Kamerun in der<\/p>\n<ul>\n<li>Bundesrepublik Deutschland<\/li>\n<\/ul>\n<p>und in neun weiteren L\u00e4ndern ihres diplomatischen Zust\u00e4ndigkeitsbereichs, n\u00e4mlich:<\/p>\n<ul>\n<li>\u00d6sterreich<\/li>\n<li>Estland<\/li>\n<li>Lettland<\/li>\n<li>Litauen<\/li>\n<li>Nord Mazedonien<\/li>\n<li>Montenegro<\/li>\n<li>Polen und<\/li>\n<li>Tschechische Republik<\/li>\n<\/ul>\n<p>Sie ist au\u00dferdem die st\u00e4ndige diplomatische Vertretung Kameruns beim B\u00fcro der Vereinten Nationen und anderen internationalen Organisationen in Wien.<\/p>\n<p><b>Anschrift<\/b><br>\nUlmenallee 32<br>\n14050 Berlin<br>\nTel.: +49 30 89 06 809 0<br>\nFax.: +49 30 89 00 57 49<br>\nE-mail: contact(at)ambacam.de<\/p>\n<p><div class=\"everest-forms\"><div class=\"evf-container default\" id=\"evf-475\"><form id=\"evf-form-475\" class=\"everest-form\" data-formid=\"475\" data-ajax_submission=\"1\" data-keyboard_friendly_form=\"0\" data-form_state_type=\"\" method=\"post\" enctype=\"multipart\/form-data\" action=\"\/de\/wp-json\/wp\/v2\/pages\/790\"><div class=\"evf-field-container\"><input type=\"hidden\" id=\"_wpnonce475\" name=\"_wpnonce475\" value=\"6a42242fc9\" \/><input type=\"hidden\" name=\"_wp_http_referer\" value=\"\/de\/wp-json\/wp\/v2\/pages\/790\" \/><div class=\"evf-frontend-row\" data-row=\"row_1\" conditional_rules=\"[]\"><div class=\"evf-frontend-grid evf-grid-2\" data-grid=\"grid_1\"><div id=\"evf-475-field_IpDt7zFz0s-5-container\" class=\"evf-field evf-field-first-name form-row\" data-field-id=\"IpDt7zFz0s-5\"><label class=\"evf-field-label\" for=\"evf-475-field_IpDt7zFz0s-5\"><span class=\"evf-label\">Vorname<\/span> <\/label><input type=\"text\" id=\"evf-475-field_IpDt7zFz0s-5\" class=\"input-text\" name=\"everest_forms[form_fields][IpDt7zFz0s-5]\" ><\/div><\/div><div class=\"evf-frontend-grid evf-grid-2\" data-grid=\"grid_2\"><div id=\"evf-475-field_fullname-container\" class=\"evf-field evf-field-text form-row validate-required\" data-required-field-message=\"Dieses Feld ist erforderlich.\" data-field-id=\"fullname\"><label class=\"evf-field-label\" for=\"evf-475-field_fullname\"><span class=\"evf-label\">Name<\/span> <abbr class=\"required\" title=\"Required\">*<\/abbr><\/label><input type=\"text\" id=\"evf-475-field_fullname\" class=\"input-text\" name=\"everest_forms[form_fields][fullname]\" required><\/div><\/div><\/div><div class=\"evf-frontend-row\" data-row=\"row_2\" conditional_rules=\"[]\"><div class=\"evf-frontend-grid evf-grid-1\" data-grid=\"grid_1\"><div id=\"evf-475-field_tKBHqWfRsz-10-container\" class=\"evf-field evf-field-text form-row validate-required\" data-required-field-message=\"Ihre Telefonnummer ist erforderlich\" data-field-id=\"tKBHqWfRsz-10\"><label class=\"evf-field-label\" for=\"evf-475-field_tKBHqWfRsz-10\"><span class=\"evf-label\">Ihre Telefonnummer<\/span> <abbr class=\"required\" title=\"Required\">*<\/abbr><\/label><input type=\"text\" id=\"evf-475-field_tKBHqWfRsz-10\" class=\"input-text\" name=\"everest_forms[form_fields][tKBHqWfRsz-10]\" required><\/div><div id=\"evf-475-field_email-container\" class=\"evf-field evf-field-email form-row validate-required validate-email\" data-required-field-message=\"Bitte geben Sie eine g\u00fcltige E-Mail-Adresse an.\" data-field-id=\"email\"><label class=\"evf-field-label\" for=\"evf-475-field_email\"><span class=\"evf-label\">Ihre Email Adresse<\/span> <abbr class=\"required\" title=\"Required\">*<\/abbr><\/label><input type=\"email\" id=\"evf-475-field_email\" class=\"input-text\" name=\"everest_forms[form_fields][email]\" required ><\/div><div id=\"evf-475-field_sSHY5iyX8Q-8-container\" class=\"evf-field evf-field-select form-row validate-required\" data-required-field-message=\"Dieses Feld ist erforderlich.\" data-field-id=\"sSHY5iyX8Q-8\"><label class=\"evf-field-label\" for=\"evf-475-field_sSHY5iyX8Q-8\"><span class=\"evf-label\">Themen<\/span> <abbr class=\"required\" title=\"Required\">*<\/abbr><\/label><select id=\"evf-475-field_sSHY5iyX8Q-8\" class=\"input-text evf-field-required\" name=\"everest_forms[form_fields][sSHY5iyX8Q-8]\" required=\"required\" ><option value=\"Visum | Einreiseformalit\u00e4ten f\u00fcr Kamerun\" >Visum | Einreiseformalit\u00e4ten f\u00fcr Kamerun<\/option><option value=\"Konsularabteilung\" >Konsularabteilung<\/option><option value=\"Kulturabteilung\" >Kulturabteilung<\/option><option value=\"Milit\u00e4rische Mission\" >Milit\u00e4rische Mission<\/option><option value=\"Audienz\" >Audienz<\/option><option value=\"Eheschlie\u00dfung\" >Eheschlie\u00dfung<\/option><option value=\"Sonstiges\" >Sonstiges<\/option><\/select><\/div><div id=\"evf-475-field_i4oIfneOB6-9-container\" class=\"evf-field evf-field-radio form-row validate-required\" data-required-field-message=\"Dieses Feld ist erforderlich.\" data-field-id=\"i4oIfneOB6-9\"><label class=\"evf-field-label\" for=\"evf-475-field_i4oIfneOB6-9\"><span class=\"evf-label\">Betreff<\/span> <abbr class=\"required\" title=\"Required\">*<\/abbr><\/label><ul id=\"evf-475-field_i4oIfneOB6-9\" class=\" evf-field-required\"><li class=\"choice-1 depth-1\"><input type=\"radio\" id=\"evf-475-field_i4oIfneOB6-9_1\" class=\"input-text\" name=\"everest_forms[form_fields][i4oIfneOB6-9]\" value=\"Information\" required ><label class=\"everest-forms-field-label-inline\" for=\"evf-475-field_i4oIfneOB6-9_1\">Information<\/label><\/li><li class=\"choice-2 depth-1\"><input type=\"radio\" id=\"evf-475-field_i4oIfneOB6-9_2\" class=\"input-text\" name=\"everest_forms[form_fields][i4oIfneOB6-9]\" value=\"Terminvereinbarung\" required ><label class=\"everest-forms-field-label-inline\" for=\"evf-475-field_i4oIfneOB6-9_2\">Terminvereinbarung<\/label><\/li><li class=\"choice-3 depth-1\"><input type=\"radio\" id=\"evf-475-field_i4oIfneOB6-9_3\" class=\"input-text\" name=\"everest_forms[form_fields][i4oIfneOB6-9]\" value=\"Vorschl\u00e4ge\" required ><label class=\"everest-forms-field-label-inline\" for=\"evf-475-field_i4oIfneOB6-9_3\">Vorschl\u00e4ge<\/label><\/li><li class=\"choice-4 depth-1\"><input type=\"radio\" id=\"evf-475-field_i4oIfneOB6-9_4\" class=\"input-text\" name=\"everest_forms[form_fields][i4oIfneOB6-9]\" value=\"Antrag auf eine Audienz bei Seiner Exzellenz Herrn Botschafter\" required ><label class=\"everest-forms-field-label-inline\" for=\"evf-475-field_i4oIfneOB6-9_4\">Antrag auf eine Audienz bei Seiner Exzellenz Herrn Botschafter<\/label><\/li><\/ul><\/div><div id=\"evf-475-field_message-container\" class=\"evf-field evf-field-textarea form-row validate-required\" data-required-field-message=\"Dieses Feld ist erforderlich.\" data-field-id=\"message\"><label class=\"evf-field-label\" for=\"evf-475-field_message\"><span class=\"evf-label\">Ihre Nachricht<\/span> <abbr class=\"required\" title=\"Required\">*<\/abbr><\/label><textarea id=\"evf-475-field_message\" class=\"input-text\" name=\"everest_forms[form_fields][message]\" required ><\/textarea><\/div><div id=\"evf-475-field_OT9YYwcuHM-6-container\" class=\"evf-field evf-field-checkbox form-row validate-required\" data-required-field-message=\"Ce champ est requis.\" data-field-id=\"OT9YYwcuHM-6\"><ul id=\"evf-475-field_OT9YYwcuHM-6\" class=\" evf-field-required\"><li class=\"choice-1 depth-1\"><input type=\"checkbox\" id=\"evf-475-field_OT9YYwcuHM-6_1\" class=\"input-text\" name=\"everest_forms[form_fields][OT9YYwcuHM-6][]\" value=\"Ich bin damit einverstanden, per E-Mail Informationen von der Botschaft zu erhalten.\" required ><label class=\"everest-forms-field-label-inline\" for=\"evf-475-field_OT9YYwcuHM-6_1\">Ich bin damit einverstanden, per E-Mail Informationen von der Botschaft zu erhalten.<\/label><\/li><\/ul><\/div><\/div><\/div><\/div><div class=\"evf-honeypot-container evf-field-hp\"><label for=\"evf-475-field-hp\" class=\"evf-field-label\">Email<\/label><input type=\"text\" name=\"everest_forms[hp]\" id=\"evf-475-field-hp\" class=\"input-text\"><\/div><div class=\"evf-submit-container \" ><input type=\"hidden\" name=\"everest_forms[id]\" value=\"475\"><input type=\"hidden\" name=\"everest_forms[author]\" value=\"1\"><button type='submit' name='everest_forms[submit]' class='everest-forms-submit-button button evf-submit ' id='evf-submit-475' value='evf-submit' data-process-text=\"Verarbeitet...\" conditional_rules='&quot;&quot;' conditional_id='evf-submit-475'  id=\"evf-submit-475\" aria-live=\"assertive\">Senden<\/button><\/div><\/form><\/div><!-- .evf-container --><\/div><\/p>\n<p><!-- \/wp:paragraph --><\/p>\t\t\t\t\t\t\t\t<\/div>\n\t\t\t\t<\/div>\n\t\t\t\t\t<\/div>\n\t\t<\/div>\n\t\t\t\t\t<\/div>\n\t\t<\/section>\n\t\t\t\t<\/div>\n\t\t","protected":false},"excerpt":{"rendered":"<p>\u00dcBER UNS Die Botschaft der Republik Kamerun in Berlin ist die diplomatische Vertretung von Kamerun in der Bundesrepublik Deutschland und<\/p>\n","protected":false},"author":1,"featured_media":0,"parent":0,"menu_order":0,"comment_status":"closed","ping_status":"closed","template":"","meta":{"footnotes":""},"class_list":["post-790","page","type-page","status-publish","hentry"],"_links":{"self":[{"href":"https:\/\/www.ambacam.de\/de\/wp-json\/wp\/v2\/pages\/790","targetHints":{"allow":["GET"]}}],"collection":[{"href":"https:\/\/www.ambacam.de\/de\/wp-json\/wp\/v2\/pages"}],"about":[{"href":"https:\/\/www.ambacam.de\/de\/wp-json\/wp\/v2\/types\/page"}],"author":[{"embeddable":true,"href":"https:\/\/www.ambacam.de\/de\/wp-json\/wp\/v2\/users\/1"}],"replies":[{"embeddable":true,"href":"https:\/\/www.ambacam.de\/de\/wp-json\/wp\/v2\/comments?post=790"}],"version-history":[{"count":24,"href":"https:\/\/www.ambacam.de\/de\/wp-json\/wp\/v2\/pages\/790\/revisions"}],"predecessor-version":[{"id":1741,"href":"https:\/\/www.ambacam.de\/de\/wp-json\/wp\/v2\/pages\/790\/revisions\/1741"}],"wp:attachment":[{"href":"https:\/\/www.ambacam.de\/de\/wp-json\/wp\/v2\/media?parent=790"}],"curies":[{"name":"wp","href":"https:\/\/api.w.org\/{rel}","templated":true}]}}