{"id":804,"date":"2021-12-28T22:56:25","date_gmt":"2021-12-28T21:56:25","guid":{"rendered":"https:\/\/www.ambacam.de\/de\/?page_id=804"},"modified":"2022-11-01T15:01:25","modified_gmt":"2022-11-01T14:01:25","slug":"militaermission","status":"publish","type":"page","link":"https:\/\/www.ambacam.de\/de\/militaermission\/","title":{"rendered":"Milit\u00e4rmission"},"content":{"rendered":"\t\t<div data-elementor-type=\"wp-page\" data-elementor-id=\"804\" class=\"elementor elementor-804\">\n\t\t\t\t\t\t<section class=\"elementor-section elementor-top-section elementor-element elementor-element-1226eb5d elementor-section-boxed elementor-section-height-default elementor-section-height-default\" data-id=\"1226eb5d\" data-element_type=\"section\" data-e-type=\"section\">\n\t\t\t\t\t\t<div class=\"elementor-container elementor-column-gap-default\">\n\t\t\t\t\t<div class=\"elementor-column elementor-col-100 elementor-top-column elementor-element elementor-element-310c8810\" data-id=\"310c8810\" data-element_type=\"column\" data-e-type=\"column\">\n\t\t\t<div class=\"elementor-widget-wrap elementor-element-populated\">\n\t\t\t\t\t\t<section class=\"elementor-section elementor-inner-section elementor-element elementor-element-166a99e elementor-section-boxed elementor-section-height-default elementor-section-height-default\" data-id=\"166a99e\" data-element_type=\"section\" data-e-type=\"section\">\n\t\t\t\t\t\t<div class=\"elementor-container elementor-column-gap-default\">\n\t\t\t\t\t<div class=\"elementor-column elementor-col-50 elementor-inner-column elementor-element elementor-element-dd9d517\" data-id=\"dd9d517\" data-element_type=\"column\" data-e-type=\"column\">\n\t\t\t<div class=\"elementor-widget-wrap elementor-element-populated\">\n\t\t\t\t\t\t<div class=\"elementor-element elementor-element-2f8b8d4 elementor-widget elementor-widget-text-editor\" data-id=\"2f8b8d4\" data-element_type=\"widget\" data-e-type=\"widget\" data-widget_type=\"text-editor.default\">\n\t\t\t\t<div class=\"elementor-widget-container\">\n\t\t\t\t\t\t\t\t\t<blockquote class=\"wp-block-quote\">\n<h5 style=\"color: white;\"><b>MILIT\u00c4RMISSION<\/b><\/h5>\n<\/blockquote>\n<p>Die Milit\u00e4rmissionen in den diplomatischen Vertretungen der Republik Kamerun wurden durch das Dekret des Pr\u00e4sidenten der Republik Nr. 2012\/149 vom 21. M\u00e4rz 2012 eingerichtet. In Artikel 1 hei\u00dft es: &#8222;Neben dem Akkreditierungsland kann sich der Zust\u00e4ndigkeitsbereich einer Milit\u00e4rmission auch auf mehrere andere L\u00e4nder der betreffenden Subregion erstrecken&#8220;.<\/p>\n<p>Die Milit\u00e4rmission bei den Botschaften Kameruns in Deutschland, den Niederlanden und der Schweiz mit Sitz in Berlin hat ihren Zust\u00e4ndigkeitsbereich in Deutschland, den Niederlanden, der Schweiz, \u00d6sterreich, Mazedonien, Polen, der Tschechischen Republik, Slowenien, Albanien, Kroatien, Ungarn, Rum\u00e4nien, Bulgarien und Serbien (Art. 8).<\/p>\n<p>Die Milit\u00e4rmission wird von einem Offizier geleitet, der per Dekret des Pr\u00e4sidenten der Republik ernannt wird und den Titel Milit\u00e4rberater tr\u00e4gt. (Art.2)<\/p>\n<p>In seinem Zust\u00e4ndigkeitsbereich ist der Verteidigungsattach\u00e9 unter anderem zust\u00e4ndig f\u00fcr :&nbsp;<\/p>\n<p><!-- \/wp:paragraph --><\/p>\t\t\t\t\t\t\t\t<\/div>\n\t\t\t\t<\/div>\n\t\t\t\t\t<\/div>\n\t\t<\/div>\n\t\t\t\t<div class=\"elementor-column elementor-col-50 elementor-inner-column elementor-element elementor-element-f3c5e87\" data-id=\"f3c5e87\" data-element_type=\"column\" data-e-type=\"column\">\n\t\t\t<div class=\"elementor-widget-wrap elementor-element-populated\">\n\t\t\t\t\t\t<div class=\"elementor-element elementor-element-47ec591 elementor-widget elementor-widget-image\" data-id=\"47ec591\" data-element_type=\"widget\" data-e-type=\"widget\" data-widget_type=\"image.default\">\n\t\t\t\t<div class=\"elementor-widget-container\">\n\t\t\t\t\t\t\t\t\t\t\t\t\t\t\t<img decoding=\"async\" src=\"https:\/\/www.ambacam.de\/fr\/wp-content\/uploads\/sites\/4\/2022\/11\/mindef.png\" title=\"\" alt=\"\" loading=\"lazy\" \/>\t\t\t\t\t\t\t\t\t\t\t\t\t\t\t<\/div>\n\t\t\t\t<\/div>\n\t\t\t\t<div class=\"elementor-element elementor-element-d828ebf elementor-widget elementor-widget-text-editor\" data-id=\"d828ebf\" data-element_type=\"widget\" data-e-type=\"widget\" data-widget_type=\"text-editor.default\">\n\t\t\t\t<div class=\"elementor-widget-container\">\n\t\t\t\t\t\t\t\t\t<p>Verteidigungsattach\u00e9: <br \/>Oberst BINDELE Isabelle Sylvie R\u00e9my<br \/>Ulmenallee 32<br \/>14050 Berlin<br \/>T\u00e9l.: + 49 30 89 06 809 XX<br \/>Fax.: + 49 30 89 00 57 49<br \/>E-mail: defence(a)ambacam.de<\/p>\t\t\t\t\t\t\t\t<\/div>\n\t\t\t\t<\/div>\n\t\t\t\t<div class=\"elementor-element elementor-element-42587d8 elementor-widget elementor-widget-text-editor\" data-id=\"42587d8\" data-element_type=\"widget\" data-e-type=\"widget\" data-widget_type=\"text-editor.default\">\n\t\t\t\t<div class=\"elementor-widget-container\">\n\t\t\t\t\t\t\t\t\t<p>Stellvertretender Verteidigungsattach\u00e9: <br \/>Fregattenoberst ESSOMBA Jean Paul<br \/>Ulmenallee 32<br \/>14050 Berlin<br \/>T\u00e9l.: + 49 30 89 06 809 XX<br \/>Fax.: + 49 30 89 00 57 49<br \/>E-mail: defence(a)ambacam.de<\/p>\t\t\t\t\t\t\t\t<\/div>\n\t\t\t\t<\/div>\n\t\t\t\t\t<\/div>\n\t\t<\/div>\n\t\t\t\t\t<\/div>\n\t\t<\/section>\n\t\t\t\t\t<\/div>\n\t\t<\/div>\n\t\t\t\t\t<\/div>\n\t\t<\/section>\n\t\t\t\t<\/div>\n\t\t","protected":false},"excerpt":{"rendered":"<p>MILIT\u00c4RMISSION Die Milit\u00e4rmissionen in den diplomatischen Vertretungen der Republik Kamerun wurden durch das Dekret des Pr\u00e4sidenten der Republik Nr. 2012\/149<\/p>\n","protected":false},"author":1,"featured_media":0,"parent":0,"menu_order":0,"comment_status":"closed","ping_status":"closed","template":"","meta":{"footnotes":""},"class_list":["post-804","page","type-page","status-publish","hentry"],"_links":{"self":[{"href":"https:\/\/www.ambacam.de\/de\/wp-json\/wp\/v2\/pages\/804","targetHints":{"allow":["GET"]}}],"collection":[{"href":"https:\/\/www.ambacam.de\/de\/wp-json\/wp\/v2\/pages"}],"about":[{"href":"https:\/\/www.ambacam.de\/de\/wp-json\/wp\/v2\/types\/page"}],"author":[{"embeddable":true,"href":"https:\/\/www.ambacam.de\/de\/wp-json\/wp\/v2\/users\/1"}],"replies":[{"embeddable":true,"href":"https:\/\/www.ambacam.de\/de\/wp-json\/wp\/v2\/comments?post=804"}],"version-history":[{"count":54,"href":"https:\/\/www.ambacam.de\/de\/wp-json\/wp\/v2\/pages\/804\/revisions"}],"predecessor-version":[{"id":1990,"href":"https:\/\/www.ambacam.de\/de\/wp-json\/wp\/v2\/pages\/804\/revisions\/1990"}],"wp:attachment":[{"href":"https:\/\/www.ambacam.de\/de\/wp-json\/wp\/v2\/media?parent=804"}],"curies":[{"name":"wp","href":"https:\/\/api.w.org\/{rel}","templated":true}]}}