{"id":883,"date":"2021-12-28T23:50:06","date_gmt":"2021-12-28T22:50:06","guid":{"rendered":"https:\/\/www.ambacam.de\/de\/?page_id=883"},"modified":"2023-07-12T17:45:13","modified_gmt":"2023-07-12T15:45:13","slug":"visum-einreiseformalitaeten-in-kamerun","status":"publish","type":"page","link":"https:\/\/www.ambacam.de\/de\/visum-einreiseformalitaeten-in-kamerun\/","title":{"rendered":"Visum | Einreiseformalit\u00e4ten in Kamerun"},"content":{"rendered":"\t\t<div data-elementor-type=\"wp-page\" data-elementor-id=\"883\" class=\"elementor elementor-883\">\n\t\t\t\t\t\t<section class=\"elementor-section elementor-top-section elementor-element elementor-element-1226eb5d elementor-section-boxed elementor-section-height-default elementor-section-height-default\" data-id=\"1226eb5d\" data-element_type=\"section\" data-e-type=\"section\">\n\t\t\t\t\t\t<div class=\"elementor-container elementor-column-gap-default\">\n\t\t\t\t\t<div class=\"elementor-column elementor-col-100 elementor-top-column elementor-element elementor-element-310c8810\" data-id=\"310c8810\" data-element_type=\"column\" data-e-type=\"column\">\n\t\t\t<div class=\"elementor-widget-wrap elementor-element-populated\">\n\t\t\t\t\t\t<div class=\"elementor-element elementor-element-2f8b8d4 elementor-widget elementor-widget-text-editor\" data-id=\"2f8b8d4\" data-element_type=\"widget\" data-e-type=\"widget\" data-widget_type=\"text-editor.default\">\n\t\t\t\t<div class=\"elementor-widget-container\">\n\t\t\t\t\t\t\t\t\t<blockquote class=\"wp-block-quote\"><h5 style=\"color: white;\"><b>VISUM | EINREISEFORMALIT\u00c4TEN F\u00dcR KAMERUN<\/b><\/h5><\/blockquote><p>\u00a0<\/p>\t\t\t\t\t\t\t\t<\/div>\n\t\t\t\t<\/div>\n\t\t\t\t<div class=\"elementor-element elementor-element-8dd1cf8 elementor-widget elementor-widget-heading\" data-id=\"8dd1cf8\" data-element_type=\"widget\" data-e-type=\"widget\" data-widget_type=\"heading.default\">\n\t\t\t\t<div class=\"elementor-widget-container\">\n\t\t\t\t\t<h2 class=\"elementor-heading-title elementor-size-default\">VISUM<\/h2>\t\t\t\t<\/div>\n\t\t\t\t<\/div>\n\t\t\t\t<div class=\"elementor-element elementor-element-c8a657b elementor-widget elementor-widget-text-editor\" data-id=\"c8a657b\" data-element_type=\"widget\" data-e-type=\"widget\" data-widget_type=\"text-editor.default\">\n\t\t\t\t<div class=\"elementor-widget-container\">\n\t\t\t\t\t\t\t\t\t<p>Zusammensetzung der Unterlagen f\u00fcr den Visumantrag:<\/p><ul><li>Ein Reisedokument (Reisepass) mit einer G\u00fcltigkeitsdauer von mindestens sechs (6) Monaten ab dem Datum der Abreise.<\/li><li>Eine (1) beglaubigte Einladung nach Kamerun \/ oder eine Unterkunftsbescheinigung<\/li><li>Eine (1) Fotokopie des Flugtickets oder der Flugreservierung.<\/li><li>Eine (1) Fotokopie des Impfpasses gegen Gelbfieber.<\/li><li>Bei Kindern zus\u00e4tzlich eine Fotokopie der Geburtsurkunde, eine von beiden Elternteilen unterschriebene Einverst\u00e4ndniserkl\u00e4rung und eine Fotokopie der Reisep\u00e4sse oder Personalausweise der Eltern.<\/li><\/ul><p><b>Diese Dokumente (pdf oder jpg) m\u00fcssen in den f\u00fcr Ihren Visumantrag vorgesehenen Bereich auf der evisacam-Website \u00fcbertragen \/ hochgeladen werden.<\/b><\/p><p><strong>F\u00fcr die Beantragung eines Visums f\u00fcr Kamerun.<\/strong><br \/><strong>Bitte klicken Sie <a href=\"https:\/\/evisacam.com\/\" target=\"_blank\" rel=\"noopener\">hier<\/a> oder besuchen Sie die folgende Webseite: <a href=\"https:\/\/evisacam.com\/\" target=\"_blank\" rel=\"noopener\">evisacam.cm<\/a><\/strong><\/p>\t\t\t\t\t\t\t\t<\/div>\n\t\t\t\t<\/div>\n\t\t\t\t<div class=\"elementor-element elementor-element-76fcd50 elementor-widget-divider--view-line elementor-widget elementor-widget-divider\" data-id=\"76fcd50\" data-element_type=\"widget\" data-e-type=\"widget\" data-widget_type=\"divider.default\">\n\t\t\t\t<div class=\"elementor-widget-container\">\n\t\t\t\t\t\t\t<div class=\"elementor-divider\">\n\t\t\t<span class=\"elementor-divider-separator\">\n\t\t\t\t\t\t<\/span>\n\t\t<\/div>\n\t\t\t\t\t\t<\/div>\n\t\t\t\t<\/div>\n\t\t\t\t<div class=\"elementor-element elementor-element-b7a1067 elementor-widget elementor-widget-heading\" data-id=\"b7a1067\" data-element_type=\"widget\" data-e-type=\"widget\" data-widget_type=\"heading.default\">\n\t\t\t\t<div class=\"elementor-widget-container\">\n\t\t\t\t\t<h2 class=\"elementor-heading-title elementor-size-default\">DIPLOMATISCHES ODER DIENSTLICHES VISUM<\/h2>\t\t\t\t<\/div>\n\t\t\t\t<\/div>\n\t\t\t\t<div class=\"elementor-element elementor-element-0d06070 elementor-widget elementor-widget-text-editor\" data-id=\"0d06070\" data-element_type=\"widget\" data-e-type=\"widget\" data-widget_type=\"text-editor.default\">\n\t\t\t\t<div class=\"elementor-widget-container\">\n\t\t\t\t\t\t\t\t\t<p><b>Vorgehensweise f\u00fcr Diplomaten- und Dienstvisa:<\/b><\/p><p>Stellen Sie bei der Botschaft einen Visumantrag, bestehend aus :<\/p><ul><li>Ein (1) Visumantragsformular, das auf der Website der Botschaft heruntergeladen werden kann.<\/li><li>Reisepass des Antragstellers<\/li><li>zwei (2) Passfotos,<\/li><li>Einladung oder Dienstreiseauftrag<\/li><li>Verbalnote zur Beantragung des Visums.<\/li><\/ul><p><b>Die Bearbeitungszeit betr\u00e4gt zwei (02) Wochen.<\/b><\/p>\t\t\t\t\t\t\t\t<\/div>\n\t\t\t\t<\/div>\n\t\t\t\t\t<\/div>\n\t\t<\/div>\n\t\t\t\t\t<\/div>\n\t\t<\/section>\n\t\t\t\t<section class=\"elementor-section elementor-top-section elementor-element elementor-element-44d5938 elementor-section-boxed elementor-section-height-default elementor-section-height-default\" data-id=\"44d5938\" data-element_type=\"section\" data-e-type=\"section\">\n\t\t\t\t\t\t<div class=\"elementor-container elementor-column-gap-default\">\n\t\t\t\t\t<div class=\"elementor-column elementor-col-50 elementor-top-column elementor-element elementor-element-36d1f4f\" data-id=\"36d1f4f\" data-element_type=\"column\" data-e-type=\"column\">\n\t\t\t<div class=\"elementor-widget-wrap elementor-element-populated\">\n\t\t\t\t\t\t<div class=\"elementor-element elementor-element-ada7424 elementor-widget elementor-widget-text-editor\" data-id=\"ada7424\" data-element_type=\"widget\" data-e-type=\"widget\" data-widget_type=\"text-editor.default\">\n\t\t\t\t<div class=\"elementor-widget-container\">\n\t\t\t\t\t\t\t\t\t<p>Sie k\u00f6nnen das Visumsantragsformular ansehen und herunterladen, indem Sie auf das Bild klicken.<\/p><p>Dieses Dokument ist im PDF-Format verf\u00fcgbar.<\/p><p>Es muss heruntergeladen werden und mit Hilfe von\u00a0 Adobe Acrobat Reader\u00a0 ausgef\u00fcllt und ausgedruckt werden.<\/p>\t\t\t\t\t\t\t\t<\/div>\n\t\t\t\t<\/div>\n\t\t\t\t\t<\/div>\n\t\t<\/div>\n\t\t\t\t<div class=\"elementor-column elementor-col-50 elementor-top-column elementor-element elementor-element-5deedb2\" data-id=\"5deedb2\" data-element_type=\"column\" data-e-type=\"column\">\n\t\t\t<div class=\"elementor-widget-wrap elementor-element-populated\">\n\t\t\t\t\t\t<div class=\"elementor-element elementor-element-d6fc19c elementor-widget elementor-widget-image\" data-id=\"d6fc19c\" data-element_type=\"widget\" data-e-type=\"widget\" data-widget_type=\"image.default\">\n\t\t\t\t<div class=\"elementor-widget-container\">\n\t\t\t\t\t\t\t\t\t\t\t\t\t\t\t\t<a href=\"https:\/\/www.ambacam.de\/wp-content\/uploads\/2022\/04\/visa_ambacam_2022.pdf\" target=\"_blank\" rel=\"nofollow\">\n\t\t\t\t\t\t\t<img decoding=\"async\" src=\"https:\/\/www.ambacam.de\/wp-content\/uploads\/2022\/04\/visa-scaled-e1651077558943.jpg\" title=\"\" alt=\"Visa\" loading=\"lazy\" \/>\t\t\t\t\t\t\t\t<\/a>\n\t\t\t\t\t\t\t\t\t\t\t\t\t\t\t<\/div>\n\t\t\t\t<\/div>\n\t\t\t\t\t<\/div>\n\t\t<\/div>\n\t\t\t\t\t<\/div>\n\t\t<\/section>\n\t\t\t\t<\/div>\n\t\t","protected":false},"excerpt":{"rendered":"<p>VISUM | EINREISEFORMALIT\u00c4TEN F\u00dcR KAMERUN \u00a0 VISUM Zusammensetzung der Unterlagen f\u00fcr den Visumantrag: Ein Reisedokument (Reisepass) mit einer G\u00fcltigkeitsdauer von<\/p>\n","protected":false},"author":1,"featured_media":0,"parent":0,"menu_order":0,"comment_status":"closed","ping_status":"closed","template":"","meta":{"footnotes":""},"class_list":["post-883","page","type-page","status-publish","hentry"],"_links":{"self":[{"href":"https:\/\/www.ambacam.de\/de\/wp-json\/wp\/v2\/pages\/883","targetHints":{"allow":["GET"]}}],"collection":[{"href":"https:\/\/www.ambacam.de\/de\/wp-json\/wp\/v2\/pages"}],"about":[{"href":"https:\/\/www.ambacam.de\/de\/wp-json\/wp\/v2\/types\/page"}],"author":[{"embeddable":true,"href":"https:\/\/www.ambacam.de\/de\/wp-json\/wp\/v2\/users\/1"}],"replies":[{"embeddable":true,"href":"https:\/\/www.ambacam.de\/de\/wp-json\/wp\/v2\/comments?post=883"}],"version-history":[{"count":122,"href":"https:\/\/www.ambacam.de\/de\/wp-json\/wp\/v2\/pages\/883\/revisions"}],"predecessor-version":[{"id":2314,"href":"https:\/\/www.ambacam.de\/de\/wp-json\/wp\/v2\/pages\/883\/revisions\/2314"}],"wp:attachment":[{"href":"https:\/\/www.ambacam.de\/de\/wp-json\/wp\/v2\/media?parent=883"}],"curies":[{"name":"wp","href":"https:\/\/api.w.org\/{rel}","templated":true}]}}