{"id":1136,"date":"2022-01-02T16:42:49","date_gmt":"2022-01-02T15:42:49","guid":{"rendered":"https:\/\/www.ambacam.de\/en\/?page_id=1136"},"modified":"2022-06-14T17:25:17","modified_gmt":"2022-06-14T15:25:17","slug":"prepare-your-trip-to-cameroon","status":"publish","type":"page","link":"https:\/\/www.ambacam.de\/en\/prepare-your-trip-to-cameroon\/","title":{"rendered":"Prepare your trip to Cameroon"},"content":{"rendered":"\t\t<div data-elementor-type=\"wp-page\" data-elementor-id=\"1136\" class=\"elementor elementor-1136\">\n\t\t\t\t\t\t<section class=\"elementor-section elementor-top-section elementor-element elementor-element-1226eb5d elementor-section-boxed elementor-section-height-default elementor-section-height-default\" data-id=\"1226eb5d\" data-element_type=\"section\" data-e-type=\"section\">\n\t\t\t\t\t\t<div class=\"elementor-container elementor-column-gap-default\">\n\t\t\t\t\t<div class=\"elementor-column elementor-col-100 elementor-top-column elementor-element elementor-element-310c8810\" data-id=\"310c8810\" data-element_type=\"column\" data-e-type=\"column\">\n\t\t\t<div class=\"elementor-widget-wrap elementor-element-populated\">\n\t\t\t\t\t\t<div class=\"elementor-element elementor-element-2f8b8d4 elementor-widget elementor-widget-text-editor\" data-id=\"2f8b8d4\" data-element_type=\"widget\" data-e-type=\"widget\" data-widget_type=\"text-editor.default\">\n\t\t\t\t<div class=\"elementor-widget-container\">\n\t\t\t\t\t\t\t\t\t<blockquote class=\"wp-block-quote\">\n<h5 style=\"color: white;\"><b>PREPARE YOUR TRIP TO CAMEROON<br><\/b><\/h5>\n<\/blockquote>\n<p>Before departure<br><ul><li>Valid passport (minimum 6 months)<\/li><li>Book your flight<\/li><li>Obtain a visa (to be applied for at a Cameroonian embassy or consulate).<\/li><\/ul><\/p>\n<p><b>There is no visa on arrival.<\/b><\/p><p><b><br><\/b><\/p>\n<p><b>What you need to know:<\/b><\/p>\n<p><!-- \/wp:paragraph --><\/p>\t\t\t\t\t\t\t\t<\/div>\n\t\t\t\t<\/div>\n\t\t\t\t<div class=\"elementor-element elementor-element-49b3bf3 elementor-widget elementor-widget-toggle\" data-id=\"49b3bf3\" data-element_type=\"widget\" data-e-type=\"widget\" data-widget_type=\"toggle.default\">\n\t\t\t\t<div class=\"elementor-widget-container\">\n\t\t\t\t\t\t\t<div class=\"elementor-toggle\">\n\t\t\t\t\t\t\t<div class=\"elementor-toggle-item\">\n\t\t\t\t\t<div id=\"elementor-tab-title-7721\" class=\"elementor-tab-title\" data-tab=\"1\" role=\"button\" aria-controls=\"elementor-tab-content-7721\" aria-expanded=\"false\">\n\t\t\t\t\t\t\t\t\t\t\t\t<span class=\"elementor-toggle-icon elementor-toggle-icon-left\" aria-hidden=\"true\">\n\t\t\t\t\t\t\t\t\t\t\t\t\t\t\t<span class=\"elementor-toggle-icon-closed\"><i class=\"fas fa-caret-right\"><\/i><\/span>\n\t\t\t\t\t\t\t\t<span class=\"elementor-toggle-icon-opened\"><i class=\"elementor-toggle-icon-opened fas fa-caret-up\"><\/i><\/span>\n\t\t\t\t\t\t\t\t\t\t\t\t\t<\/span>\n\t\t\t\t\t\t\t\t\t\t\t\t<a class=\"elementor-toggle-title\" tabindex=\"0\">Country and population<\/a>\n\t\t\t\t\t<\/div>\n\n\t\t\t\t\t<div id=\"elementor-tab-content-7721\" class=\"elementor-tab-content elementor-clearfix\" data-tab=\"1\" role=\"region\" aria-labelledby=\"elementor-tab-title-7721\"><p><b><u>Area and population<\/u><\/b><br>475,442 square kilometres with a population of approximately 25 million.<br>Cameroon is a country of diversity and contrasts. The population is made up of at least 150 ethnic groups with traditions dating back more than a thousand years. Each region of the country also has its own particular folkways and traditional customs, which is reflected in the diversity of crafts, art, architecture and lifestyle. The steppe, forest, coast, savannah and mountains, as well as the rich and varied wildlife, constitute the country&#8217;s biodiversity.<\/p>\n<p><b><u>Languages<\/u><\/b><br>Cameroon is a linguistically rich country with about 250 living languages spoken by the different ethnic groups.<\/p>\n<p><b>The official languages are French and English.<\/b><\/p>\n<p><b><u>Major cities<\/u><\/b><br>Capital: Yaound\u00e9<br>Economic centre: Douala<br>Capitals of the administrative geographic regions: Maroua (Far North), Garoua (North), Ngaound\u00e9r\u00e9 (Adamaoua). Bamenda (North-West), Bafoussam (West), Yaound\u00e9 (Centre), Douala (Littoral), Buea (South-West), Bertoua (East).<\/p>\n<p><\/p><\/div>\n\t\t\t\t<\/div>\n\t\t\t\t\t\t\t<div class=\"elementor-toggle-item\">\n\t\t\t\t\t<div id=\"elementor-tab-title-7722\" class=\"elementor-tab-title\" data-tab=\"2\" role=\"button\" aria-controls=\"elementor-tab-content-7722\" aria-expanded=\"false\">\n\t\t\t\t\t\t\t\t\t\t\t\t<span class=\"elementor-toggle-icon elementor-toggle-icon-left\" aria-hidden=\"true\">\n\t\t\t\t\t\t\t\t\t\t\t\t\t\t\t<span class=\"elementor-toggle-icon-closed\"><i class=\"fas fa-caret-right\"><\/i><\/span>\n\t\t\t\t\t\t\t\t<span class=\"elementor-toggle-icon-opened\"><i class=\"elementor-toggle-icon-opened fas fa-caret-up\"><\/i><\/span>\n\t\t\t\t\t\t\t\t\t\t\t\t\t<\/span>\n\t\t\t\t\t\t\t\t\t\t\t\t<a class=\"elementor-toggle-title\" tabindex=\"0\">Useful information<\/a>\n\t\t\t\t\t<\/div>\n\n\t\t\t\t\t<div id=\"elementor-tab-content-7722\" class=\"elementor-tab-content elementor-clearfix\" data-tab=\"2\" role=\"region\" aria-labelledby=\"elementor-tab-title-7722\"><p><b><u>Official languages<\/u><\/b><br \/>French and English.<\/p><p><b><u>Currency<\/u><\/b><br \/>The national currency is the CFA franc. Cash withdrawals from ATMs are possible in major cities and credit card payments are only possible in large hotels. It is recommended to carry cash in EUR.<\/p><p><b>Official exchange rate: 1 euro = 655.927XAF<\/b><\/p><p><b><u>Time zone<\/u><\/b><br \/>No difference for winter time, one hour behind in summer (reference: Western European time).<\/p><p><b><u>International dialling code<\/u><\/b><br \/>From abroad 00 plus country code: 237<\/p><p><b><u>Electrical current<\/u><\/b><br \/>220 V, European standard plug.<br \/>Bring a power bank in case of a power failure.<br \/>Bring torches at night (especially in the villages).<\/p><p><b><u>Customs formalities<\/u><\/b><br \/>Import licence required for hunting weapons.<br \/>Export of art objects is regulated and, if necessary, must be declared at the airport and a tax paid (from 5000 XAF).\u00a0<\/p><p>\u00a0<\/p><\/div>\n\t\t\t\t<\/div>\n\t\t\t\t\t\t\t<div class=\"elementor-toggle-item\">\n\t\t\t\t\t<div id=\"elementor-tab-title-7723\" class=\"elementor-tab-title\" data-tab=\"3\" role=\"button\" aria-controls=\"elementor-tab-content-7723\" aria-expanded=\"false\">\n\t\t\t\t\t\t\t\t\t\t\t\t<span class=\"elementor-toggle-icon elementor-toggle-icon-left\" aria-hidden=\"true\">\n\t\t\t\t\t\t\t\t\t\t\t\t\t\t\t<span class=\"elementor-toggle-icon-closed\"><i class=\"fas fa-caret-right\"><\/i><\/span>\n\t\t\t\t\t\t\t\t<span class=\"elementor-toggle-icon-opened\"><i class=\"elementor-toggle-icon-opened fas fa-caret-up\"><\/i><\/span>\n\t\t\t\t\t\t\t\t\t\t\t\t\t<\/span>\n\t\t\t\t\t\t\t\t\t\t\t\t<a class=\"elementor-toggle-title\" tabindex=\"0\">Everyday life<\/a>\n\t\t\t\t\t<\/div>\n\n\t\t\t\t\t<div id=\"elementor-tab-content-7723\" class=\"elementor-tab-content elementor-clearfix\" data-tab=\"3\" role=\"region\" aria-labelledby=\"elementor-tab-title-7723\"><p><b><u>Working hours \/ opening hours :<\/u><\/b><br>\nPublic administration: Monday to Friday from 7.30 am to 3.30 pm.<br>\nPublic schools: Monday to Friday from 7.30 am to 3.30 pm<br>\nMarkets: Monday to Sunday from 6:00 to 18:00 (in large cities, each market is closed on a different day of the week).<br>\nSupermarkets: Monday to Saturday from 7am to 8pm (some are open longer and even on Sunday)<\/p>\n<p><b><u>Cost of living<\/u><\/b><br>\n<b>Hotel prices<\/b><br>\n3-star hotels (Cameroonian standard): 25,000F &#8211; 55,000F for a single room<br>\n4-5 star hotels: from 150,000F<br>\nIn small towns, there are also very comfortable hotels of modest standing: from 12,000F per night for a single room.<br>\nThere are also many individuals who offer furnished rentals in secure areas for a few days\/weeks (see Airbnb Cameroon).&nbsp;<\/p><\/div>\n\t\t\t\t<\/div>\n\t\t\t\t\t\t\t<div class=\"elementor-toggle-item\">\n\t\t\t\t\t<div id=\"elementor-tab-title-7724\" class=\"elementor-tab-title\" data-tab=\"4\" role=\"button\" aria-controls=\"elementor-tab-content-7724\" aria-expanded=\"false\">\n\t\t\t\t\t\t\t\t\t\t\t\t<span class=\"elementor-toggle-icon elementor-toggle-icon-left\" aria-hidden=\"true\">\n\t\t\t\t\t\t\t\t\t\t\t\t\t\t\t<span class=\"elementor-toggle-icon-closed\"><i class=\"fas fa-caret-right\"><\/i><\/span>\n\t\t\t\t\t\t\t\t<span class=\"elementor-toggle-icon-opened\"><i class=\"elementor-toggle-icon-opened fas fa-caret-up\"><\/i><\/span>\n\t\t\t\t\t\t\t\t\t\t\t\t\t<\/span>\n\t\t\t\t\t\t\t\t\t\t\t\t<a class=\"elementor-toggle-title\" tabindex=\"0\">Eating and drinking<\/a>\n\t\t\t\t\t<\/div>\n\n\t\t\t\t\t<div id=\"elementor-tab-content-7724\" class=\"elementor-tab-content elementor-clearfix\" data-tab=\"4\" role=\"region\" aria-labelledby=\"elementor-tab-title-7724\"><p><b><u>Cameroonian restaurants or &#8220;circuits&#8221;.<\/u><\/b><br \/>The &#8220;circuits&#8221; are rather modest restaurants, but very communicative. You will eat very well, fresh local food, at reasonable prices and in a friendly atmosphere. You can make interesting contacts and acquaintances who will enrich your stay and inform you about the highlights of their city\/village\/region.<\/p><p><b><u>Bars<\/u><\/b><br \/>Bars are very lively and friendly meeting places, where a lot of social life takes place, especially in the evening. You can often eat small dishes there, but above all you can listen to loud music.<br \/>Price of a bottle of beer (75 cl): 500F to 1200 F<br \/>Price of a soft drink (75 cl): 400-500F to 800F<br \/>Price of a bottle of water (1.5L): 500 to 1000 FCFA<br \/>In hotels and restaurants, the price is higher.<br \/>Tipping is recommended in restaurants and bars.\u00a0\u00a0<\/p><\/div>\n\t\t\t\t<\/div>\n\t\t\t\t\t\t\t<div class=\"elementor-toggle-item\">\n\t\t\t\t\t<div id=\"elementor-tab-title-7725\" class=\"elementor-tab-title\" data-tab=\"5\" role=\"button\" aria-controls=\"elementor-tab-content-7725\" aria-expanded=\"false\">\n\t\t\t\t\t\t\t\t\t\t\t\t<span class=\"elementor-toggle-icon elementor-toggle-icon-left\" aria-hidden=\"true\">\n\t\t\t\t\t\t\t\t\t\t\t\t\t\t\t<span class=\"elementor-toggle-icon-closed\"><i class=\"fas fa-caret-right\"><\/i><\/span>\n\t\t\t\t\t\t\t\t<span class=\"elementor-toggle-icon-opened\"><i class=\"elementor-toggle-icon-opened fas fa-caret-up\"><\/i><\/span>\n\t\t\t\t\t\t\t\t\t\t\t\t\t<\/span>\n\t\t\t\t\t\t\t\t\t\t\t\t<a class=\"elementor-toggle-title\" tabindex=\"0\">Mode of transport<\/a>\n\t\t\t\t\t<\/div>\n\n\t\t\t\t\t<div id=\"elementor-tab-content-7725\" class=\"elementor-tab-content elementor-clearfix\" data-tab=\"5\" role=\"region\" aria-labelledby=\"elementor-tab-title-7725\"><p><b><u>Taxi<\/u><\/b><br \/>The best way to get from one place to another in the city is to take the yellow urban taxi:<br \/>&#8211; One way (often with several passengers): 250F<br \/>&#8211; Trip (one hour single trip, possibly with several stops): 3000-5000F<br \/>&#8211; Drop off (one way from A to B): 2000-3000F (depending on the distance).<br \/>There are no city buses.<\/p><p><b><u>Bus<\/u><\/b><br \/>Several private companies offer connections between major cities or different towns in Cameroon.<\/p><p><b><u>Car rental<\/u><\/b><br \/>There are many agencies that rent various types of cars with or without drivers.<\/p><p><b><u>Train<\/u><\/b><br \/>A CAMRAIL train line connects the major cities of Yaound\u00e9 and Douala and another one connects Yaound\u00e9 and Ngaound\u00e9r\u00e9 in the north.<br \/>Yaound\u00e9-Ngaound\u00e9r\u00e9: 10,000F &#8211; 17,000F<br \/>Douala-Yaound\u00e9: 3000F &#8211; 6000F<\/p><p><b><u>Domestic flights<\/u><\/b><br \/>CAMAIR-CO&#8217;s domestic flights connect cities in the interior of the country.<\/p><\/div>\n\t\t\t\t<\/div>\n\t\t\t\t\t\t\t<div class=\"elementor-toggle-item\">\n\t\t\t\t\t<div id=\"elementor-tab-title-7726\" class=\"elementor-tab-title\" data-tab=\"6\" role=\"button\" aria-controls=\"elementor-tab-content-7726\" aria-expanded=\"false\">\n\t\t\t\t\t\t\t\t\t\t\t\t<span class=\"elementor-toggle-icon elementor-toggle-icon-left\" aria-hidden=\"true\">\n\t\t\t\t\t\t\t\t\t\t\t\t\t\t\t<span class=\"elementor-toggle-icon-closed\"><i class=\"fas fa-caret-right\"><\/i><\/span>\n\t\t\t\t\t\t\t\t<span class=\"elementor-toggle-icon-opened\"><i class=\"elementor-toggle-icon-opened fas fa-caret-up\"><\/i><\/span>\n\t\t\t\t\t\t\t\t\t\t\t\t\t<\/span>\n\t\t\t\t\t\t\t\t\t\t\t\t<a class=\"elementor-toggle-title\" tabindex=\"0\">Climat<\/a>\n\t\t\t\t\t<\/div>\n\n\t\t\t\t\t<div id=\"elementor-tab-content-7726\" class=\"elementor-tab-content elementor-clearfix\" data-tab=\"6\" role=\"region\" aria-labelledby=\"elementor-tab-title-7726\"><p>The climatic conditions are different in the different parts of Cameroon, but the tropical climate predominates.<br \/>The southern third is part of the tropical rainforest belt, the north has a steppe climate with a short rainy season and large temperature variations. In between, there is an area with a savannah climate and a longer rainy season.<br \/>During the rainy season, from March to November, there can be heavy rains, floods and landslides.<br \/>In the south of the country, there is a dry season from November to February, a moderate wet period from March to July and the rainy season from August to the end of September. The average temperature is 26 degrees.<br \/>In the north, the rainy season runs from May to the end of September, but with less rainfall on average per year. The average temperature is 35 degrees.<\/p><\/div>\n\t\t\t\t<\/div>\n\t\t\t\t\t\t\t<div class=\"elementor-toggle-item\">\n\t\t\t\t\t<div id=\"elementor-tab-title-7727\" class=\"elementor-tab-title\" data-tab=\"7\" role=\"button\" aria-controls=\"elementor-tab-content-7727\" aria-expanded=\"false\">\n\t\t\t\t\t\t\t\t\t\t\t\t<span class=\"elementor-toggle-icon elementor-toggle-icon-left\" aria-hidden=\"true\">\n\t\t\t\t\t\t\t\t\t\t\t\t\t\t\t<span class=\"elementor-toggle-icon-closed\"><i class=\"fas fa-caret-right\"><\/i><\/span>\n\t\t\t\t\t\t\t\t<span class=\"elementor-toggle-icon-opened\"><i class=\"elementor-toggle-icon-opened fas fa-caret-up\"><\/i><\/span>\n\t\t\t\t\t\t\t\t\t\t\t\t\t<\/span>\n\t\t\t\t\t\t\t\t\t\t\t\t<a class=\"elementor-toggle-title\" tabindex=\"0\">When to travel?<\/a>\n\t\t\t\t\t<\/div>\n\n\t\t\t\t\t<div id=\"elementor-tab-content-7727\" class=\"elementor-tab-content elementor-clearfix\" data-tab=\"7\" role=\"region\" aria-labelledby=\"elementor-tab-title-7727\"><p>The best time to visit Cameroon is from December to February. It rains less and is the sunniest period. In the geographical south it is hot during the day and the nights are cooler. In the arid north, it is very hot during the day, while at night it can be very cool.<br \/>On the coast the heat can be stifling, with minimum temperatures above 20 degrees and maximums of around 30\u00b0C, tempered by the breeze.<\/p><\/div>\n\t\t\t\t<\/div>\n\t\t\t\t\t\t\t<div class=\"elementor-toggle-item\">\n\t\t\t\t\t<div id=\"elementor-tab-title-7728\" class=\"elementor-tab-title\" data-tab=\"8\" role=\"button\" aria-controls=\"elementor-tab-content-7728\" aria-expanded=\"false\">\n\t\t\t\t\t\t\t\t\t\t\t\t<span class=\"elementor-toggle-icon elementor-toggle-icon-left\" aria-hidden=\"true\">\n\t\t\t\t\t\t\t\t\t\t\t\t\t\t\t<span class=\"elementor-toggle-icon-closed\"><i class=\"fas fa-caret-right\"><\/i><\/span>\n\t\t\t\t\t\t\t\t<span class=\"elementor-toggle-icon-opened\"><i class=\"elementor-toggle-icon-opened fas fa-caret-up\"><\/i><\/span>\n\t\t\t\t\t\t\t\t\t\t\t\t\t<\/span>\n\t\t\t\t\t\t\t\t\t\t\t\t<a class=\"elementor-toggle-title\" tabindex=\"0\">How to dress?<\/a>\n\t\t\t\t\t<\/div>\n\n\t\t\t\t\t<div id=\"elementor-tab-content-7728\" class=\"elementor-tab-content elementor-clearfix\" data-tab=\"8\" role=\"region\" aria-labelledby=\"elementor-tab-title-7728\"><p>Prefer light clothing for the day, loose-fitting and made of natural fibres (cotton or linen), turban against the desert wind, jacket and jumper for the evening, comfortable sandals and a hat to protect you from the sun. On the coast, also bring a light mackintosh and an umbrella.<br>Dress decently when visiting churches and religious places\/sites, entering or leaving public buildings and places where proper dress is required.<\/p>\n<p><b>N.B. :<\/b><br>In Cameroon, people dress both in European and African style, and rather chic and decent. There is a preference for traditional African dress, sewn locally by the many dressmakers in the various districts and markets. Traditional fabrics are better suited to the local climate.<\/p><\/div>\n\t\t\t\t<\/div>\n\t\t\t\t\t\t\t<div class=\"elementor-toggle-item\">\n\t\t\t\t\t<div id=\"elementor-tab-title-7729\" class=\"elementor-tab-title\" data-tab=\"9\" role=\"button\" aria-controls=\"elementor-tab-content-7729\" aria-expanded=\"false\">\n\t\t\t\t\t\t\t\t\t\t\t\t<span class=\"elementor-toggle-icon elementor-toggle-icon-left\" aria-hidden=\"true\">\n\t\t\t\t\t\t\t\t\t\t\t\t\t\t\t<span class=\"elementor-toggle-icon-closed\"><i class=\"fas fa-caret-right\"><\/i><\/span>\n\t\t\t\t\t\t\t\t<span class=\"elementor-toggle-icon-opened\"><i class=\"elementor-toggle-icon-opened fas fa-caret-up\"><\/i><\/span>\n\t\t\t\t\t\t\t\t\t\t\t\t\t<\/span>\n\t\t\t\t\t\t\t\t\t\t\t\t<a class=\"elementor-toggle-title\" tabindex=\"0\">Health requirements<\/a>\n\t\t\t\t\t<\/div>\n\n\t\t\t\t\t<div id=\"elementor-tab-content-7729\" class=\"elementor-tab-content elementor-clearfix\" data-tab=\"9\" role=\"region\" aria-labelledby=\"elementor-tab-title-7729\"><p>Cameroon is in the tropics, where malaria is common. It is advisable to take a malaria prophylaxis before leaving (see Institute of Tropical Medicine or ask your doctor) and to sleep under a mosquito net on site.<br>Any animals you take with you should be vaccinated against rabies.<\/p>\n<p><b><u>Lung infection &#8211; Coronavirus Covid-19 (03\/03\/2022)<\/u><\/b><br>Due to the circulation of the COVID-19 virus and its variants, which remain highly contagious, all entry to and exit from Cameroon is restricted.<br><b>A negative PCR test is required on arrival in the country, including for young children. The sample must be taken within 72 hours before boarding a flight to Cameroon. In addition, an antigenic test is systematically carried out on arrival for all travellers at the airport.<\/b><br>It is recommended to follow the prevention measures of the Ministry of Health and apply the barrier gestures.<br><b>When leaving Cameroon, a PCR test is required at the airport, despite the vaccination against Covid-19. (Cost: 30,000 F)<\/b><br>The tests can be carried out in health centres and approved places as well as in some hospitals.<\/p><\/div>\n\t\t\t\t<\/div>\n\t\t\t\t\t\t\t<div class=\"elementor-toggle-item\">\n\t\t\t\t\t<div id=\"elementor-tab-title-77210\" class=\"elementor-tab-title\" data-tab=\"10\" role=\"button\" aria-controls=\"elementor-tab-content-77210\" aria-expanded=\"false\">\n\t\t\t\t\t\t\t\t\t\t\t\t<span class=\"elementor-toggle-icon elementor-toggle-icon-left\" aria-hidden=\"true\">\n\t\t\t\t\t\t\t\t\t\t\t\t\t\t\t<span class=\"elementor-toggle-icon-closed\"><i class=\"fas fa-caret-right\"><\/i><\/span>\n\t\t\t\t\t\t\t\t<span class=\"elementor-toggle-icon-opened\"><i class=\"elementor-toggle-icon-opened fas fa-caret-up\"><\/i><\/span>\n\t\t\t\t\t\t\t\t\t\t\t\t\t<\/span>\n\t\t\t\t\t\t\t\t\t\t\t\t<a class=\"elementor-toggle-title\" tabindex=\"0\">Security<\/a>\n\t\t\t\t\t<\/div>\n\n\t\t\t\t\t<div id=\"elementor-tab-content-77210\" class=\"elementor-tab-content elementor-clearfix\" data-tab=\"10\" role=\"region\" aria-labelledby=\"elementor-tab-title-77210\"><p><b><u>Taking photographs<\/u><\/b><br>Military security areas such as barracks, some public buildings and airports cannot be photographed; it is best to ask locally.<br>If you wish to photograph people, you must ask them beforehand.<\/p>\n<p><b><u>Among other things, the following offences are punishable:<\/u><\/b><br>&#8211; Wearing military-style clothing<br>&#8211; Homosexual relations<br>&#8211; Drug offences are punishable by several years&#8217; imprisonment. Criminal proceedings can take several years.<\/p><\/div>\n\t\t\t\t<\/div>\n\t\t\t\t\t\t\t<div class=\"elementor-toggle-item\">\n\t\t\t\t\t<div id=\"elementor-tab-title-77211\" class=\"elementor-tab-title\" data-tab=\"11\" role=\"button\" aria-controls=\"elementor-tab-content-77211\" aria-expanded=\"false\">\n\t\t\t\t\t\t\t\t\t\t\t\t<span class=\"elementor-toggle-icon elementor-toggle-icon-left\" aria-hidden=\"true\">\n\t\t\t\t\t\t\t\t\t\t\t\t\t\t\t<span class=\"elementor-toggle-icon-closed\"><i class=\"fas fa-caret-right\"><\/i><\/span>\n\t\t\t\t\t\t\t\t<span class=\"elementor-toggle-icon-opened\"><i class=\"elementor-toggle-icon-opened fas fa-caret-up\"><\/i><\/span>\n\t\t\t\t\t\t\t\t\t\t\t\t\t<\/span>\n\t\t\t\t\t\t\t\t\t\t\t\t<a class=\"elementor-toggle-title\" tabindex=\"0\">Useful contact information<\/a>\n\t\t\t\t\t<\/div>\n\n\t\t\t\t\t<div id=\"elementor-tab-content-77211\" class=\"elementor-tab-content elementor-clearfix\" data-tab=\"11\" role=\"region\" aria-labelledby=\"elementor-tab-title-77211\"><p><b><u>Police services<\/u><\/b><br>&#8211; Police Secours: 17 (or 117 from a mobile phone) in Yaound\u00e9, Douala and Garoua<br>&#8211; Gendarmerie: 13 (or 113 from a mobile phone) in the Centre, Littoral, West and North-West regions<br>&#8211; Security in Douala: +237 2 33 43 65 72 (toll-free number)<br>&#8211; Headquarters of Border Police<br>Tel: +237 2 22 20 11 17 \/ +237 2 22 21 28 84<br>&#8211; Fire brigade: 118<br>&#8211; Toll-free number COVID-19: 1510<br>&#8211; EMS: 119<\/p>\n<p><b><u>Airports<\/u><\/b><br>&#8211; Yaound\u00e9 &#8211; Nsimalen International Airport<br>Tel: +237 2 22 23 36 02 \/ +237 2 22 23 17 44<br>Fax: +237 22 23 45 20<br>&#8211; Douala International Airport<br>Tel: +237 2 33 42 35 26 \/ +237 2 33 42 36 30<\/p><\/div>\n\t\t\t\t<\/div>\n\t\t\t\t\t\t\t\t<\/div>\n\t\t\t\t\t\t<\/div>\n\t\t\t\t<\/div>\n\t\t\t\t\t<\/div>\n\t\t<\/div>\n\t\t\t\t\t<\/div>\n\t\t<\/section>\n\t\t\t\t<\/div>\n\t\t","protected":false},"excerpt":{"rendered":"<p>PREPARE YOUR TRIP TO CAMEROON Before departure Valid passport (minimum 6 months) Book your flight Obtain a visa (to be<\/p>\n","protected":false},"author":1,"featured_media":0,"parent":0,"menu_order":0,"comment_status":"closed","ping_status":"closed","template":"","meta":{"footnotes":""},"class_list":["post-1136","page","type-page","status-publish","hentry"],"_links":{"self":[{"href":"https:\/\/www.ambacam.de\/en\/wp-json\/wp\/v2\/pages\/1136","targetHints":{"allow":["GET"]}}],"collection":[{"href":"https:\/\/www.ambacam.de\/en\/wp-json\/wp\/v2\/pages"}],"about":[{"href":"https:\/\/www.ambacam.de\/en\/wp-json\/wp\/v2\/types\/page"}],"author":[{"embeddable":true,"href":"https:\/\/www.ambacam.de\/en\/wp-json\/wp\/v2\/users\/1"}],"replies":[{"embeddable":true,"href":"https:\/\/www.ambacam.de\/en\/wp-json\/wp\/v2\/comments?post=1136"}],"version-history":[{"count":56,"href":"https:\/\/www.ambacam.de\/en\/wp-json\/wp\/v2\/pages\/1136\/revisions"}],"predecessor-version":[{"id":2580,"href":"https:\/\/www.ambacam.de\/en\/wp-json\/wp\/v2\/pages\/1136\/revisions\/2580"}],"wp:attachment":[{"href":"https:\/\/www.ambacam.de\/en\/wp-json\/wp\/v2\/media?parent=1136"}],"curies":[{"name":"wp","href":"https:\/\/api.w.org\/{rel}","templated":true}]}}