{"id":1094,"date":"2022-01-02T16:31:37","date_gmt":"2022-01-02T15:31:37","guid":{"rendered":"https:\/\/www.ambacam.de\/fr\/?page_id=1094"},"modified":"2022-06-14T17:20:48","modified_gmt":"2022-06-14T15:20:48","slug":"preparez-votre-voyage-au-cameroun","status":"publish","type":"page","link":"https:\/\/www.ambacam.de\/fr\/preparez-votre-voyage-au-cameroun\/","title":{"rendered":"Pr\u00e9parez votre voyage au Cameroun"},"content":{"rendered":"\t\t<div data-elementor-type=\"wp-page\" data-elementor-id=\"1094\" class=\"elementor elementor-1094\">\n\t\t\t\t\t\t<section class=\"elementor-section elementor-top-section elementor-element elementor-element-1226eb5d elementor-section-boxed elementor-section-height-default elementor-section-height-default\" data-id=\"1226eb5d\" data-element_type=\"section\" data-e-type=\"section\">\n\t\t\t\t\t\t<div class=\"elementor-container elementor-column-gap-default\">\n\t\t\t\t\t<div class=\"elementor-column elementor-col-100 elementor-top-column elementor-element elementor-element-310c8810\" data-id=\"310c8810\" data-element_type=\"column\" data-e-type=\"column\">\n\t\t\t<div class=\"elementor-widget-wrap elementor-element-populated\">\n\t\t\t\t\t\t<div class=\"elementor-element elementor-element-2f8b8d4 elementor-widget elementor-widget-text-editor\" data-id=\"2f8b8d4\" data-element_type=\"widget\" data-e-type=\"widget\" data-widget_type=\"text-editor.default\">\n\t\t\t\t<div class=\"elementor-widget-container\">\n\t\t\t\t\t\t\t\t\t<blockquote class=\"wp-block-quote\"><h5 style=\"color: white;\"><b>PR\u00c9PAREZ VOTRE VOYAGE AU CAMEROUN<\/b><\/h5><\/blockquote><div class=\"shortened_end2\"><div class=\"shortened_end2\">Avant le d\u00e9part<\/div><div class=\"shortened_end2\"><ul><li>Passeport en cours de validit\u00e9 (minimum 6 mois)<\/li><li>R\u00e9server le vol<\/li><li>Obtenir un visa (\u00e0 prendre dans une ambassade ou un consulat du Cameroun).<\/li><\/ul><p><b>Il n&rsquo;y a pas de visa \u00e0 l&rsquo;arriv\u00e9e.<\/b><\/p><p>\u00a0<\/p><p style=\"text-align: left;\"><b>Ce que vous devez savoir:<\/b><\/p><\/div><\/div><p><!-- \/wp:paragraph --><\/p>\t\t\t\t\t\t\t\t<\/div>\n\t\t\t\t<\/div>\n\t\t\t\t<div class=\"elementor-element elementor-element-775b36b elementor-widget elementor-widget-toggle\" data-id=\"775b36b\" data-element_type=\"widget\" data-e-type=\"widget\" data-widget_type=\"toggle.default\">\n\t\t\t\t<div class=\"elementor-widget-container\">\n\t\t\t\t\t\t\t<div class=\"elementor-toggle\">\n\t\t\t\t\t\t\t<div class=\"elementor-toggle-item\">\n\t\t\t\t\t<div id=\"elementor-tab-title-1251\" class=\"elementor-tab-title\" data-tab=\"1\" role=\"button\" aria-controls=\"elementor-tab-content-1251\" aria-expanded=\"false\">\n\t\t\t\t\t\t\t\t\t\t\t\t<span class=\"elementor-toggle-icon elementor-toggle-icon-left\" aria-hidden=\"true\">\n\t\t\t\t\t\t\t\t\t\t\t\t\t\t\t<span class=\"elementor-toggle-icon-closed\"><i class=\"fas fa-caret-right\"><\/i><\/span>\n\t\t\t\t\t\t\t\t<span class=\"elementor-toggle-icon-opened\"><i class=\"elementor-toggle-icon-opened fas fa-caret-up\"><\/i><\/span>\n\t\t\t\t\t\t\t\t\t\t\t\t\t<\/span>\n\t\t\t\t\t\t\t\t\t\t\t\t<a class=\"elementor-toggle-title\" tabindex=\"0\">Pays et population<\/a>\n\t\t\t\t\t<\/div>\n\n\t\t\t\t\t<div id=\"elementor-tab-content-1251\" class=\"elementor-tab-content elementor-clearfix\" data-tab=\"1\" role=\"region\" aria-labelledby=\"elementor-tab-title-1251\"><p><b><u>Superficie et population<\/u><\/b><br \/>475 442 kilom\u00e8tres carr\u00e9s avec une population d&rsquo;environ 25 millions d&rsquo;habitants.<br \/>Le Cameroun est un pays de diversit\u00e9 et de contrastes. La population est compos\u00e9e d&rsquo;au moins 150 groupes ethniques qui ont des traditions plus que mill\u00e9naires. Chaque r\u00e9gion du pays poss\u00e8de \u00e9galement des modes populaires particuliers et des coutumes traditionnelles, ce qui se traduit par la diversit\u00e9 de l&rsquo;artisanat, de l&rsquo;art, de l&rsquo;architecture et du mode de vie. La steppe, la for\u00eat, la c\u00f4te, la savane et les montagnes, ainsi que la faune riche et vari\u00e9e, constituent la biodiversit\u00e9 du pays.<\/p><p><b><u>Langues<\/u><\/b><br \/>Le Cameroun est un pays linguistiquement riche avec environ 250 langues vivantes parl\u00e9es par les diff\u00e9rents groupes ethniques \/ ethnies.<\/p><p><b>Les langues officielles sont le fran\u00e7ais et l&rsquo;anglais.<\/b><\/p><p><b><u>Villes importantes<\/u><\/b><br \/>Capitale : Yaound\u00e9<br \/>Centre \u00e9conomique : Douala<br \/>Capitales des r\u00e9gions g\u00e9ographiques administratives : Maroua (Extr\u00eame-Nord), Garoua (Nord), Ngaound\u00e9r\u00e9 (Adamaoua). Bamenda (nord-ouest), Bafoussam (ouest), Yaound\u00e9 (Centre), Douala (Littoral), Buea (Sud-Ouest), Bertoua (Est).<\/p><\/div>\n\t\t\t\t<\/div>\n\t\t\t\t\t\t\t<div class=\"elementor-toggle-item\">\n\t\t\t\t\t<div id=\"elementor-tab-title-1252\" class=\"elementor-tab-title\" data-tab=\"2\" role=\"button\" aria-controls=\"elementor-tab-content-1252\" aria-expanded=\"false\">\n\t\t\t\t\t\t\t\t\t\t\t\t<span class=\"elementor-toggle-icon elementor-toggle-icon-left\" aria-hidden=\"true\">\n\t\t\t\t\t\t\t\t\t\t\t\t\t\t\t<span class=\"elementor-toggle-icon-closed\"><i class=\"fas fa-caret-right\"><\/i><\/span>\n\t\t\t\t\t\t\t\t<span class=\"elementor-toggle-icon-opened\"><i class=\"elementor-toggle-icon-opened fas fa-caret-up\"><\/i><\/span>\n\t\t\t\t\t\t\t\t\t\t\t\t\t<\/span>\n\t\t\t\t\t\t\t\t\t\t\t\t<a class=\"elementor-toggle-title\" tabindex=\"0\">Informations pratiques<\/a>\n\t\t\t\t\t<\/div>\n\n\t\t\t\t\t<div id=\"elementor-tab-content-1252\" class=\"elementor-tab-content elementor-clearfix\" data-tab=\"2\" role=\"region\" aria-labelledby=\"elementor-tab-title-1252\"><p><u><b>Langues officielles<\/b><\/u><br \/>fran\u00e7ais et anglais.<\/p><p><u><b>Monnaie<\/b><\/u><br \/>La monnaie nationale est le franc CFA. Le retrait d&rsquo;argent liquide aux distributeurs automatiques est possible dans les grandes villes et le paiement par carte de cr\u00e9dit n&rsquo;est possible que tr\u00e8s ponctuellement dans les grands h\u00f4tels. Il est recommand\u00e9 d&#8217;emporter des esp\u00e8ces en EUR.<br \/><b><br \/>Taux de change officiel : 1 euro = 655,927XAF<\/b><\/p><p><b><u><br \/>Fuseau horaire<\/u><\/b><br \/>Pas de diff\u00e9rence pour l&rsquo;heure d&rsquo;hiver, une heure en arri\u00e8re en \u00e9t\u00e9 (r\u00e9f\u00e9rence : heure d\u2019Europe occidentale).<\/p><p><b><u>Indicatif international<\/u><\/b><br \/>Depuis l&rsquo;\u00e9tranger 00 plus le code du pays : 237<\/p><p><b><u>Courant \u00e9lectrique<\/u><\/b><br \/>220 V, fiche conforme \u00e0 la norme europ\u00e9enne.<br \/>Pr\u00e9voir un power Bank en cas de panne de courant.<br \/>Pr\u00e9voir des lampes de poche la nuit (surtout dans les villages).<\/p><p><b><u>Formalit\u00e9s douani\u00e8res<\/u><\/b><br \/>Licence d&rsquo;importation n\u00e9cessaire pour les armes de chasse.<br \/>Exportation d&rsquo;objets d&rsquo;art r\u00e9glement\u00e9e et, le cas \u00e9ch\u00e9ant, d\u00e9claration \u00e0 l&rsquo;a\u00e9roport et paiement d&rsquo;une taxe (\u00e0 partir de 5000 XAF).\u00a0<\/p><\/div>\n\t\t\t\t<\/div>\n\t\t\t\t\t\t\t<div class=\"elementor-toggle-item\">\n\t\t\t\t\t<div id=\"elementor-tab-title-1253\" class=\"elementor-tab-title\" data-tab=\"3\" role=\"button\" aria-controls=\"elementor-tab-content-1253\" aria-expanded=\"false\">\n\t\t\t\t\t\t\t\t\t\t\t\t<span class=\"elementor-toggle-icon elementor-toggle-icon-left\" aria-hidden=\"true\">\n\t\t\t\t\t\t\t\t\t\t\t\t\t\t\t<span class=\"elementor-toggle-icon-closed\"><i class=\"fas fa-caret-right\"><\/i><\/span>\n\t\t\t\t\t\t\t\t<span class=\"elementor-toggle-icon-opened\"><i class=\"elementor-toggle-icon-opened fas fa-caret-up\"><\/i><\/span>\n\t\t\t\t\t\t\t\t\t\t\t\t\t<\/span>\n\t\t\t\t\t\t\t\t\t\t\t\t<a class=\"elementor-toggle-title\" tabindex=\"0\">Vie quotidienne<\/a>\n\t\t\t\t\t<\/div>\n\n\t\t\t\t\t<div id=\"elementor-tab-content-1253\" class=\"elementor-tab-content elementor-clearfix\" data-tab=\"3\" role=\"region\" aria-labelledby=\"elementor-tab-title-1253\"><p><b><u>Horaires de travail \/ heures d&rsquo;ouverture : <\/u><\/b><br \/>Administration publique : du lundi au vendredi de 7H30 \u00e0 15H30.<br \/>\u00c9coles publiques : Du lundi au vendredi de 7H30 \u00e0 15H30<br \/>March\u00e9s : du lundi au dimanche de 6H00 \u00e0 18H00 (dans les grandes villes, chaque march\u00e9 est ferm\u00e9 un jour diff\u00e9rent de la semaine).<br \/>Supermarch\u00e9s : du lundi au samedi de 7H00 \u00e0 20H00 (certains sont ouverts plus longtemps et m\u00eame le dimanche)<\/p><p><b><u>Co\u00fbt de la vie<\/u><\/b><br \/><b>Prix des h\u00f4tels<\/b><br \/>H\u00f4tels 3 \u00e9toiles (standard camerounais) : 25.000F &#8211; 55.000F pour une chambre simple<br \/>H\u00f4tels 4-5 \u00e9toiles : \u00e0 partir de 150.000F<br \/>Dans les petites villes, il existe \u00e9galement des h\u00f4tels tr\u00e8s confortables de standing modeste : \u00e0 partir de 12.000F la nuit pour une chambre simple.<br \/>Il existe aussi de nombreux particuliers qui proposent des locations meubl\u00e9es dans des quartiers s\u00e9curis\u00e9s pour quelques jours\/semaines (voir Airbnb Cameroun).<\/p><\/div>\n\t\t\t\t<\/div>\n\t\t\t\t\t\t\t<div class=\"elementor-toggle-item\">\n\t\t\t\t\t<div id=\"elementor-tab-title-1254\" class=\"elementor-tab-title\" data-tab=\"4\" role=\"button\" aria-controls=\"elementor-tab-content-1254\" aria-expanded=\"false\">\n\t\t\t\t\t\t\t\t\t\t\t\t<span class=\"elementor-toggle-icon elementor-toggle-icon-left\" aria-hidden=\"true\">\n\t\t\t\t\t\t\t\t\t\t\t\t\t\t\t<span class=\"elementor-toggle-icon-closed\"><i class=\"fas fa-caret-right\"><\/i><\/span>\n\t\t\t\t\t\t\t\t<span class=\"elementor-toggle-icon-opened\"><i class=\"elementor-toggle-icon-opened fas fa-caret-up\"><\/i><\/span>\n\t\t\t\t\t\t\t\t\t\t\t\t\t<\/span>\n\t\t\t\t\t\t\t\t\t\t\t\t<a class=\"elementor-toggle-title\" tabindex=\"0\">Manger et boire<\/a>\n\t\t\t\t\t<\/div>\n\n\t\t\t\t\t<div id=\"elementor-tab-content-1254\" class=\"elementor-tab-content elementor-clearfix\" data-tab=\"4\" role=\"region\" aria-labelledby=\"elementor-tab-title-1254\"><p><b><u>Restaurants camerounais ou \u00ab\u00a0circuits\u00a0\u00bb.<\/u><\/b><br \/>Les \u00ab\u00a0circuits\u00a0\u00bb sont des restaurants assez modestes, mais tr\u00e8s communicatifs. Vous y mangerez tr\u00e8s bien, des plats locaux frais, \u00e0 des prix raisonnables et dans une ambiance conviviale. Vous pouvez nouer des contacts int\u00e9ressants et faire des connaissances qui enrichiront votre s\u00e9jour et vous informeront sur les points forts de leur ville\/village\/r\u00e9gion.<\/p><p><b><u>Bars<\/u><\/b><br \/>Les bars sont des lieux de rencontre tr\u00e8s anim\u00e9s et conviviaux, o\u00f9 se d\u00e9roule une partie de la vie sociale, surtout le soir. On peut souvent y manger des petits plats mais surtout \u00e9couter de la musique \u00e0 fond.<br \/>Prix d&rsquo;une bouteille de bi\u00e8re (75 cl) : 500F \u00e0 1200 F<br \/>Prix d&rsquo;une boisson non alcoolis\u00e9e (75 cl) : 400-500F \u00e0 800F<br \/>Prix d&rsquo;une bouteille d&rsquo;eau (1,5L) : 500 \u00e0 1000 FCFA<br \/>Dans les h\u00f4tels et les restaurants, le prix est plus \u00e9lev\u00e9.<br \/>Les pourboires sont recommand\u00e9s dans les restaurants et les bars.\u00a0<\/p><\/div>\n\t\t\t\t<\/div>\n\t\t\t\t\t\t\t<div class=\"elementor-toggle-item\">\n\t\t\t\t\t<div id=\"elementor-tab-title-1255\" class=\"elementor-tab-title\" data-tab=\"5\" role=\"button\" aria-controls=\"elementor-tab-content-1255\" aria-expanded=\"false\">\n\t\t\t\t\t\t\t\t\t\t\t\t<span class=\"elementor-toggle-icon elementor-toggle-icon-left\" aria-hidden=\"true\">\n\t\t\t\t\t\t\t\t\t\t\t\t\t\t\t<span class=\"elementor-toggle-icon-closed\"><i class=\"fas fa-caret-right\"><\/i><\/span>\n\t\t\t\t\t\t\t\t<span class=\"elementor-toggle-icon-opened\"><i class=\"elementor-toggle-icon-opened fas fa-caret-up\"><\/i><\/span>\n\t\t\t\t\t\t\t\t\t\t\t\t\t<\/span>\n\t\t\t\t\t\t\t\t\t\t\t\t<a class=\"elementor-toggle-title\" tabindex=\"0\">Moyens de transport<\/a>\n\t\t\t\t\t<\/div>\n\n\t\t\t\t\t<div id=\"elementor-tab-content-1255\" class=\"elementor-tab-content elementor-clearfix\" data-tab=\"5\" role=\"region\" aria-labelledby=\"elementor-tab-title-1255\"><p><b><u>Taxi<\/u><\/b><br \/>Le meilleur moyen de se rendre d&rsquo;un endroit \u00e0 l&rsquo;autre dans la ville est de prendre le taxi urbain jaune :<br \/>&#8211; Aller simple (souvent avec plusieurs passagers) : 250F<br \/>&#8211; Course (une heure de trajet seul, \u00e9ventuellement avec plusieurs arr\u00eats) : 3000-5000F<br \/>&#8211; D\u00e9p\u00f4t (trajet simple seul de A \u00e0 B):2000-3000 F (selon la distance).<br \/>Il n&rsquo;y a pas de bus urbains.<\/p><p><b><u>Autocar<\/u><\/b><br \/>Plusieurs entreprises priv\u00e9es proposent des liaisons entre les grandes villes ou les diff\u00e9rentes villes du Cameroun.<\/p><p><b><u>Location de voiture<\/u><\/b><br \/>Il existe de nombreuses agences qui louent divers types de voitures avec ou sans chauffeur.<\/p><p><b><u>Train<\/u><\/b><br \/>Une ligne de train de CAMRAIL relie les grandes villes de Yaound\u00e9 et Douala et une autre relie Yaound\u00e9 et Ngaound\u00e9r\u00e9 au nord.<br \/>Yaound\u00e9 -Ngaound\u00e9r\u00e9 : 10.000F \u2013 17.000F<br \/>Douala-Yaound\u00e9 : 3000F \u2013 6000F<\/p><p><b><u>Vol domestique<\/u><\/b><br \/>Les vols int\u00e9rieurs de CAMAIR-CO relient les villes \u00e0 l\u2019int\u00e9rieur du pays.<\/p><\/div>\n\t\t\t\t<\/div>\n\t\t\t\t\t\t\t<div class=\"elementor-toggle-item\">\n\t\t\t\t\t<div id=\"elementor-tab-title-1256\" class=\"elementor-tab-title\" data-tab=\"6\" role=\"button\" aria-controls=\"elementor-tab-content-1256\" aria-expanded=\"false\">\n\t\t\t\t\t\t\t\t\t\t\t\t<span class=\"elementor-toggle-icon elementor-toggle-icon-left\" aria-hidden=\"true\">\n\t\t\t\t\t\t\t\t\t\t\t\t\t\t\t<span class=\"elementor-toggle-icon-closed\"><i class=\"fas fa-caret-right\"><\/i><\/span>\n\t\t\t\t\t\t\t\t<span class=\"elementor-toggle-icon-opened\"><i class=\"elementor-toggle-icon-opened fas fa-caret-up\"><\/i><\/span>\n\t\t\t\t\t\t\t\t\t\t\t\t\t<\/span>\n\t\t\t\t\t\t\t\t\t\t\t\t<a class=\"elementor-toggle-title\" tabindex=\"0\">Climat<\/a>\n\t\t\t\t\t<\/div>\n\n\t\t\t\t\t<div id=\"elementor-tab-content-1256\" class=\"elementor-tab-content elementor-clearfix\" data-tab=\"6\" role=\"region\" aria-labelledby=\"elementor-tab-title-1256\"><p>Les conditions climatiques sont diff\u00e9rentes dans les diff\u00e9rentes parties du Cameroun, mais le climat tropical pr\u00e9domine.<br \/>Le tiers sud fait partie de la ceinture de for\u00eats tropicales humides, le nord a un climat de steppe avec une courte saison des pluies et de grandes variations de temp\u00e9rature. Entre les deux, il y a une zone avec un climat de savane et une saison des pluies plus longue.<br \/>Pendant la saison des pluies, de mars \u00e0 novembre, il peut y avoir de fortes pluies, des inondations et des glissements de terrain. <br \/>Dans le sud du pays, il y a une saison s\u00e8che de novembre \u00e0 f\u00e9vrier, une p\u00e9riode humide mod\u00e9r\u00e9e de mars \u00e0 juillet et la saison des pluies d&rsquo;ao\u00fbt \u00e0 fin septembre. La temp\u00e9rature moyenne est de 26 degr\u00e9s.<br \/>Dans le nord, la saison des pluies s&rsquo;\u00e9tend de mai \u00e0 fin septembre, mais avec moins de pr\u00e9cipitations en moyenne par an. La temp\u00e9rature moyenne est de 35 degr\u00e9s.<\/p><\/div>\n\t\t\t\t<\/div>\n\t\t\t\t\t\t\t<div class=\"elementor-toggle-item\">\n\t\t\t\t\t<div id=\"elementor-tab-title-1257\" class=\"elementor-tab-title\" data-tab=\"7\" role=\"button\" aria-controls=\"elementor-tab-content-1257\" aria-expanded=\"false\">\n\t\t\t\t\t\t\t\t\t\t\t\t<span class=\"elementor-toggle-icon elementor-toggle-icon-left\" aria-hidden=\"true\">\n\t\t\t\t\t\t\t\t\t\t\t\t\t\t\t<span class=\"elementor-toggle-icon-closed\"><i class=\"fas fa-caret-right\"><\/i><\/span>\n\t\t\t\t\t\t\t\t<span class=\"elementor-toggle-icon-opened\"><i class=\"elementor-toggle-icon-opened fas fa-caret-up\"><\/i><\/span>\n\t\t\t\t\t\t\t\t\t\t\t\t\t<\/span>\n\t\t\t\t\t\t\t\t\t\t\t\t<a class=\"elementor-toggle-title\" tabindex=\"0\">Quand partir ?<\/a>\n\t\t\t\t\t<\/div>\n\n\t\t\t\t\t<div id=\"elementor-tab-content-1257\" class=\"elementor-tab-content elementor-clearfix\" data-tab=\"7\" role=\"region\" aria-labelledby=\"elementor-tab-title-1257\"><p>Le meilleur moment pour visiter le Cameroun est donc de d\u00e9cembre \u00e0 f\u00e9vrier. Il pleut moins et c\u2019est la p\u00e9riode la plus ensoleill\u00e9e. Dans le sud g\u00e9ographique il fait chaud pendant la journ\u00e9e et les nuits sont plus fra\u00eeches. Dans le nord aride, il fait tr\u00e8s chaud pendant la journ\u00e9e, tandis que la nuit il peut faire tr\u00e8s frais. <br \/>Sur le littoral la chaleur peut \u00eatre \u00e9touffante, avec des temp\u00e9ratures minimales sup\u00e9rieures \u00e0 20 degr\u00e9s et des maximales d&rsquo;environ 30 \u00b0C, temp\u00e9r\u00e9es par la brise. <\/p><\/div>\n\t\t\t\t<\/div>\n\t\t\t\t\t\t\t<div class=\"elementor-toggle-item\">\n\t\t\t\t\t<div id=\"elementor-tab-title-1258\" class=\"elementor-tab-title\" data-tab=\"8\" role=\"button\" aria-controls=\"elementor-tab-content-1258\" aria-expanded=\"false\">\n\t\t\t\t\t\t\t\t\t\t\t\t<span class=\"elementor-toggle-icon elementor-toggle-icon-left\" aria-hidden=\"true\">\n\t\t\t\t\t\t\t\t\t\t\t\t\t\t\t<span class=\"elementor-toggle-icon-closed\"><i class=\"fas fa-caret-right\"><\/i><\/span>\n\t\t\t\t\t\t\t\t<span class=\"elementor-toggle-icon-opened\"><i class=\"elementor-toggle-icon-opened fas fa-caret-up\"><\/i><\/span>\n\t\t\t\t\t\t\t\t\t\t\t\t\t<\/span>\n\t\t\t\t\t\t\t\t\t\t\t\t<a class=\"elementor-toggle-title\" tabindex=\"0\">Comment s\u2019habiller ?<\/a>\n\t\t\t\t\t<\/div>\n\n\t\t\t\t\t<div id=\"elementor-tab-content-1258\" class=\"elementor-tab-content elementor-clearfix\" data-tab=\"8\" role=\"region\" aria-labelledby=\"elementor-tab-title-1258\"><p>Pr\u00e9f\u00e9rer des v\u00eatements l\u00e9gers pour la journ\u00e9e, larges et en fibres naturelles (coton ou lin), turban contre le vent du d\u00e9sert, veste et pull pour le soir, des sandales confortables et un chapeau pour vous prot\u00e9ger du soleil. Sur la c\u00f4te, pr\u00e9voir \u00e9galement un imperm\u00e9able l\u00e9ger et un parapluie. <br \/>Pr\u00e9voir des tenues d\u00e9centes pour la visite des \u00e9glises et lieux\/sites religieux, l\u2019entr\u00e9e ou la sortie dans les b\u00e2timents et lieux publics o\u00f9 des tenues correctes sont exig\u00e9es.<\/p><p><b>N.B. :<\/b><br \/>Au Cameroun on s\u2019habille aussi bien \u00e0 l\u2019europ\u00e9enne qu\u2019\u00e0 l\u2019africaine, et plut\u00f4t chic et d\u00e9cent. Il y a une pr\u00e9f\u00e9rence pour les tenues traditionnelles africaines cousues localement par les nombreux couturiers et couturi\u00e8res install\u00e9s dans les diff\u00e9rents quartiers et les march\u00e9s. Les tissus traditionnels sont mieux adapt\u00e9s au climat local.<\/p><\/div>\n\t\t\t\t<\/div>\n\t\t\t\t\t\t\t<div class=\"elementor-toggle-item\">\n\t\t\t\t\t<div id=\"elementor-tab-title-1259\" class=\"elementor-tab-title\" data-tab=\"9\" role=\"button\" aria-controls=\"elementor-tab-content-1259\" aria-expanded=\"false\">\n\t\t\t\t\t\t\t\t\t\t\t\t<span class=\"elementor-toggle-icon elementor-toggle-icon-left\" aria-hidden=\"true\">\n\t\t\t\t\t\t\t\t\t\t\t\t\t\t\t<span class=\"elementor-toggle-icon-closed\"><i class=\"fas fa-caret-right\"><\/i><\/span>\n\t\t\t\t\t\t\t\t<span class=\"elementor-toggle-icon-opened\"><i class=\"elementor-toggle-icon-opened fas fa-caret-up\"><\/i><\/span>\n\t\t\t\t\t\t\t\t\t\t\t\t\t<\/span>\n\t\t\t\t\t\t\t\t\t\t\t\t<a class=\"elementor-toggle-title\" tabindex=\"0\">Prescriptions sanitaires<\/a>\n\t\t\t\t\t<\/div>\n\n\t\t\t\t\t<div id=\"elementor-tab-content-1259\" class=\"elementor-tab-content elementor-clearfix\" data-tab=\"9\" role=\"region\" aria-labelledby=\"elementor-tab-title-1259\"><p>Le Cameroun se trouve sous les tropiques, o\u00f9 la malaria est fr\u00e9quente. Il est conseill\u00e9 de prendre une prophylaxie contre le paludisme avant de partir (voir Institut de m\u00e9decine tropicale ou demander \u00e0 votre m\u00e9decin traitant) et de dormir sous une moustiquaire sur place.<br \/>Les animaux que vous emmenez doivent \u00eatre vaccin\u00e9s contre la rage.<\/p><p><b><u>Infection pulmonaire \u2013 Coronavirus Covid-19 (03\/03\/2022)<\/u><\/b><br \/>Du fait de la circulation du virus de COVID-19 et de ses variants qui demeurent tr\u00e8s contagieux, toute entr\u00e9e au Cameroun et toute sortie de notre territoire est encadr\u00e9e. <br \/><b>Un test PCR n\u00e9gatif est exig\u00e9 \u00e0 l\u2019arriv\u00e9e sur le territoire, y compris pour les jeunes enfants. Le pr\u00e9l\u00e8vement doit avoir \u00e9t\u00e9 effectu\u00e9 dans les 72 heures pr\u00e9c\u00e9dant l\u2019embarquement sur un vol \u00e0 destination du Cameroun. Un test antig\u00e9nique est en plus, syst\u00e9matiquement effectu\u00e9 \u00e0 l\u2019arriv\u00e9e, pour tous les voyageurs, \u00e0 l\u2019a\u00e9roport.<\/b><br \/>Il est recommand\u00e9 de suivre les mesures de pr\u00e9vention du Minist\u00e8re de la sant\u00e9 et appliquer les gestes barri\u00e8res. <br \/><b>A la sortie du territoire camerounais, un test PCR est exig\u00e9 \u00e0 l\u2019a\u00e9roport, malgr\u00e9 la vaccination contre le Covid-19. (Co\u00fbt : 30.000 F)<\/b><br \/>Les tests peuvent \u00eatre effectu\u00e9s dans des centres de sant\u00e9 et lieux agr\u00e9\u00e9s ainsi que dans certains h\u00f4pitaux.<\/p><\/div>\n\t\t\t\t<\/div>\n\t\t\t\t\t\t\t<div class=\"elementor-toggle-item\">\n\t\t\t\t\t<div id=\"elementor-tab-title-12510\" class=\"elementor-tab-title\" data-tab=\"10\" role=\"button\" aria-controls=\"elementor-tab-content-12510\" aria-expanded=\"false\">\n\t\t\t\t\t\t\t\t\t\t\t\t<span class=\"elementor-toggle-icon elementor-toggle-icon-left\" aria-hidden=\"true\">\n\t\t\t\t\t\t\t\t\t\t\t\t\t\t\t<span class=\"elementor-toggle-icon-closed\"><i class=\"fas fa-caret-right\"><\/i><\/span>\n\t\t\t\t\t\t\t\t<span class=\"elementor-toggle-icon-opened\"><i class=\"elementor-toggle-icon-opened fas fa-caret-up\"><\/i><\/span>\n\t\t\t\t\t\t\t\t\t\t\t\t\t<\/span>\n\t\t\t\t\t\t\t\t\t\t\t\t<a class=\"elementor-toggle-title\" tabindex=\"0\">S\u00e9curit\u00e9<\/a>\n\t\t\t\t\t<\/div>\n\n\t\t\t\t\t<div id=\"elementor-tab-content-12510\" class=\"elementor-tab-content elementor-clearfix\" data-tab=\"10\" role=\"region\" aria-labelledby=\"elementor-tab-title-12510\"><p><b><u>Prendre des photos<\/u><\/b><br \/>Les zones de s\u00e9curit\u00e9 militaires telles que les casernes, certains b\u00e2timents publics, les a\u00e9roports ne peuvent pas \u00eatre photographi\u00e9es ; il est pr\u00e9f\u00e9rable de se renseigner sur place. <br \/>Si vous souhaitez photographier des personnes, vous devez leur demander au pr\u00e9alable.<\/p><p><b><u>Entre autres, les d\u00e9lits suivants sont punissables :<\/u><\/b><br \/>\u2022 Port de v\u00eatements de style militaire <br \/>\u2022 Relations homosexuelles <br \/>\u2022 Les infractions \u00e0 la loi sur les stup\u00e9fiants sont passibles de plusieurs ann\u00e9es d&#8217;emprisonnement. Les proc\u00e9dures p\u00e9nales peuvent durer plusieurs ann\u00e9es.<\/p><\/div>\n\t\t\t\t<\/div>\n\t\t\t\t\t\t\t<div class=\"elementor-toggle-item\">\n\t\t\t\t\t<div id=\"elementor-tab-title-12511\" class=\"elementor-tab-title\" data-tab=\"11\" role=\"button\" aria-controls=\"elementor-tab-content-12511\" aria-expanded=\"false\">\n\t\t\t\t\t\t\t\t\t\t\t\t<span class=\"elementor-toggle-icon elementor-toggle-icon-left\" aria-hidden=\"true\">\n\t\t\t\t\t\t\t\t\t\t\t\t\t\t\t<span class=\"elementor-toggle-icon-closed\"><i class=\"fas fa-caret-right\"><\/i><\/span>\n\t\t\t\t\t\t\t\t<span class=\"elementor-toggle-icon-opened\"><i class=\"elementor-toggle-icon-opened fas fa-caret-up\"><\/i><\/span>\n\t\t\t\t\t\t\t\t\t\t\t\t\t<\/span>\n\t\t\t\t\t\t\t\t\t\t\t\t<a class=\"elementor-toggle-title\" tabindex=\"0\">Contacts utiles <\/a>\n\t\t\t\t\t<\/div>\n\n\t\t\t\t\t<div id=\"elementor-tab-content-12511\" class=\"elementor-tab-content elementor-clearfix\" data-tab=\"11\" role=\"region\" aria-labelledby=\"elementor-tab-title-12511\"><p><b><u>Services de police<\/u><\/b><br \/>\u2022 Police Secours : 17 (ou 117 \u00e0 partir du portable) dans les villes de Yaound\u00e9, Douala et Garoua<br \/>\u2022 Gendarmerie : 13 (ou 113 \u00e0 partir du portable) dans les r\u00e9gions du Centre, du Littoral, de l\u2019Ouest et du Nord-Ouest<br \/>\u2022 S\u00e9curit\u00e9 \u00e0 Douala : +237 2 33 43 65 72 (num\u00e9ro vert)<br \/>\u2022 Direction de la police des fronti\u00e8res<br \/>T\u00e9l. : +237 2 22 20 11 17 \/ +237 2 22 21 28 84<br \/>\u2022 Sapeurs-pompiers : 118<br \/>\u2022 Num\u00e9ro vert COVID-19 : 1510<br \/>\u2022 SAMU : 119<\/p><p><b><u>A\u00e9roports<\/u><\/b><br \/>\u2022 A\u00e9roport international de Yaound\u00e9 &#8211; Nsimalen<br \/>T\u00e9l. : +237 2 22 23 36 02 \/ +237 2 22 23 17 44<br \/>T\u00e9l\u00e9copie : +237 22 23 45 20<br \/>\u2022 A\u00e9roport international de Douala<br \/>T\u00e9l. : +237 2 33 42 35 26 \/ +237 2 33 42 36 30<\/p><\/div>\n\t\t\t\t<\/div>\n\t\t\t\t\t\t\t\t<\/div>\n\t\t\t\t\t\t<\/div>\n\t\t\t\t<\/div>\n\t\t\t\t\t<\/div>\n\t\t<\/div>\n\t\t\t\t\t<\/div>\n\t\t<\/section>\n\t\t\t\t<\/div>\n\t\t","protected":false},"excerpt":{"rendered":"<p>PR\u00c9PAREZ VOTRE VOYAGE AU CAMEROUN Avant le d\u00e9part Passeport en cours de validit\u00e9 (minimum 6 mois) R\u00e9server le vol Obtenir<\/p>\n","protected":false},"author":1,"featured_media":0,"parent":0,"menu_order":0,"comment_status":"closed","ping_status":"closed","template":"","meta":{"footnotes":""},"class_list":["post-1094","page","type-page","status-publish","hentry"],"_links":{"self":[{"href":"https:\/\/www.ambacam.de\/fr\/wp-json\/wp\/v2\/pages\/1094","targetHints":{"allow":["GET"]}}],"collection":[{"href":"https:\/\/www.ambacam.de\/fr\/wp-json\/wp\/v2\/pages"}],"about":[{"href":"https:\/\/www.ambacam.de\/fr\/wp-json\/wp\/v2\/types\/page"}],"author":[{"embeddable":true,"href":"https:\/\/www.ambacam.de\/fr\/wp-json\/wp\/v2\/users\/1"}],"replies":[{"embeddable":true,"href":"https:\/\/www.ambacam.de\/fr\/wp-json\/wp\/v2\/comments?post=1094"}],"version-history":[{"count":97,"href":"https:\/\/www.ambacam.de\/fr\/wp-json\/wp\/v2\/pages\/1094\/revisions"}],"predecessor-version":[{"id":3560,"href":"https:\/\/www.ambacam.de\/fr\/wp-json\/wp\/v2\/pages\/1094\/revisions\/3560"}],"wp:attachment":[{"href":"https:\/\/www.ambacam.de\/fr\/wp-json\/wp\/v2\/media?parent=1094"}],"curies":[{"name":"wp","href":"https:\/\/api.w.org\/{rel}","templated":true}]}}