{"id":2,"date":"2021-12-27T13:08:11","date_gmt":"2021-12-27T12:08:11","guid":{"rendered":"https:\/\/www.ambacam.de\/fr\/?page_id=2"},"modified":"2025-09-19T12:42:10","modified_gmt":"2025-09-19T10:42:10","slug":"autorisation-de-rapatriement-de-corps","status":"publish","type":"page","link":"https:\/\/www.ambacam.de\/fr\/autorisation-de-rapatriement-de-corps\/","title":{"rendered":"Autorisation de rapatriement de corps"},"content":{"rendered":"\t\t<div data-elementor-type=\"wp-page\" data-elementor-id=\"2\" class=\"elementor elementor-2\">\n\t\t\t\t\t\t<section class=\"elementor-section elementor-top-section elementor-element elementor-element-1226eb5d elementor-section-boxed elementor-section-height-default elementor-section-height-default\" data-id=\"1226eb5d\" data-element_type=\"section\" data-e-type=\"section\">\n\t\t\t\t\t\t<div class=\"elementor-container elementor-column-gap-default\">\n\t\t\t\t\t<div class=\"elementor-column elementor-col-100 elementor-top-column elementor-element elementor-element-310c8810\" data-id=\"310c8810\" data-element_type=\"column\" data-e-type=\"column\">\n\t\t\t<div class=\"elementor-widget-wrap elementor-element-populated\">\n\t\t\t\t\t\t<div class=\"elementor-element elementor-element-2f8b8d4 elementor-widget elementor-widget-text-editor\" data-id=\"2f8b8d4\" data-element_type=\"widget\" data-e-type=\"widget\" data-widget_type=\"text-editor.default\">\n\t\t\t\t<div class=\"elementor-widget-container\">\n\t\t\t\t\t\t\t\t\t<blockquote class=\"wp-block-quote\"><h5 style=\"color: white;\"><b>AUTORISATION DE RAPATRIEMENT DE CORPS<\/b><\/h5><\/blockquote><p>En cas de d\u00e9c\u00e8s d\u2019un camerounais en Allemagne, les personnes responsables du rapatriement de la d\u00e9pouille mortelle sont tenues de se munir d\u2019une autorisation de rapatriement de corps \u00e9tablie par l\u2019Ambassade du Cameroun en RFA. Les pi\u00e8ces \u00e0 produire sont les suivantes:<\/p><ol><li><b>Requ\u00eate adress\u00e9e \u00e0 l\u2019Ambassadeur <\/b><\/li><li><b>Photocopie du passeport du d\u00e9funt<\/b><\/li><li><b>Photocopie de l\u2019acte de naissance du d\u00e9funt<\/b><\/li><li><b>Photocopie de l\u2019acte de d\u00e9c\u00e8s<\/b><\/li><li><b>Frais: 160 \u20ac\u00a0<\/b><\/li><\/ol><p>L\u2019autorisation de rapatriement de corps est g\u00e9n\u00e9ralement \u00e9tablie imm\u00e9diatement apr\u00e8s r\u00e9ception des pi\u00e8ces ci-dessus mentionn\u00e9es.<br \/>Si le demandeur est pr\u00e9sent physiquement \u00e0 l\u2019ambassade, il pourrait obtenir ladite autorisation le m\u00eame jour. Dans le cas contraire, il devra joindre au dossier une enveloppe timbr\u00e9e pour envoi recommand\u00e9 avec son adresse ou fournir une procuration sign\u00e9e et l\u00e9galis\u00e9e \u00e0 un tiers.<\/p><p><!-- \/wp:paragraph --><\/p>\t\t\t\t\t\t\t\t<\/div>\n\t\t\t\t<\/div>\n\t\t\t\t\t<\/div>\n\t\t<\/div>\n\t\t\t\t\t<\/div>\n\t\t<\/section>\n\t\t\t\t<\/div>\n\t\t","protected":false},"excerpt":{"rendered":"<p>AUTORISATION DE RAPATRIEMENT DE CORPS En cas de d\u00e9c\u00e8s d\u2019un camerounais en Allemagne, les personnes responsables du rapatriement de la<\/p>\n","protected":false},"author":1,"featured_media":0,"parent":0,"menu_order":0,"comment_status":"closed","ping_status":"closed","template":"","meta":{"footnotes":""},"class_list":["post-2","page","type-page","status-publish","hentry"],"_links":{"self":[{"href":"https:\/\/www.ambacam.de\/fr\/wp-json\/wp\/v2\/pages\/2","targetHints":{"allow":["GET"]}}],"collection":[{"href":"https:\/\/www.ambacam.de\/fr\/wp-json\/wp\/v2\/pages"}],"about":[{"href":"https:\/\/www.ambacam.de\/fr\/wp-json\/wp\/v2\/types\/page"}],"author":[{"embeddable":true,"href":"https:\/\/www.ambacam.de\/fr\/wp-json\/wp\/v2\/users\/1"}],"replies":[{"embeddable":true,"href":"https:\/\/www.ambacam.de\/fr\/wp-json\/wp\/v2\/comments?post=2"}],"version-history":[{"count":65,"href":"https:\/\/www.ambacam.de\/fr\/wp-json\/wp\/v2\/pages\/2\/revisions"}],"predecessor-version":[{"id":8075,"href":"https:\/\/www.ambacam.de\/fr\/wp-json\/wp\/v2\/pages\/2\/revisions\/8075"}],"wp:attachment":[{"href":"https:\/\/www.ambacam.de\/fr\/wp-json\/wp\/v2\/media?parent=2"}],"curies":[{"name":"wp","href":"https:\/\/api.w.org\/{rel}","templated":true}]}}