{"id":2105,"date":"2022-02-16T11:42:59","date_gmt":"2022-02-16T10:42:59","guid":{"rendered":"https:\/\/www.ambacam.de\/fr\/?page_id=2105"},"modified":"2025-01-02T15:42:19","modified_gmt":"2025-01-02T14:42:19","slug":"mentions-legales","status":"publish","type":"page","link":"https:\/\/www.ambacam.de\/fr\/mentions-legales\/","title":{"rendered":"Mentions l\u00e9gales"},"content":{"rendered":"\t\t<div data-elementor-type=\"wp-page\" data-elementor-id=\"2105\" class=\"elementor elementor-2105\">\n\t\t\t\t\t\t<section class=\"elementor-section elementor-top-section elementor-element elementor-element-1226eb5d elementor-section-boxed elementor-section-height-default elementor-section-height-default\" data-id=\"1226eb5d\" data-element_type=\"section\" data-e-type=\"section\">\n\t\t\t\t\t\t<div class=\"elementor-container elementor-column-gap-default\">\n\t\t\t\t\t<div class=\"elementor-column elementor-col-100 elementor-top-column elementor-element elementor-element-310c8810\" data-id=\"310c8810\" data-element_type=\"column\" data-e-type=\"column\">\n\t\t\t<div class=\"elementor-widget-wrap elementor-element-populated\">\n\t\t\t\t\t\t<div class=\"elementor-element elementor-element-2f8b8d4 elementor-widget elementor-widget-text-editor\" data-id=\"2f8b8d4\" data-element_type=\"widget\" data-e-type=\"widget\" data-widget_type=\"text-editor.default\">\n\t\t\t\t<div class=\"elementor-widget-container\">\n\t\t\t\t\t\t\t\t\t<blockquote class=\"wp-block-quote\"><h5 style=\"color: white;\"><b>MENTIONS L\u00c9GALES<\/b><\/h5><\/blockquote><p><strong>&#8211; Informations<\/strong><br \/>Le site \u00ab\u00a0Ambassade du Cameroun Berlin | Cameroon Embassy Berlin\u00a0\u00bb (https:\/\/www.ambacam.de -&gt; Fran\u00e7ais) publie des informations \u00e9manant de services de l\u00b4Ambassade et \u2026\u2026\u2026.<\/p><p><strong>&#8211; Technologie et h\u00e9bergement du site<\/strong><br \/>Le site est r\u00e9alis\u00e9 sous WP, un CMS Open Source sous licence GNU\/GPL.<\/p><p>L\u2019h\u00e9bergement est assur\u00e9 par Seppo Solutions<\/p><p><strong>&#8211; R\u00e9utilisation des contenus et liens<\/strong><br \/>Sauf mention explicite de propri\u00e9t\u00e9 intellectuelle d\u00e9tenue par des tiers, les contenus de ce site sont propos\u00e9s sous licence ouverte.<\/p><p>Vous \u00eates notamment libres de les reproduire, copier, modifier, extraire, transformer, communiquer diffuser, redistribuer, publier, transmettre et exploiter sous r\u00e9serve de mentionner leur source, leur date de derni\u00e8re mise \u00e0 jour et ne pas induire en erreur des tiers quant aux informations qui y figurent.<br \/>Tout site public ou priv\u00e9 est autoris\u00e9 \u00e0 \u00e9tablir, sans autorisation pr\u00e9alable, un lien (y compris profond) vers les informations diffus\u00e9es sur ce site.<\/p><p><strong>&#8211; Cr\u00e9dits photographiques<\/strong><br \/>Les photos pr\u00e9sentes sur ce site proviennent de sources diff\u00e9rentes. Par d\u00e9faut, elles proviennent de l\u00b4Ambassade du Cameroun \u00e0 Berlin<\/p><p>Pour les photographies prot\u00e9g\u00e9es, merci de solliciter l\u2019autorisation de l\u2019organisme mentionn\u00e9 dans ses cr\u00e9dits.<\/p><p><strong>&#8211; Clause de responsabilit\u00e9<\/strong><br \/>Les informations propos\u00e9es sur ce site le sont \u00e0 titre de service rendu au public. Malgr\u00e9 tout le soin apport\u00e9 \u00e0 la transcription des textes officiels, \u00e0 la v\u00e9rification des contenus et des informations, les \u00e9l\u00e9ments mis en ligne ne sauraient, de quelque mani\u00e8re que ce soit, pr\u00e9tendre \u00e0 l\u2019exactitude et engager la responsabilit\u00e9 de l\u00b4Ambassade du Cameroun \u00e0 Berlin.<\/p><p>Les informations et\/ou documents disponibles sur ce site sont susceptibles d\u2019\u00eatre modifi\u00e9s \u00e0 tout moment, et peuvent faire l\u2019objet de mises \u00e0 jour.<br \/>L\u00b4Ambassade du Cameroun \u00e0 Berlin ne pourra en aucun cas \u00eatre tenu responsable de tout dommage de quelque nature qu\u2019il soit r\u00e9sultant de l\u2019interpr\u00e9tation ou de l\u2019utilisation des informations et\/ou documents disponibles sur ce site.<\/p><p><strong>&#8211; Liens hypertextes propos\u00e9s<\/strong><br \/>De nombreux liens vers d\u2019autres sites, priv\u00e9s ou officiels sont propos\u00e9s. Leur pr\u00e9sence ne saurait engager l\u00b4Ambassade du Cameroun \u00e0 Berlin quant \u00e0 leur contenu et ne vise qu\u2019\u00e0 permettre \u00e0 l\u2019internaute de trouver plus facilement d\u2019autres ressources documentaires sur le sujet consult\u00e9.<\/p><p><strong>&#8211; Politique de confidentialit\u00e9<\/strong><br \/><a href=\"https:\/\/www.ambacam.de\/fr\/politique-de-confidentialite\/\">En savoir plus sur notre politique en mati\u00e8re de protection de donn\u00e9es personnelles.<\/a><\/p><p><strong>&#8211; Droit applicable<\/strong><br \/>Quel que soit le lieu d\u2019utilisation, le pr\u00e9sent site est r\u00e9gi par le droit camerounais. En cas de contestation \u00e9ventuelle, et apr\u00e8s l\u2019\u00e9chec de toute tentative de recherche d\u2019une solution amiable, les tribunaux camerounais seront seuls comp\u00e9tents pour conna\u00eetre de ce litige.<\/p><p>Pour toute question relative aux pr\u00e9sentes conditions d\u2019utilisation du site, vous pouvez nous \u00e9crire \u00e0 l\u2019adresse suivante :<br \/>Ambassade du Cameroun \u00e0 Berlin<br \/>Service Web<br \/>Ulmenallee 32<br \/>14050 Berlin<\/p><p><a href=\"https:\/\/www.ambacam.de\/fr\/nous-contacter\/\">Nous contacter par courrier \u00e9lectronique<\/a><\/p><p><strong>&#8211; \u00c9crire au webmestre<\/strong><br \/>Il est possible de transmettre des observations ou des suggestions au webmestre du site. Il s\u2019efforcera d\u2019en tenir compte. Il ne saurait pour autant r\u00e9pondre \u00e0 des demandes particuli\u00e8res ou d\u00e9passant le cadre strict de la gestion administrative ou technique du site.<\/p><p><!-- \/wp:paragraph --><\/p>\t\t\t\t\t\t\t\t<\/div>\n\t\t\t\t<\/div>\n\t\t\t\t\t<\/div>\n\t\t<\/div>\n\t\t\t\t\t<\/div>\n\t\t<\/section>\n\t\t\t\t<\/div>\n\t\t","protected":false},"excerpt":{"rendered":"<p>MENTIONS L\u00c9GALES &#8211; InformationsLe site \u00ab\u00a0Ambassade du Cameroun Berlin | Cameroon Embassy Berlin\u00a0\u00bb (https:\/\/www.ambacam.de -&gt; Fran\u00e7ais) publie des informations \u00e9manant<\/p>\n","protected":false},"author":1,"featured_media":0,"parent":0,"menu_order":0,"comment_status":"closed","ping_status":"closed","template":"","meta":{"footnotes":""},"class_list":["post-2105","page","type-page","status-publish","hentry"],"_links":{"self":[{"href":"https:\/\/www.ambacam.de\/fr\/wp-json\/wp\/v2\/pages\/2105","targetHints":{"allow":["GET"]}}],"collection":[{"href":"https:\/\/www.ambacam.de\/fr\/wp-json\/wp\/v2\/pages"}],"about":[{"href":"https:\/\/www.ambacam.de\/fr\/wp-json\/wp\/v2\/types\/page"}],"author":[{"embeddable":true,"href":"https:\/\/www.ambacam.de\/fr\/wp-json\/wp\/v2\/users\/1"}],"replies":[{"embeddable":true,"href":"https:\/\/www.ambacam.de\/fr\/wp-json\/wp\/v2\/comments?post=2105"}],"version-history":[{"count":73,"href":"https:\/\/www.ambacam.de\/fr\/wp-json\/wp\/v2\/pages\/2105\/revisions"}],"predecessor-version":[{"id":7287,"href":"https:\/\/www.ambacam.de\/fr\/wp-json\/wp\/v2\/pages\/2105\/revisions\/7287"}],"wp:attachment":[{"href":"https:\/\/www.ambacam.de\/fr\/wp-json\/wp\/v2\/media?parent=2105"}],"curies":[{"name":"wp","href":"https:\/\/api.w.org\/{rel}","templated":true}]}}