{"id":2246,"date":"2022-02-16T16:48:16","date_gmt":"2022-02-16T15:48:16","guid":{"rendered":"https:\/\/www.ambacam.de\/fr\/?page_id=2246"},"modified":"2025-09-20T18:42:40","modified_gmt":"2025-09-20T16:42:40","slug":"procuration","status":"publish","type":"page","link":"https:\/\/www.ambacam.de\/fr\/procuration\/","title":{"rendered":"Procuration"},"content":{"rendered":"\t\t<div data-elementor-type=\"wp-page\" data-elementor-id=\"2246\" class=\"elementor elementor-2246\">\n\t\t\t\t\t\t<section class=\"elementor-section elementor-top-section elementor-element elementor-element-1226eb5d elementor-section-boxed elementor-section-height-default elementor-section-height-default\" data-id=\"1226eb5d\" data-element_type=\"section\" data-e-type=\"section\">\n\t\t\t\t\t\t<div class=\"elementor-container elementor-column-gap-default\">\n\t\t\t\t\t<div class=\"elementor-column elementor-col-100 elementor-top-column elementor-element elementor-element-310c8810\" data-id=\"310c8810\" data-element_type=\"column\" data-e-type=\"column\">\n\t\t\t<div class=\"elementor-widget-wrap elementor-element-populated\">\n\t\t\t\t\t\t<div class=\"elementor-element elementor-element-2f8b8d4 elementor-widget elementor-widget-text-editor\" data-id=\"2f8b8d4\" data-element_type=\"widget\" data-e-type=\"widget\" data-widget_type=\"text-editor.default\">\n\t\t\t\t<div class=\"elementor-widget-container\">\n\t\t\t\t\t\t\t\t\t<blockquote class=\"wp-block-quote\"><h5 style=\"color: white;\"><b>PROCURATION<\/b><\/h5><\/blockquote><p>L\u2019Ambassade l\u00e9galise les signatures sur les procurations pour le Cameroun.<br \/>Proc\u00e9dure :<\/p><ol><li style=\"list-style-type: none;\"><ol><li><strong>Le requ\u00e9rant DOIT se pr\u00e9senter en personne \u00e0 l\u2019Ambassade muni d\u2019une pi\u00e8ce d\u2019identit\u00e9 camerounaise (CNI ou passeport) et d\u2019un exemplaire de la procuration \u00e0 l\u00e9galiser d\u00fbment rempli (A t\u00e9l\u00e9charger sur le site de l\u2019Ambassade)<\/strong><\/li><li><strong>Il appose sa signature (trois fois) dans un registre ouvert \u00e0 cet effet \u00e0 la r\u00e9ception de l\u2019Ambassade.<\/strong><\/li><li><strong>Les procurations sign\u00e9es sont disponibles le lendemain du jour de d\u00e9p\u00f4t.<\/strong><\/li><li><strong>Frais : 10 \u20ac<\/strong><\/li><\/ol><\/li><\/ol><p>Elles peuvent aussi \u00eatre post\u00e9es \u00e0 l\u2019adresse du demandeur.<br \/>Dans ce cas, il doit joindre \u00e0 son dossier une enveloppe affranchie pour l\u2019envoi du document \u00e0 son adresse.<\/p><p><!-- \/wp:paragraph --><\/p>\t\t\t\t\t\t\t\t<\/div>\n\t\t\t\t<\/div>\n\t\t\t\t<section class=\"elementor-section elementor-inner-section elementor-element elementor-element-34f59fb elementor-section-boxed elementor-section-height-default elementor-section-height-default\" data-id=\"34f59fb\" data-element_type=\"section\" data-e-type=\"section\">\n\t\t\t\t\t\t<div class=\"elementor-container elementor-column-gap-default\">\n\t\t\t\t\t<div class=\"elementor-column elementor-col-50 elementor-inner-column elementor-element elementor-element-a3445b0\" data-id=\"a3445b0\" data-element_type=\"column\" data-e-type=\"column\">\n\t\t\t<div class=\"elementor-widget-wrap elementor-element-populated\">\n\t\t\t\t\t\t<div class=\"elementor-element elementor-element-953131b elementor-widget elementor-widget-text-editor\" data-id=\"953131b\" data-element_type=\"widget\" data-e-type=\"widget\" data-widget_type=\"text-editor.default\">\n\t\t\t\t<div class=\"elementor-widget-container\">\n\t\t\t\t\t\t\t\t\t<p>Vous pouvez visualiser et t\u00e9l\u00e9charger votre procuration en ligne en cliquant sur l\u00b4image.<\/p><p>Ce document est disponible en format PDF<\/p><p>Il doit \u00eatre t\u00e9l\u00e9charg\u00e9, rempli et imprim\u00e9 \u00e0 l&rsquo;aide du logiciel Adobe Acrobat Reader.<\/p><p><a href=\"https:\/\/www.ambacam.de\/fr\/documents-a-telecharger\/\">Acc\u00e9der ici \u00e0\u00a0 la liste des documents \u00e0 t\u00e9l\u00e9charger.\u00a0<\/a><\/p>\t\t\t\t\t\t\t\t<\/div>\n\t\t\t\t<\/div>\n\t\t\t\t\t<\/div>\n\t\t<\/div>\n\t\t\t\t<div class=\"elementor-column elementor-col-50 elementor-inner-column elementor-element elementor-element-10b7cb0\" data-id=\"10b7cb0\" data-element_type=\"column\" data-e-type=\"column\">\n\t\t\t<div class=\"elementor-widget-wrap elementor-element-populated\">\n\t\t\t\t\t\t<div class=\"elementor-element elementor-element-8ad9160 elementor-widget elementor-widget-image\" data-id=\"8ad9160\" data-element_type=\"widget\" data-e-type=\"widget\" data-widget_type=\"image.default\">\n\t\t\t\t<div class=\"elementor-widget-container\">\n\t\t\t\t\t\t\t\t\t\t\t\t\t\t\t\t<a href=\"https:\/\/www.ambacam.de\/wp-content\/uploads\/2024\/07\/power_of_attorney_ambacam_2024.pdf\" target=\"_blank\" rel=\"nofollow\">\n\t\t\t\t\t\t\t<img decoding=\"async\" src=\"https:\/\/www.ambacam.de\/wp-content\/uploads\/2024\/07\/power_of_attorney_ambacam_2024.jpg\" title=\"\" alt=\"procuration\" loading=\"lazy\" \/>\t\t\t\t\t\t\t\t<\/a>\n\t\t\t\t\t\t\t\t\t\t\t\t\t\t\t<\/div>\n\t\t\t\t<\/div>\n\t\t\t\t\t<\/div>\n\t\t<\/div>\n\t\t\t\t\t<\/div>\n\t\t<\/section>\n\t\t\t\t<div class=\"elementor-element elementor-element-5ab9c03 elementor-widget elementor-widget-text-editor\" data-id=\"5ab9c03\" data-element_type=\"widget\" data-e-type=\"widget\" data-widget_type=\"text-editor.default\">\n\t\t\t\t<div class=\"elementor-widget-container\">\n\t\t\t\t\t\t\t\t\t<p>Les paiements se font:<\/p><p style=\"padding-left: 40px;\">soit en esp\u00e8ces au moment du d\u00e9p\u00f4t du dossier contre re\u00e7u<\/p><p style=\"padding-left: 40px;\">soit par virement bancaire dans le compte de l\u2019Ambassade.<\/p><p>En cas de paiement par virement bancaire, le traitement du dossier ne sera effectu\u00e9 qu\u2019apr\u00e8s confirmation du paiement dans le compte de l\u2019Ambassade indiqu\u00e9 ci-dessous\u00a0:<\/p><table><tbody><tr><td width=\"246\">Institut (Bank):<\/td><td width=\"214\">Deutsche Bank Berlin<\/td><\/tr><tr><td width=\"246\">N\u00b0 de Compte (Kontonr.):<\/td><td width=\"214\">9270232<\/td><\/tr><tr><td width=\"246\">Code Bancaire (Bankleitzahl):<\/td><td width=\"214\">10070000<\/td><\/tr><tr><td width=\"246\">IBAN:<\/td><td width=\"214\">DE93 1007 0000 0927 0232 00<\/td><\/tr><tr><td width=\"246\">BIC:<\/td><td width=\"214\">DEUTDEBBXXX<\/td><\/tr><\/tbody><\/table><p><strong>AUCUN FRAIS SUPPLEMENTAIRE NE SERA EXIGE EN DEHORS DE CEUX PREVUS.<\/strong><\/p><p>En cas de demande de paiement des frais suppl\u00e9mentaires, pri\u00e8re de d\u00e9noncer l\u2019acte (en indiquant si possible le nom de la personne) par un \u00e9crit \u00e0 d\u00e9poser dans la bo\u00eete \u00e0 suggestions de l\u2019Ambassade.<\/p>\t\t\t\t\t\t\t\t<\/div>\n\t\t\t\t<\/div>\n\t\t\t\t\t<\/div>\n\t\t<\/div>\n\t\t\t\t\t<\/div>\n\t\t<\/section>\n\t\t\t\t<\/div>\n\t\t","protected":false},"excerpt":{"rendered":"<p>PROCURATION L\u2019Ambassade l\u00e9galise les signatures sur les procurations pour le Cameroun.Proc\u00e9dure : Le requ\u00e9rant DOIT se pr\u00e9senter en personne \u00e0<\/p>\n","protected":false},"author":1,"featured_media":0,"parent":0,"menu_order":0,"comment_status":"closed","ping_status":"closed","template":"","meta":{"footnotes":""},"class_list":["post-2246","page","type-page","status-publish","hentry"],"_links":{"self":[{"href":"https:\/\/www.ambacam.de\/fr\/wp-json\/wp\/v2\/pages\/2246","targetHints":{"allow":["GET"]}}],"collection":[{"href":"https:\/\/www.ambacam.de\/fr\/wp-json\/wp\/v2\/pages"}],"about":[{"href":"https:\/\/www.ambacam.de\/fr\/wp-json\/wp\/v2\/types\/page"}],"author":[{"embeddable":true,"href":"https:\/\/www.ambacam.de\/fr\/wp-json\/wp\/v2\/users\/1"}],"replies":[{"embeddable":true,"href":"https:\/\/www.ambacam.de\/fr\/wp-json\/wp\/v2\/comments?post=2246"}],"version-history":[{"count":164,"href":"https:\/\/www.ambacam.de\/fr\/wp-json\/wp\/v2\/pages\/2246\/revisions"}],"predecessor-version":[{"id":8078,"href":"https:\/\/www.ambacam.de\/fr\/wp-json\/wp\/v2\/pages\/2246\/revisions\/8078"}],"wp:attachment":[{"href":"https:\/\/www.ambacam.de\/fr\/wp-json\/wp\/v2\/media?parent=2246"}],"curies":[{"name":"wp","href":"https:\/\/api.w.org\/{rel}","templated":true}]}}