{"id":2255,"date":"2022-02-16T17:45:30","date_gmt":"2022-02-16T16:45:30","guid":{"rendered":"https:\/\/www.ambacam.de\/fr\/?page_id=2255"},"modified":"2022-04-21T21:13:35","modified_gmt":"2022-04-21T19:13:35","slug":"lambassadeur","status":"publish","type":"page","link":"https:\/\/www.ambacam.de\/fr\/lambassadeur\/","title":{"rendered":"L\u00b4Ambassadeur"},"content":{"rendered":"\t\t<div data-elementor-type=\"wp-page\" data-elementor-id=\"2255\" class=\"elementor elementor-2255\">\n\t\t\t\t\t\t<section class=\"elementor-section elementor-top-section elementor-element elementor-element-1226eb5d elementor-section-boxed elementor-section-height-default elementor-section-height-default\" data-id=\"1226eb5d\" data-element_type=\"section\" data-e-type=\"section\">\n\t\t\t\t\t\t<div class=\"elementor-container elementor-column-gap-default\">\n\t\t\t\t\t<div class=\"elementor-column elementor-col-100 elementor-top-column elementor-element elementor-element-310c8810\" data-id=\"310c8810\" data-element_type=\"column\" data-e-type=\"column\">\n\t\t\t<div class=\"elementor-widget-wrap elementor-element-populated\">\n\t\t\t\t\t\t<div class=\"elementor-element elementor-element-2f8b8d4 elementor-widget elementor-widget-text-editor\" data-id=\"2f8b8d4\" data-element_type=\"widget\" data-e-type=\"widget\" data-widget_type=\"text-editor.default\">\n\t\t\t\t<div class=\"elementor-widget-container\">\n\t\t\t\t\t\t\t\t\t<blockquote class=\"wp-block-quote\">\n<h5 style=\"color: white;\"><b>SON EXCELLENCE MONSIEUR NDOCKI VICTOR<\/b><\/h5>\n<\/blockquote>\n<p><img decoding=\"async\" src=\"https:\/\/www.ambacam.de\/fr\/wp-content\/uploads\/sites\/4\/2022\/02\/cmd_acb.jpg\" width=\"\u201c800\u201c\" height=\"\u201c600\u201c\"><br>\nSon Excellence Monsieur NDOCKI Victor, Ambassadeur Extraordinaire et Pl\u00e9nipotentiaire de la R\u00e9publique du Cameroun en R\u00e9publique F\u00e9d\u00e9rale d\u00b4Allemagne, R\u00e9pr\u00e9sentant Permanent aupr\u00e8s du Centre des Nations Unies \u00e0 Vienne est n\u00e9 le 17 juillet 1955 \u00e0 Bonandam-Njomb\u00e9.<\/p>\n<p>Il est titulaire d\u2018une Licence en Droit priv\u00e9 et Sciences Economiques de l\u2018Universit\u00e9 de Yaound\u00e9, d\u2018un Brevet d\u2018Administration et d\u2018un Master en Administration Publique de l\u2018ENA de Paris.<\/p>\n<p>Apr\u00e8s son obtention du Dipl\u00f4me de Commissaire de police \u00e0 l\u00b4Ecole Nationale de Police de Yaound\u00e9 en 1982, il commence une riche et brillante carri\u00e8re au sein de la police camerounaise, aussi bien dans les services centraux que r\u00e9gionaux de la D\u00e9l\u00e9gation G\u00e9n\u00e9rale \u00e0 la S\u00fbret\u00e9 Nationale (DGSN).<\/p>\n<p>Dans les services centraux, il a occup\u00e9 les postes de chef de service, sous-directeur et directeur des personnels, et directeur de la formation.<\/p>\n<p>Dans les services ext\u00e9rieurs, il a \u00e9t\u00e9 chef de la brigade de Police judiciaire de l\u00b4Ouest \u00e0 Bafoussam, chef de service provincial de la S\u00fbret\u00e9 Nationale du Nord \u00e0 Garoua,&nbsp; de l\u2018Ouest \u00e0 Bafoussam et de l\u2018Est \u00e0 Bertoua.<\/p>\n<p>En 2003, il est appel\u00e9 au Secr\u00e9tariat G\u00e9n\u00e9ral de la Pr\u00e9sidence de la R\u00e9publique en qualit\u00e9 de Charg\u00e9 de Mission.<\/p>\n<p>Il revient \u00e0 la DGSN en 2006 pour occuper le prestigieux poste de Secr\u00e9taire G\u00e9n\u00e9ral jusqu\u00b4en d\u00e9cembre 2015.<\/p>\n<p>C\u00b4est un homme p\u00e9tri d\u00b4exp\u00e9rience que le Chef de l\u00b4\u00c9tat, Son Excellence PAUL BIYA nomme, le 02 novembre 2020 Ambassadeur Extraordinaire et Pl\u00e9nipotentiaire de la R\u00e9publique du Cameroun en R\u00e9publique F\u00e9d\u00e9rale d\u2018Allemagne.<\/p>\n<p>L\u00b4Ambassadeur NDOCKI Victor est un commissaire divisionnaire, mari\u00e9 et p\u00e8re de deux enfants.<br>\nIl est titulaire de plusieurs distinctions honorifiques dont la Dignit\u00e9 de Grand Officier de l\u00b4Ordre National de la Valeur.&nbsp;<\/p>\n<p><!-- \/wp:paragraph --><\/p>\t\t\t\t\t\t\t\t<\/div>\n\t\t\t\t<\/div>\n\t\t\t\t\t<\/div>\n\t\t<\/div>\n\t\t\t\t\t<\/div>\n\t\t<\/section>\n\t\t\t\t<\/div>\n\t\t","protected":false},"excerpt":{"rendered":"<p>SON EXCELLENCE MONSIEUR NDOCKI VICTOR Son Excellence Monsieur NDOCKI Victor, Ambassadeur Extraordinaire et Pl\u00e9nipotentiaire de la R\u00e9publique du Cameroun en<\/p>\n","protected":false},"author":1,"featured_media":0,"parent":0,"menu_order":0,"comment_status":"closed","ping_status":"closed","template":"","meta":{"footnotes":""},"class_list":["post-2255","page","type-page","status-publish","hentry"],"_links":{"self":[{"href":"https:\/\/www.ambacam.de\/fr\/wp-json\/wp\/v2\/pages\/2255","targetHints":{"allow":["GET"]}}],"collection":[{"href":"https:\/\/www.ambacam.de\/fr\/wp-json\/wp\/v2\/pages"}],"about":[{"href":"https:\/\/www.ambacam.de\/fr\/wp-json\/wp\/v2\/types\/page"}],"author":[{"embeddable":true,"href":"https:\/\/www.ambacam.de\/fr\/wp-json\/wp\/v2\/users\/1"}],"replies":[{"embeddable":true,"href":"https:\/\/www.ambacam.de\/fr\/wp-json\/wp\/v2\/comments?post=2255"}],"version-history":[{"count":25,"href":"https:\/\/www.ambacam.de\/fr\/wp-json\/wp\/v2\/pages\/2255\/revisions"}],"predecessor-version":[{"id":2883,"href":"https:\/\/www.ambacam.de\/fr\/wp-json\/wp\/v2\/pages\/2255\/revisions\/2883"}],"wp:attachment":[{"href":"https:\/\/www.ambacam.de\/fr\/wp-json\/wp\/v2\/media?parent=2255"}],"curies":[{"name":"wp","href":"https:\/\/api.w.org\/{rel}","templated":true}]}}