{"id":4739,"date":"2023-05-02T11:26:44","date_gmt":"2023-05-02T09:26:44","guid":{"rendered":"https:\/\/www.ambacam.de\/fr\/?page_id=4739"},"modified":"2023-07-12T16:14:21","modified_gmt":"2023-07-12T14:14:21","slug":"visa-formalites-dentree-au-cameroun","status":"publish","type":"page","link":"https:\/\/www.ambacam.de\/fr\/visa-formalites-dentree-au-cameroun\/","title":{"rendered":"Visa | Formalit\u00e9s d\u00b4entr\u00e9e au Cameroun"},"content":{"rendered":"\t\t<div data-elementor-type=\"wp-page\" data-elementor-id=\"4739\" class=\"elementor elementor-4739\">\n\t\t\t\t\t\t<section class=\"elementor-section elementor-top-section elementor-element elementor-element-1226eb5d elementor-section-boxed elementor-section-height-default elementor-section-height-default\" data-id=\"1226eb5d\" data-element_type=\"section\" data-e-type=\"section\">\n\t\t\t\t\t\t<div class=\"elementor-container elementor-column-gap-default\">\n\t\t\t\t\t<div class=\"elementor-column elementor-col-100 elementor-top-column elementor-element elementor-element-310c8810\" data-id=\"310c8810\" data-element_type=\"column\" data-e-type=\"column\">\n\t\t\t<div class=\"elementor-widget-wrap elementor-element-populated\">\n\t\t\t\t\t\t<div class=\"elementor-element elementor-element-2f8b8d4 elementor-widget elementor-widget-text-editor\" data-id=\"2f8b8d4\" data-element_type=\"widget\" data-e-type=\"widget\" data-widget_type=\"text-editor.default\">\n\t\t\t\t<div class=\"elementor-widget-container\">\n\t\t\t\t\t\t\t\t\t<blockquote class=\"wp-block-quote\">\n<h5 style=\"color: white;\"><b>VISA | FORMALIT\u00c9S D\u00b4ENTR\u00c9E AU CAMEROUN<\/b><\/h5>\n<\/blockquote>\n\t\t\t\t\t\t\t\t<\/div>\n\t\t\t\t<\/div>\n\t\t\t\t<div class=\"elementor-element elementor-element-83509b5 elementor-widget elementor-widget-heading\" data-id=\"83509b5\" data-element_type=\"widget\" data-e-type=\"widget\" data-widget_type=\"heading.default\">\n\t\t\t\t<div class=\"elementor-widget-container\">\n\t\t\t\t\t<h2 class=\"elementor-heading-title elementor-size-default\"><a href=\"https:\/\/www.ambacam.de\/wp-content\/uploads\/2022\/04\/visa_ambacam_2022.pdf\" target=\"_blank\">VISA ORDINAIRE<\/a><\/h2>\t\t\t\t<\/div>\n\t\t\t\t<\/div>\n\t\t\t\t<div class=\"elementor-element elementor-element-293dbee elementor-widget elementor-widget-text-editor\" data-id=\"293dbee\" data-element_type=\"widget\" data-e-type=\"widget\" data-widget_type=\"text-editor.default\">\n\t\t\t\t<div class=\"elementor-widget-container\">\n\t\t\t\t\t\t\t\t\t<p>Composition du dossier de demande de visa:<\/p><ul><li>Un document de voyage (Passeport) d\u2019une validit\u00e9 d\u2019au moins six (6)mois \u00e0 partir de la date du d\u00e9part<\/li><li>Une (1) invitation l\u00e9galis\u00e9e au Cameroun \/ou un certificat d\u2019h\u00e9bergement<\/li><li>Une (1) photocopie du billet d\u2019avion ou de la r\u00e9servation de vol<\/li><li>Une (1) Photocopie du carnet de vaccination contre la Fi\u00e8vre Jaune<\/li><li>Pour les enfants, joindre en outre une photocopie de l\u2019acte de naissance, une autorisation sign\u00e9e des deux parents et une photocopie des passeports ou des cartes d\u2019identit\u00e9 des parents.<\/li><\/ul><p><strong>Ces documents (pdf ou jpg) doivent \u00eatre transf\u00e9r\u00e9s \/ upload\u00e9s dans l&rsquo;espace r\u00e9serv\u00e9 \u00e0 votre demande de visa sur le site web d&rsquo;evisacam<\/strong><\/p><p><strong>Pour toute demande de visa ordinaire \u00e0 destination du Cameroun,<\/strong><br \/><strong>Veuillez cliquer <a href=\"https:\/\/evisacam.com\/\" target=\"_blank\" rel=\"noopener\">ici<\/a> ou visiter la page: <a href=\"https:\/\/evisacam.com\/\" target=\"_blank\" rel=\"noopener\">evisacam.cm<\/a><\/strong><\/p>\t\t\t\t\t\t\t\t<\/div>\n\t\t\t\t<\/div>\n\t\t\t\t<div class=\"elementor-element elementor-element-9613a2b elementor-widget-divider--view-line elementor-widget elementor-widget-divider\" data-id=\"9613a2b\" data-element_type=\"widget\" data-e-type=\"widget\" data-widget_type=\"divider.default\">\n\t\t\t\t<div class=\"elementor-widget-container\">\n\t\t\t\t\t\t\t<div class=\"elementor-divider\">\n\t\t\t<span class=\"elementor-divider-separator\">\n\t\t\t\t\t\t<\/span>\n\t\t<\/div>\n\t\t\t\t\t\t<\/div>\n\t\t\t\t<\/div>\n\t\t\t\t<div class=\"elementor-element elementor-element-196897f elementor-widget elementor-widget-heading\" data-id=\"196897f\" data-element_type=\"widget\" data-e-type=\"widget\" data-widget_type=\"heading.default\">\n\t\t\t\t<div class=\"elementor-widget-container\">\n\t\t\t\t\t<h2 class=\"elementor-heading-title elementor-size-default\"><a href=\"https:\/\/www.ambacam.de\/wp-content\/uploads\/2022\/04\/visa_ambacam_2022.pdf\" target=\"_blank\">VISA DIPLOMATIQUE OU DE SERVICE<\/a><\/h2>\t\t\t\t<\/div>\n\t\t\t\t<\/div>\n\t\t\t\t<div class=\"elementor-element elementor-element-d1840cc elementor-widget elementor-widget-text-editor\" data-id=\"d1840cc\" data-element_type=\"widget\" data-e-type=\"widget\" data-widget_type=\"text-editor.default\">\n\t\t\t\t<div class=\"elementor-widget-container\">\n\t\t\t\t\t\t\t\t\t<p><b>Proc\u00e9dure pour les visas diplomatiques et de service:<\/b><\/p><p><span style=\"font-size: 16px; color: var( --e-global-color-text );\">D\u00e9poser \u00e0 l&rsquo;ambassade une demande de visa compos\u00e9e de :<\/span><\/p><ul>\n<li>un (1) formulaire de demande de visa qui peut \u00eatre t\u00e9l\u00e9charg\u00e9 sur le site de l\u2019ambassade<\/li>\n<li>passeport du demandeur<\/li>\n<li>deux (2) photos d\u2019identit\u00e9,<\/li>\n<li>invitation ou ordre de mission<\/li>\n<li>note verbale de demande de visa.<\/li>\n<\/ul>\n<p><b>Le d\u00e9lai de traitement est de deux (02) semaines.<\/b><\/p>\t\t\t\t\t\t\t\t<\/div>\n\t\t\t\t<\/div>\n\t\t\t\t<section class=\"elementor-section elementor-inner-section elementor-element elementor-element-4d57f24 elementor-section-boxed elementor-section-height-default elementor-section-height-default\" data-id=\"4d57f24\" data-element_type=\"section\" data-e-type=\"section\">\n\t\t\t\t\t\t<div class=\"elementor-container elementor-column-gap-default\">\n\t\t\t\t\t<div class=\"elementor-column elementor-col-50 elementor-inner-column elementor-element elementor-element-dd93c6f\" data-id=\"dd93c6f\" data-element_type=\"column\" data-e-type=\"column\">\n\t\t\t<div class=\"elementor-widget-wrap elementor-element-populated\">\n\t\t\t\t\t\t<div class=\"elementor-element elementor-element-edef54f elementor-widget elementor-widget-text-editor\" data-id=\"edef54f\" data-element_type=\"widget\" data-e-type=\"widget\" data-widget_type=\"text-editor.default\">\n\t\t\t\t<div class=\"elementor-widget-container\">\n\t\t\t\t\t\t\t\t\t<p>Vous pouvez visualiser et t\u00e9l\u00e9charger votre formulaire de demande de visa en ligne en cliquant sur l\u00b4image.<\/p><p>Ce document est disponible en format PDF<\/p><p>Il doit \u00eatre t\u00e9l\u00e9charg\u00e9, rempli et imprim\u00e9 \u00e0 l&rsquo;aide du logiciel Adobe Acrobat Reader.<\/p><p><a href=\"https:\/\/www.ambacam.de\/fr\/documents-a-telecharger\/\">Acc\u00e9der ici \u00e0\u00a0 la liste des documents \u00e0 t\u00e9l\u00e9charger.\u00a0<\/a><\/p>\t\t\t\t\t\t\t\t<\/div>\n\t\t\t\t<\/div>\n\t\t\t\t\t<\/div>\n\t\t<\/div>\n\t\t\t\t<div class=\"elementor-column elementor-col-50 elementor-inner-column elementor-element elementor-element-4f6798f\" data-id=\"4f6798f\" data-element_type=\"column\" data-e-type=\"column\">\n\t\t\t<div class=\"elementor-widget-wrap elementor-element-populated\">\n\t\t\t\t\t\t<div class=\"elementor-element elementor-element-884f805 elementor-widget elementor-widget-image\" data-id=\"884f805\" data-element_type=\"widget\" data-e-type=\"widget\" data-widget_type=\"image.default\">\n\t\t\t\t<div class=\"elementor-widget-container\">\n\t\t\t\t\t\t\t\t\t\t\t\t\t\t\t\t<a href=\"https:\/\/www.ambacam.de\/wp-content\/uploads\/2022\/04\/visa_ambacam_2022.pdf\" target=\"_blank\" rel=\"nofollow\">\n\t\t\t\t\t\t\t<img decoding=\"async\" src=\"https:\/\/www.ambacam.de\/wp-content\/uploads\/2022\/04\/visa-scaled-e1651077558943.jpg\" title=\"\" alt=\"visa\" loading=\"lazy\" \/>\t\t\t\t\t\t\t\t<\/a>\n\t\t\t\t\t\t\t\t\t\t\t\t\t\t\t<\/div>\n\t\t\t\t<\/div>\n\t\t\t\t\t<\/div>\n\t\t<\/div>\n\t\t\t\t\t<\/div>\n\t\t<\/section>\n\t\t\t\t\t<\/div>\n\t\t<\/div>\n\t\t\t\t\t<\/div>\n\t\t<\/section>\n\t\t\t\t<\/div>\n\t\t","protected":false},"excerpt":{"rendered":"<p>VISA | FORMALIT\u00c9S D\u00b4ENTR\u00c9E AU CAMEROUN VISA ORDINAIRE Composition du dossier de demande de visa: Un document de voyage (Passeport)<\/p>\n","protected":false},"author":1,"featured_media":0,"parent":0,"menu_order":0,"comment_status":"closed","ping_status":"closed","template":"","meta":{"footnotes":""},"class_list":["post-4739","page","type-page","status-publish","hentry"],"_links":{"self":[{"href":"https:\/\/www.ambacam.de\/fr\/wp-json\/wp\/v2\/pages\/4739","targetHints":{"allow":["GET"]}}],"collection":[{"href":"https:\/\/www.ambacam.de\/fr\/wp-json\/wp\/v2\/pages"}],"about":[{"href":"https:\/\/www.ambacam.de\/fr\/wp-json\/wp\/v2\/types\/page"}],"author":[{"embeddable":true,"href":"https:\/\/www.ambacam.de\/fr\/wp-json\/wp\/v2\/users\/1"}],"replies":[{"embeddable":true,"href":"https:\/\/www.ambacam.de\/fr\/wp-json\/wp\/v2\/comments?post=4739"}],"version-history":[{"count":24,"href":"https:\/\/www.ambacam.de\/fr\/wp-json\/wp\/v2\/pages\/4739\/revisions"}],"predecessor-version":[{"id":5691,"href":"https:\/\/www.ambacam.de\/fr\/wp-json\/wp\/v2\/pages\/4739\/revisions\/5691"}],"wp:attachment":[{"href":"https:\/\/www.ambacam.de\/fr\/wp-json\/wp\/v2\/media?parent=4739"}],"curies":[{"name":"wp","href":"https:\/\/api.w.org\/{rel}","templated":true}]}}