{"id":607,"date":"2021-12-28T17:45:43","date_gmt":"2021-12-28T16:45:43","guid":{"rendered":"https:\/\/www.ambacam.de\/fr\/?page_id=607"},"modified":"2022-02-14T13:37:32","modified_gmt":"2022-02-14T12:37:32","slug":"consulats-honoraires","status":"publish","type":"page","link":"https:\/\/www.ambacam.de\/fr\/consulats-honoraires\/","title":{"rendered":"Consulats honoraires"},"content":{"rendered":"\t\t<div data-elementor-type=\"wp-page\" data-elementor-id=\"607\" class=\"elementor elementor-607\">\n\t\t\t\t\t\t<section class=\"elementor-section elementor-top-section elementor-element elementor-element-1226eb5d elementor-section-boxed elementor-section-height-default elementor-section-height-default\" data-id=\"1226eb5d\" data-element_type=\"section\" data-e-type=\"section\">\n\t\t\t\t\t\t<div class=\"elementor-container elementor-column-gap-default\">\n\t\t\t\t\t<div class=\"elementor-column elementor-col-100 elementor-top-column elementor-element elementor-element-310c8810\" data-id=\"310c8810\" data-element_type=\"column\" data-e-type=\"column\">\n\t\t\t<div class=\"elementor-widget-wrap elementor-element-populated\">\n\t\t\t\t\t\t<div class=\"elementor-element elementor-element-2f8b8d4 elementor-widget elementor-widget-text-editor\" data-id=\"2f8b8d4\" data-element_type=\"widget\" data-e-type=\"widget\" data-widget_type=\"text-editor.default\">\n\t\t\t\t<div class=\"elementor-widget-container\">\n\t\t\t\t\t\t\t\t\t<blockquote class=\"wp-block-quote\">\n<h5 style=\"color: white;\"><b>CONSULATS HONORAIRES<\/b><\/h5>\n<\/blockquote>\nLe Cameroun dispose de consulats honoraires \u00e0 Essen, Hambourg et Vienne.\n\nUn consulat honoraire n\u00b4est ni un consulat g\u00e9n\u00e9ral ni une Ambassade. De ce fait, le consul honoraire ne poss\u00e8de pas toutes les comp\u00e9tences d\u00e9volues aux consuls g\u00e9n\u00e9raux et aux Ambassadeurs. Il exerce ses fonctions sous la responsabilit\u00e9 et le contr\u00f4le exclusif de l\u00b4Ambassadeur, chef de circonscription consulaire.\n<br><br>\n<b>Comp\u00e9tences des consuls honoraires<\/b><br>\n<ul><br>\n \t<li>Certification de certains documents \u00e0 l\u00b4exception des dipl\u00f4mes d\u00e9livr\u00e9s au Cameroun, des actes de naissance, des actes de mariage et tout autre document d\u00e9livr\u00e9 par les autorit\u00e9s camerounaises.<\/li>\n \t<br>\n \t<li>En cas d\u2019arrestation ou d\u2019incarc\u00e9ration d\u2019un camerounais, le consul honoraire inform\u00e9, s\u2019assurera des conditions de d\u00e9tention. Pour l\u2019aider judiciairement, il lui proposera une liste d\u2019avocats pour assurer sa d\u00e9fense \u2013 la r\u00e9mun\u00e9ration de l\u2019avocat reste \u00e0 la charge de l\u2019int\u00e9ress\u00e9.<\/li>\n \t<br>\n \t<li>En cas d\u2019accident grave, le consul honoraire pourra pr\u00e9venir la famille et envisager avec elle les mesures \u00e0 prendre : hospitalisation ou rapatriement \u2013 les d\u00e9penses engag\u00e9es demeurant \u00e0 la charge des proches.<\/li>\n \t<br>\n \t<li>En cas de d\u00e9c\u00e8s, le consul honoraire prend attache avec l\u00b4Ambassade afin que les formalit\u00e9s li\u00e9es au d\u00e9c\u00e8s puissent \u00eatre effectu\u00e9es \u2013 les frais doivent \u00eatre pris en charge par l\u2019organisme d\u2019assurance du d\u00e9funt ou, \u00e0 d\u00e9faut, par la famille.<\/li>\n<\/ul>\n<b>Seule l\u00b4Ambassade est comp\u00e9tente pour :<\/b><br>\nD\u00e9livrer les visas d\u00b4entr\u00e9e au Cameroun.<br>\nD\u00e9livrer un laissez-passer.<br>\nDresser ou transcrire un acte d\u2019\u00e9tat civil.<br>\nRecevoir des dossiers de passeport.<br>\n\n<!-- \/wp:paragraph -->\t\t\t\t\t\t\t\t<\/div>\n\t\t\t\t<\/div>\n\t\t\t\t\t<\/div>\n\t\t<\/div>\n\t\t\t\t\t<\/div>\n\t\t<\/section>\n\t\t\t\t<section class=\"elementor-section elementor-top-section elementor-element elementor-element-9693bfb elementor-section-boxed elementor-section-height-default elementor-section-height-default\" data-id=\"9693bfb\" data-element_type=\"section\" data-e-type=\"section\">\n\t\t\t\t\t\t<div class=\"elementor-container elementor-column-gap-default\">\n\t\t\t\t\t<div class=\"elementor-column elementor-col-100 elementor-top-column elementor-element elementor-element-c62dca9\" data-id=\"c62dca9\" data-element_type=\"column\" data-e-type=\"column\">\n\t\t\t<div class=\"elementor-widget-wrap\">\n\t\t\t\t\t\t\t<\/div>\n\t\t<\/div>\n\t\t\t\t\t<\/div>\n\t\t<\/section>\n\t\t\t\t<section class=\"elementor-section elementor-top-section elementor-element elementor-element-5be7458c elementor-section-content-middle elementor-section-boxed elementor-section-height-default elementor-section-height-default\" data-id=\"5be7458c\" data-element_type=\"section\" data-e-type=\"section\" data-settings=\"{&quot;background_background&quot;:&quot;gradient&quot;}\">\n\t\t\t\t\t\t<div class=\"elementor-container elementor-column-gap-no\">\n\t\t\t\t\t<div class=\"elementor-column elementor-col-50 elementor-top-column elementor-element elementor-element-2d64fb0b\" data-id=\"2d64fb0b\" data-element_type=\"column\" data-e-type=\"column\">\n\t\t\t<div class=\"elementor-widget-wrap elementor-element-populated\">\n\t\t\t\t\t\t<div class=\"elementor-element elementor-element-2db6b8cc elementor-widget elementor-widget-image\" data-id=\"2db6b8cc\" data-element_type=\"widget\" data-e-type=\"widget\" data-widget_type=\"image.default\">\n\t\t\t\t<div class=\"elementor-widget-container\">\n\t\t\t\t\t\t\t\t\t\t\t\t\t\t\t<img fetchpriority=\"high\" decoding=\"async\" width=\"925\" height=\"1000\" src=\"https:\/\/www.ambacam.de\/fr\/wp-content\/uploads\/sites\/4\/2021\/12\/DrStefanLiebing-3.jpg\" class=\"attachment-full size-full wp-image-651\" alt=\"\" srcset=\"https:\/\/www.ambacam.de\/fr\/wp-content\/uploads\/sites\/4\/2021\/12\/DrStefanLiebing-3.jpg 925w, https:\/\/www.ambacam.de\/fr\/wp-content\/uploads\/sites\/4\/2021\/12\/DrStefanLiebing-3-278x300.jpg 278w, https:\/\/www.ambacam.de\/fr\/wp-content\/uploads\/sites\/4\/2021\/12\/DrStefanLiebing-3-768x830.jpg 768w\" sizes=\"(max-width: 925px) 100vw, 925px\" \/>\t\t\t\t\t\t\t\t\t\t\t\t\t\t\t<\/div>\n\t\t\t\t<\/div>\n\t\t\t\t\t<\/div>\n\t\t<\/div>\n\t\t\t\t<div class=\"elementor-column elementor-col-50 elementor-top-column elementor-element elementor-element-36e698e2\" data-id=\"36e698e2\" data-element_type=\"column\" data-e-type=\"column\">\n\t\t\t<div class=\"elementor-widget-wrap elementor-element-populated\">\n\t\t\t\t\t\t<div class=\"elementor-element elementor-element-7b146051 elementor-widget elementor-widget-heading\" data-id=\"7b146051\" data-element_type=\"widget\" data-e-type=\"widget\" data-widget_type=\"heading.default\">\n\t\t\t\t<div class=\"elementor-widget-container\">\n\t\t\t\t\t<h6 class=\"elementor-heading-title elementor-size-medium\">Consulat honoraire Hambourg<\/h6>\t\t\t\t<\/div>\n\t\t\t\t<\/div>\n\t\t\t\t<div class=\"elementor-element elementor-element-48770a01 elementor-widget elementor-widget-text-editor\" data-id=\"48770a01\" data-element_type=\"widget\" data-e-type=\"widget\" data-widget_type=\"text-editor.default\">\n\t\t\t\t<div class=\"elementor-widget-container\">\n\t\t\t\t\t\t\t\t\t<p>Dr. Stefan Liebing<br \/>Schl\u00fcterstr 60<br \/>20146 Hambourg<br \/>T\u00e9l\u00e9phone : +49 40 59 37 14 11<br \/>Fax: +49 40 59 37 14 44<br \/>Email: honorarkonsul @stefan-liebing.de<br \/>Site internet: https:\/\/www.kamerun-hamburg.de<\/p>\t\t\t\t\t\t\t\t<\/div>\n\t\t\t\t<\/div>\n\t\t\t\t\t<\/div>\n\t\t<\/div>\n\t\t\t\t\t<\/div>\n\t\t<\/section>\n\t\t\t\t<section class=\"elementor-section elementor-top-section elementor-element elementor-element-ae318f8 elementor-section-content-middle elementor-section-boxed elementor-section-height-default elementor-section-height-default\" data-id=\"ae318f8\" data-element_type=\"section\" data-e-type=\"section\">\n\t\t\t\t\t\t<div class=\"elementor-container elementor-column-gap-no\">\n\t\t\t\t\t<div class=\"elementor-column elementor-col-50 elementor-top-column elementor-element elementor-element-e2b88f6\" data-id=\"e2b88f6\" data-element_type=\"column\" data-e-type=\"column\">\n\t\t\t<div class=\"elementor-widget-wrap elementor-element-populated\">\n\t\t\t\t\t\t<div class=\"elementor-element elementor-element-b9f6109 elementor-widget elementor-widget-heading\" data-id=\"b9f6109\" data-element_type=\"widget\" data-e-type=\"widget\" data-widget_type=\"heading.default\">\n\t\t\t\t<div class=\"elementor-widget-container\">\n\t\t\t\t\t<h6 class=\"elementor-heading-title elementor-size-default\">Consulat honoraire Essen<\/h6>\t\t\t\t<\/div>\n\t\t\t\t<\/div>\n\t\t\t\t<div class=\"elementor-element elementor-element-87a54db elementor-widget elementor-widget-text-editor\" data-id=\"87a54db\" data-element_type=\"widget\" data-e-type=\"widget\" data-widget_type=\"text-editor.default\">\n\t\t\t\t<div class=\"elementor-widget-container\">\n\t\t\t\t\t\t\t\t\t<p>Dr. Gordon Walter <br \/>Consul Honoraire<br \/>Heierbusch 28<br \/>45133 Essen<br \/>T\u00e9l\u00e9phone: +49 201 42 09 88<br \/>Email: consul.h.walter @online.de<br \/>Site internet: http:\/\/www.kamerun-konsulat.de<\/p>\t\t\t\t\t\t\t\t<\/div>\n\t\t\t\t<\/div>\n\t\t\t\t\t<\/div>\n\t\t<\/div>\n\t\t\t\t<div class=\"elementor-column elementor-col-50 elementor-top-column elementor-element elementor-element-5c01b24\" data-id=\"5c01b24\" data-element_type=\"column\" data-e-type=\"column\">\n\t\t\t<div class=\"elementor-widget-wrap elementor-element-populated\">\n\t\t\t\t\t\t<div class=\"elementor-element elementor-element-126f2bf elementor-widget elementor-widget-image\" data-id=\"126f2bf\" data-element_type=\"widget\" data-e-type=\"widget\" data-widget_type=\"image.default\">\n\t\t\t\t<div class=\"elementor-widget-container\">\n\t\t\t\t\t\t\t\t\t\t\t\t\t\t\t<img decoding=\"async\" width=\"512\" height=\"340\" src=\"https:\/\/www.ambacam.de\/fr\/wp-content\/uploads\/sites\/4\/2021\/12\/Gordon-Essen.jpg\" class=\"attachment-full size-full wp-image-653\" alt=\"\" srcset=\"https:\/\/www.ambacam.de\/fr\/wp-content\/uploads\/sites\/4\/2021\/12\/Gordon-Essen.jpg 512w, https:\/\/www.ambacam.de\/fr\/wp-content\/uploads\/sites\/4\/2021\/12\/Gordon-Essen-300x199.jpg 300w\" sizes=\"(max-width: 512px) 100vw, 512px\" \/>\t\t\t\t\t\t\t\t\t\t\t\t\t\t\t<\/div>\n\t\t\t\t<\/div>\n\t\t\t\t\t<\/div>\n\t\t<\/div>\n\t\t\t\t\t<\/div>\n\t\t<\/section>\n\t\t\t\t<section class=\"elementor-section elementor-top-section elementor-element elementor-element-dc3705d elementor-section-content-middle elementor-section-boxed elementor-section-height-default elementor-section-height-default\" data-id=\"dc3705d\" data-element_type=\"section\" data-e-type=\"section\">\n\t\t\t\t\t\t<div class=\"elementor-container elementor-column-gap-no\">\n\t\t\t\t\t<div class=\"elementor-column elementor-col-50 elementor-top-column elementor-element elementor-element-bdce3d3\" data-id=\"bdce3d3\" data-element_type=\"column\" data-e-type=\"column\">\n\t\t\t<div class=\"elementor-widget-wrap elementor-element-populated\">\n\t\t\t\t\t\t<div class=\"elementor-element elementor-element-3dbd94b elementor-widget elementor-widget-image\" data-id=\"3dbd94b\" data-element_type=\"widget\" data-e-type=\"widget\" data-widget_type=\"image.default\">\n\t\t\t\t<div class=\"elementor-widget-container\">\n\t\t\t\t\t\t\t\t\t\t\t\t\t\t\t<img decoding=\"async\" width=\"800\" height=\"533\" src=\"https:\/\/www.ambacam.de\/fr\/wp-content\/uploads\/sites\/4\/2021\/12\/Mme-Gertrud-Tauchhammer.jpg\" class=\"attachment-full size-full wp-image-652\" alt=\"\" srcset=\"https:\/\/www.ambacam.de\/fr\/wp-content\/uploads\/sites\/4\/2021\/12\/Mme-Gertrud-Tauchhammer.jpg 800w, https:\/\/www.ambacam.de\/fr\/wp-content\/uploads\/sites\/4\/2021\/12\/Mme-Gertrud-Tauchhammer-300x200.jpg 300w, https:\/\/www.ambacam.de\/fr\/wp-content\/uploads\/sites\/4\/2021\/12\/Mme-Gertrud-Tauchhammer-768x512.jpg 768w\" sizes=\"(max-width: 800px) 100vw, 800px\" \/>\t\t\t\t\t\t\t\t\t\t\t\t\t\t\t<\/div>\n\t\t\t\t<\/div>\n\t\t\t\t\t<\/div>\n\t\t<\/div>\n\t\t\t\t<div class=\"elementor-column elementor-col-50 elementor-top-column elementor-element elementor-element-fbb142f\" data-id=\"fbb142f\" data-element_type=\"column\" data-e-type=\"column\">\n\t\t\t<div class=\"elementor-widget-wrap elementor-element-populated\">\n\t\t\t\t\t\t<div class=\"elementor-element elementor-element-4199f70 elementor-widget elementor-widget-heading\" data-id=\"4199f70\" data-element_type=\"widget\" data-e-type=\"widget\" data-widget_type=\"heading.default\">\n\t\t\t\t<div class=\"elementor-widget-container\">\n\t\t\t\t\t<h6 class=\"elementor-heading-title elementor-size-default\">Consulat honoraire Vienne<\/h6>\t\t\t\t<\/div>\n\t\t\t\t<\/div>\n\t\t\t\t<div class=\"elementor-element elementor-element-bf19000 elementor-widget elementor-widget-text-editor\" data-id=\"bf19000\" data-element_type=\"widget\" data-e-type=\"widget\" data-widget_type=\"text-editor.default\">\n\t\t\t\t<div class=\"elementor-widget-container\">\n\t\t\t\t\t\t\t\t\t<p>Mme Gertrud Tauchhammer, <br \/>Consul Honoraire<br \/>Villa Flora, H\u00fcttelbergerstrasse 23A<br \/>1140 Vienne<br \/>T\u00e9l\u00e9phone : +43 1 914 77 44 0<br \/>Fax: +43 1 914 77 44 8<br \/>mail: mail @ society.at<\/p>\t\t\t\t\t\t\t\t<\/div>\n\t\t\t\t<\/div>\n\t\t\t\t\t<\/div>\n\t\t<\/div>\n\t\t\t\t\t<\/div>\n\t\t<\/section>\n\t\t\t\t<\/div>\n\t\t","protected":false},"excerpt":{"rendered":"<p>CONSULATS HONORAIRES Le Cameroun dispose de consulats honoraires \u00e0 Essen, Hambourg et Vienne. Un consulat honoraire n\u00b4est ni un consulat<\/p>\n","protected":false},"author":1,"featured_media":0,"parent":0,"menu_order":0,"comment_status":"closed","ping_status":"closed","template":"","meta":{"footnotes":""},"class_list":["post-607","page","type-page","status-publish","hentry"],"_links":{"self":[{"href":"https:\/\/www.ambacam.de\/fr\/wp-json\/wp\/v2\/pages\/607","targetHints":{"allow":["GET"]}}],"collection":[{"href":"https:\/\/www.ambacam.de\/fr\/wp-json\/wp\/v2\/pages"}],"about":[{"href":"https:\/\/www.ambacam.de\/fr\/wp-json\/wp\/v2\/types\/page"}],"author":[{"embeddable":true,"href":"https:\/\/www.ambacam.de\/fr\/wp-json\/wp\/v2\/users\/1"}],"replies":[{"embeddable":true,"href":"https:\/\/www.ambacam.de\/fr\/wp-json\/wp\/v2\/comments?post=607"}],"version-history":[{"count":97,"href":"https:\/\/www.ambacam.de\/fr\/wp-json\/wp\/v2\/pages\/607\/revisions"}],"predecessor-version":[{"id":1848,"href":"https:\/\/www.ambacam.de\/fr\/wp-json\/wp\/v2\/pages\/607\/revisions\/1848"}],"wp:attachment":[{"href":"https:\/\/www.ambacam.de\/fr\/wp-json\/wp\/v2\/media?parent=607"}],"curies":[{"name":"wp","href":"https:\/\/api.w.org\/{rel}","templated":true}]}}