{"id":748,"date":"2021-12-28T19:58:35","date_gmt":"2021-12-28T18:58:35","guid":{"rendered":"https:\/\/www.ambacam.de\/fr\/?page_id=748"},"modified":"2022-07-06T22:12:57","modified_gmt":"2022-07-06T20:12:57","slug":"passeport","status":"publish","type":"page","link":"https:\/\/www.ambacam.de\/fr\/passeport\/","title":{"rendered":"Passeport"},"content":{"rendered":"\t\t<div data-elementor-type=\"wp-page\" data-elementor-id=\"748\" class=\"elementor elementor-748\">\n\t\t\t\t\t\t<section class=\"elementor-section elementor-top-section elementor-element elementor-element-1226eb5d elementor-section-boxed elementor-section-height-default elementor-section-height-default\" data-id=\"1226eb5d\" data-element_type=\"section\" data-e-type=\"section\">\n\t\t\t\t\t\t<div class=\"elementor-container elementor-column-gap-default\">\n\t\t\t\t\t<div class=\"elementor-column elementor-col-100 elementor-top-column elementor-element elementor-element-310c8810\" data-id=\"310c8810\" data-element_type=\"column\" data-e-type=\"column\">\n\t\t\t<div class=\"elementor-widget-wrap elementor-element-populated\">\n\t\t\t\t\t\t<div class=\"elementor-element elementor-element-2f8b8d4 elementor-widget elementor-widget-text-editor\" data-id=\"2f8b8d4\" data-element_type=\"widget\" data-e-type=\"widget\" data-widget_type=\"text-editor.default\">\n\t\t\t\t<div class=\"elementor-widget-container\">\n\t\t\t\t\t\t\t\t\t<blockquote class=\"wp-block-quote\">\n<h5 style=\"color: white;\"><b>PASSEPORT<\/b><\/h5>\n<\/blockquote>\n<p>La demande de passeport se fait uniquement en ligne sur le site :&nbsp;<a href=\"https:\/\/www.passcam.cm\" target=\"_blank\" rel=\"noopener\">https:\/\/www.passcam.cm<\/a><\/p>\n<p><br><\/p>\n<ul>\n<li><b>ETAPE 1: PR\u00c9-ENR\u00d4LEMENT EN LIGNE&nbsp;<\/b><\/li>\n<\/ul>\n<div>\n<p>Tout demandeur d\u00b4un passeport devra proc\u00e9der \u00e0 l\u2019ouverture de son dossier en ligne.<br>Prenez le temps de lire les instructions explicatives.<\/p>\n<p>En cas de probl\u00e8me pendant cette proc\u00e9dure de pr\u00e9-enr\u00f4lement, bien vouloir \u00e9crire \u00e0 <b><a href=\"mailto: contact@passcam.cm\">contact@passcam.cm<\/a><\/b>.<\/p>\n<ul>\n<li>Aller sur le site du pr\u00e9-enr\u00f4lement : <a href=\"https:\/\/www.passcam.cm\" target=\"_blank\" rel=\"noopener\">https:\/\/www.passcam.cm<\/a><\/li>\n<li>Choisir en haut \u00e0 droite votre langue pour la proc\u00e9dure.<\/li>\n<li>Cliquer sur le bouton VERT en haut \u00e0 gauche D\u00c9BUTEZ VOTRE PR\u00c9-ENR\u00d4LEMENT<\/li>\n<li>Lire et accepter les termes et conditions<\/li>\n<li>Choisir votre support d\u2019authentification : Num\u00e9ro de t\u00e9l\u00e9phone ou Adresse \u00e9lectronique<\/li>\n<li>Introduire maintenant le code re\u00e7u soit par SMS soit par email selon votre choix pr\u00e9c\u00e9dent.<\/li>\n<li>Maintenant vous devez aller \u00e0 NOUVELLE DEMANDE et remplir la fiche d\u00b4information.<\/li>\n<li>Choisir le mode payement uniquement (Carte de cr\u00e9dit, Express Union, Orange Money, MTN Mobile Money ou Yoomee)<\/li>\n<li>Apr\u00e8s le payement, un onglet de rendez-vous s\u2019ouvre : Choisir le lieu (Ambassade du Cameroun \u00e0 Berlin) et la date d\u00b4enr\u00f4lement physique.<\/li>\n<li>Vous venez de terminer la premi\u00e8re partie. Imprimer maintenant la fiche d\u00b4information qui a \u00e9t\u00e9 g\u00e9n\u00e9r\u00e9e.<\/li>\n<\/ul>\n<div><br><\/div>\n<\/div>\n<ul>\n<li><b>ETAPE 2: ENR\u00d4LEMENT PHYSIQUE \u00c0 L\u00b4AMBASSADE<\/b><\/li>\n<\/ul>\n<p>Apr\u00e8s avoir choisi un des rendez-vous disponibles lors du pr\u00e9-enr\u00f4lement, le demandeur devra se pr\u00e9senter <b>CE JOUR <\/b>\u00e0 l\u00b4Ambassade muni de :<\/p>\n<ul>\n<li>la fiche d\u00b4informations,<\/li>\n<li>originaux des pi\u00e8ces demand\u00e9es pour la prise des param\u00e8tres et la validation du dossier,<\/li>\n<li>50 Euros de frais consulaires.<\/li>\n<\/ul>\n<div>\n<p><b>ASTUCES<\/b><\/p>\n<p>La proc\u00e9dure de pr\u00e9-enr\u00f4lement peut \u00eatre interrompue \u00e0 tout moment et reprise au m\u00eame niveau \u00e0 partir de votre code d\u00b4indentification.<br>La fiche d\u00b4information \u00e0 imprimer est dans votre mail et vous informe des documents \u00e0 fournir \u00e0 l\u00b4Ambassade.<br>Le changement de votre rendez-vous d\u00b4enr\u00f4lement physique ne peut que se faire en ligne et n\u00b4est possible qu\u00b4UNE SEULE FOIS.<\/p><p><br><\/p>\n<\/div>\n<div>\n<ul>\n<li><b>ETAPE 3: <strong>RETRAIT DU PASSEPORT <\/strong>\u00c0 L\u00b4AMBASSADE<\/b><\/li>\n<\/ul>\n<p>Vous recevrez un mail ou SMS vous indiquant la disponibilit\u00e9 de votre passeport.<br>Cela veut dire que votre passeport est \u00e0 l\u2019Ambassade et AUCUNE autre confirmation n\u00b4est n\u00e9cessaire.<br><b>Le retrait des passeports nouvellement \u00e9tablis s\u2019effectue PERSONNELLEMENT \u00e0 l\u2019Ambassade de lundi \u00e0 jeudi de 12H \u00e0 14H<\/b><br>ou au cas contraire envoyez quelqu\u2019un avec une procuration d\u00e9j\u00e0 sign\u00e9e aupr\u00e8s d\u2019une autorit\u00e9 comp\u00e9tente (Mairie ou notaire).<\/p>\n<\/div>\n<p><!-- \/wp:paragraph --><\/p>\t\t\t\t\t\t\t\t<\/div>\n\t\t\t\t<\/div>\n\t\t\t\t\t<\/div>\n\t\t<\/div>\n\t\t\t\t\t<\/div>\n\t\t<\/section>\n\t\t\t\t<section class=\"elementor-section elementor-top-section elementor-element elementor-element-b1a59c8 elementor-section-boxed elementor-section-height-default elementor-section-height-default\" data-id=\"b1a59c8\" data-element_type=\"section\" data-e-type=\"section\">\n\t\t\t\t\t\t<div class=\"elementor-container elementor-column-gap-default\">\n\t\t\t\t\t<div class=\"elementor-column elementor-col-100 elementor-top-column elementor-element elementor-element-57c2e9e\" data-id=\"57c2e9e\" data-element_type=\"column\" data-e-type=\"column\">\n\t\t\t<div class=\"elementor-widget-wrap elementor-element-populated\">\n\t\t\t\t\t\t<div class=\"elementor-element elementor-element-43ceb8a elementor-widget elementor-widget-image\" data-id=\"43ceb8a\" data-element_type=\"widget\" data-e-type=\"widget\" data-widget_type=\"image.default\">\n\t\t\t\t<div class=\"elementor-widget-container\">\n\t\t\t\t\t\t\t\t\t\t\t\t\t\t\t<img fetchpriority=\"high\" decoding=\"async\" width=\"716\" height=\"1024\" src=\"https:\/\/www.ambacam.de\/fr\/wp-content\/uploads\/sites\/4\/2021\/12\/etape_passeport-716x1024.png\" class=\"attachment-large size-large wp-image-766\" alt=\"\" srcset=\"https:\/\/www.ambacam.de\/fr\/wp-content\/uploads\/sites\/4\/2021\/12\/etape_passeport-716x1024.png 716w, https:\/\/www.ambacam.de\/fr\/wp-content\/uploads\/sites\/4\/2021\/12\/etape_passeport-210x300.png 210w, https:\/\/www.ambacam.de\/fr\/wp-content\/uploads\/sites\/4\/2021\/12\/etape_passeport-768x1098.png 768w, https:\/\/www.ambacam.de\/fr\/wp-content\/uploads\/sites\/4\/2021\/12\/etape_passeport-1074x1536.png 1074w, https:\/\/www.ambacam.de\/fr\/wp-content\/uploads\/sites\/4\/2021\/12\/etape_passeport.png 1200w\" sizes=\"(max-width: 716px) 100vw, 716px\" \/>\t\t\t\t\t\t\t\t\t\t\t\t\t\t\t<\/div>\n\t\t\t\t<\/div>\n\t\t\t\t\t<\/div>\n\t\t<\/div>\n\t\t\t\t\t<\/div>\n\t\t<\/section>\n\t\t\t\t<\/div>\n\t\t","protected":false},"excerpt":{"rendered":"<p>PASSEPORT La demande de passeport se fait uniquement en ligne sur le site :&nbsp;https:\/\/www.passcam.cm ETAPE 1: PR\u00c9-ENR\u00d4LEMENT EN LIGNE&nbsp; Tout<\/p>\n","protected":false},"author":1,"featured_media":0,"parent":0,"menu_order":0,"comment_status":"closed","ping_status":"closed","template":"","meta":{"footnotes":""},"class_list":["post-748","page","type-page","status-publish","hentry"],"_links":{"self":[{"href":"https:\/\/www.ambacam.de\/fr\/wp-json\/wp\/v2\/pages\/748","targetHints":{"allow":["GET"]}}],"collection":[{"href":"https:\/\/www.ambacam.de\/fr\/wp-json\/wp\/v2\/pages"}],"about":[{"href":"https:\/\/www.ambacam.de\/fr\/wp-json\/wp\/v2\/types\/page"}],"author":[{"embeddable":true,"href":"https:\/\/www.ambacam.de\/fr\/wp-json\/wp\/v2\/users\/1"}],"replies":[{"embeddable":true,"href":"https:\/\/www.ambacam.de\/fr\/wp-json\/wp\/v2\/comments?post=748"}],"version-history":[{"count":202,"href":"https:\/\/www.ambacam.de\/fr\/wp-json\/wp\/v2\/pages\/748\/revisions"}],"predecessor-version":[{"id":3595,"href":"https:\/\/www.ambacam.de\/fr\/wp-json\/wp\/v2\/pages\/748\/revisions\/3595"}],"wp:attachment":[{"href":"https:\/\/www.ambacam.de\/fr\/wp-json\/wp\/v2\/media?parent=748"}],"curies":[{"name":"wp","href":"https:\/\/api.w.org\/{rel}","templated":true}]}}