{"id":804,"date":"2021-12-28T22:56:25","date_gmt":"2021-12-28T21:56:25","guid":{"rendered":"https:\/\/www.ambacam.de\/fr\/?page_id=804"},"modified":"2022-11-01T14:47:46","modified_gmt":"2022-11-01T13:47:46","slug":"mission-militaire","status":"publish","type":"page","link":"https:\/\/www.ambacam.de\/fr\/mission-militaire\/","title":{"rendered":"Mission militaire"},"content":{"rendered":"\t\t<div data-elementor-type=\"wp-page\" data-elementor-id=\"804\" class=\"elementor elementor-804\">\n\t\t\t\t\t\t<section class=\"elementor-section elementor-top-section elementor-element elementor-element-1226eb5d elementor-section-boxed elementor-section-height-default elementor-section-height-default\" data-id=\"1226eb5d\" data-element_type=\"section\" data-e-type=\"section\">\n\t\t\t\t\t\t<div class=\"elementor-container elementor-column-gap-default\">\n\t\t\t\t\t<div class=\"elementor-column elementor-col-100 elementor-top-column elementor-element elementor-element-310c8810\" data-id=\"310c8810\" data-element_type=\"column\" data-e-type=\"column\">\n\t\t\t<div class=\"elementor-widget-wrap elementor-element-populated\">\n\t\t\t\t\t\t<section class=\"elementor-section elementor-inner-section elementor-element elementor-element-166a99e elementor-section-boxed elementor-section-height-default elementor-section-height-default\" data-id=\"166a99e\" data-element_type=\"section\" data-e-type=\"section\">\n\t\t\t\t\t\t<div class=\"elementor-container elementor-column-gap-default\">\n\t\t\t\t\t<div class=\"elementor-column elementor-col-50 elementor-inner-column elementor-element elementor-element-dd9d517\" data-id=\"dd9d517\" data-element_type=\"column\" data-e-type=\"column\">\n\t\t\t<div class=\"elementor-widget-wrap elementor-element-populated\">\n\t\t\t\t\t\t<div class=\"elementor-element elementor-element-2f8b8d4 elementor-widget elementor-widget-text-editor\" data-id=\"2f8b8d4\" data-element_type=\"widget\" data-e-type=\"widget\" data-widget_type=\"text-editor.default\">\n\t\t\t\t<div class=\"elementor-widget-container\">\n\t\t\t\t\t\t\t\t\t<blockquote class=\"wp-block-quote\"><h5 style=\"color: white;\"><b>MISSION MILITAIRE<\/b><\/h5><\/blockquote><p>Les Missions militaires dans les Postes Diplomatiques de la R\u00e9publique du Cameroun ont \u00e9t\u00e9 cr\u00e9\u00e9es par D\u00e9cret du Pr\u00e9sident de la R\u00e9publique n\u00b0 2012\/149 du 21 mars 2012. Dans son article 1, il est \u00e9crit que \u00ab outre le pays d\u2019accr\u00e9ditation, la zone de comp\u00e9tence d\u2019une Mission Militaire peut s\u2019\u00e9tendre sur plusieurs autres pays de la sous-r\u00e9gions concern\u00e9e \u00bb .<\/p><p>\u00a0 <br \/>A ce titre, la Mission Militaire aupr\u00e8s des Ambassades du Cameroun en Allemagne, aux Pays-Bas et en Suisse avec r\u00e9sidence \u00e0 Berlin a pour zone de comp\u00e9tence l\u2019Allemagne, les Pays-Bas, la Suisse, l\u2019Autriche, la Mac\u00e9doine, la Pologne, la R\u00e9publique Tch\u00e8que, la Slov\u00e9nie, l\u2019Albanie, la Croatie, la Hongrie, la Roumanie, la Bulgarie et la Serbie (art. 8).<\/p><p><br \/>La Mission Militaire est dirig\u00e9e par un Officier nomm\u00e9 par D\u00e9cret du Pr\u00e9sident de la R\u00e9publique et portant le titre de Conseiller militaire. (Art.2)<\/p><p><br \/>Dans sa zone de comp\u00e9tence l\u2019Attach\u00e9 de D\u00e9fense est charg\u00e9 entre autres de :<\/p><p><!-- \/wp:paragraph --><\/p>\t\t\t\t\t\t\t\t<\/div>\n\t\t\t\t<\/div>\n\t\t\t\t\t<\/div>\n\t\t<\/div>\n\t\t\t\t<div class=\"elementor-column elementor-col-50 elementor-inner-column elementor-element elementor-element-f3c5e87\" data-id=\"f3c5e87\" data-element_type=\"column\" data-e-type=\"column\">\n\t\t\t<div class=\"elementor-widget-wrap elementor-element-populated\">\n\t\t\t\t\t\t<div class=\"elementor-element elementor-element-47ec591 elementor-widget elementor-widget-image\" data-id=\"47ec591\" data-element_type=\"widget\" data-e-type=\"widget\" data-widget_type=\"image.default\">\n\t\t\t\t<div class=\"elementor-widget-container\">\n\t\t\t\t\t\t\t\t\t\t\t\t\t\t\t<img fetchpriority=\"high\" decoding=\"async\" width=\"400\" height=\"400\" src=\"https:\/\/www.ambacam.de\/fr\/wp-content\/uploads\/sites\/4\/2022\/11\/mindef.png\" class=\"attachment-large size-large wp-image-4148\" alt=\"\" srcset=\"https:\/\/www.ambacam.de\/fr\/wp-content\/uploads\/sites\/4\/2022\/11\/mindef.png 400w, https:\/\/www.ambacam.de\/fr\/wp-content\/uploads\/sites\/4\/2022\/11\/mindef-300x300.png 300w, https:\/\/www.ambacam.de\/fr\/wp-content\/uploads\/sites\/4\/2022\/11\/mindef-150x150.png 150w\" sizes=\"(max-width: 400px) 100vw, 400px\" \/>\t\t\t\t\t\t\t\t\t\t\t\t\t\t\t<\/div>\n\t\t\t\t<\/div>\n\t\t\t\t<div class=\"elementor-element elementor-element-d828ebf elementor-widget elementor-widget-text-editor\" data-id=\"d828ebf\" data-element_type=\"widget\" data-e-type=\"widget\" data-widget_type=\"text-editor.default\">\n\t\t\t\t<div class=\"elementor-widget-container\">\n\t\t\t\t\t\t\t\t\t<p>Attach\u00e9 de d\u00e9fense: <br>Colonel BINDELE Isabelle Sylvie R\u00e9my<br>Ulmenallee 32<br>14050 Berlin<br>T\u00e9l.: + 49 30 89 06 809 XX<br>Fax.: + 49 30 89 00 57 49<br>E-mail: defence(a)ambacam.de<\/p>\t\t\t\t\t\t\t\t<\/div>\n\t\t\t\t<\/div>\n\t\t\t\t<div class=\"elementor-element elementor-element-42587d8 elementor-widget elementor-widget-text-editor\" data-id=\"42587d8\" data-element_type=\"widget\" data-e-type=\"widget\" data-widget_type=\"text-editor.default\">\n\t\t\t\t<div class=\"elementor-widget-container\">\n\t\t\t\t\t\t\t\t\t<p>Attach\u00e9 de d\u00e9fense adjoint: <br \/>Capitaine de Vaisseau ESSOMBA Jean Paul<br \/>Ulmenallee 32<br \/>14050 Berlin<br \/>T\u00e9l.: + 49 30 89 06 809 XX<br \/>Fax.: + 49 30 89 00 57 49<br \/>E-mail: defence(a)ambacam.de<\/p>\t\t\t\t\t\t\t\t<\/div>\n\t\t\t\t<\/div>\n\t\t\t\t\t<\/div>\n\t\t<\/div>\n\t\t\t\t\t<\/div>\n\t\t<\/section>\n\t\t\t\t\t<\/div>\n\t\t<\/div>\n\t\t\t\t\t<\/div>\n\t\t<\/section>\n\t\t\t\t<\/div>\n\t\t","protected":false},"excerpt":{"rendered":"<p>MISSION MILITAIRE Les Missions militaires dans les Postes Diplomatiques de la R\u00e9publique du Cameroun ont \u00e9t\u00e9 cr\u00e9\u00e9es par D\u00e9cret du<\/p>\n","protected":false},"author":1,"featured_media":0,"parent":0,"menu_order":0,"comment_status":"closed","ping_status":"closed","template":"","meta":{"footnotes":""},"class_list":["post-804","page","type-page","status-publish","hentry"],"_links":{"self":[{"href":"https:\/\/www.ambacam.de\/fr\/wp-json\/wp\/v2\/pages\/804","targetHints":{"allow":["GET"]}}],"collection":[{"href":"https:\/\/www.ambacam.de\/fr\/wp-json\/wp\/v2\/pages"}],"about":[{"href":"https:\/\/www.ambacam.de\/fr\/wp-json\/wp\/v2\/types\/page"}],"author":[{"embeddable":true,"href":"https:\/\/www.ambacam.de\/fr\/wp-json\/wp\/v2\/users\/1"}],"replies":[{"embeddable":true,"href":"https:\/\/www.ambacam.de\/fr\/wp-json\/wp\/v2\/comments?post=804"}],"version-history":[{"count":50,"href":"https:\/\/www.ambacam.de\/fr\/wp-json\/wp\/v2\/pages\/804\/revisions"}],"predecessor-version":[{"id":4151,"href":"https:\/\/www.ambacam.de\/fr\/wp-json\/wp\/v2\/pages\/804\/revisions\/4151"}],"wp:attachment":[{"href":"https:\/\/www.ambacam.de\/fr\/wp-json\/wp\/v2\/media?parent=804"}],"curies":[{"name":"wp","href":"https:\/\/api.w.org\/{rel}","templated":true}]}}