{"id":832,"date":"2021-12-28T23:15:34","date_gmt":"2021-12-28T22:15:34","guid":{"rendered":"https:\/\/www.ambacam.de\/fr\/?page_id=832"},"modified":"2025-09-20T18:32:00","modified_gmt":"2025-09-20T16:32:00","slug":"service-des-affaires-consulaires","status":"publish","type":"page","link":"https:\/\/www.ambacam.de\/fr\/service-des-affaires-consulaires\/","title":{"rendered":"Service des affaires consulaires"},"content":{"rendered":"\t\t<div data-elementor-type=\"wp-page\" data-elementor-id=\"832\" class=\"elementor elementor-832\">\n\t\t\t\t\t\t<section class=\"elementor-section elementor-top-section elementor-element elementor-element-1226eb5d elementor-section-boxed elementor-section-height-default elementor-section-height-default\" data-id=\"1226eb5d\" data-element_type=\"section\" data-e-type=\"section\">\n\t\t\t\t\t\t<div class=\"elementor-container elementor-column-gap-default\">\n\t\t\t\t\t<div class=\"elementor-column elementor-col-100 elementor-top-column elementor-element elementor-element-310c8810\" data-id=\"310c8810\" data-element_type=\"column\" data-e-type=\"column\">\n\t\t\t<div class=\"elementor-widget-wrap elementor-element-populated\">\n\t\t\t\t\t\t<section class=\"elementor-section elementor-inner-section elementor-element elementor-element-166a99e elementor-section-boxed elementor-section-height-default elementor-section-height-default\" data-id=\"166a99e\" data-element_type=\"section\" data-e-type=\"section\">\n\t\t\t\t\t\t<div class=\"elementor-container elementor-column-gap-default\">\n\t\t\t\t\t<div class=\"elementor-column elementor-col-50 elementor-inner-column elementor-element elementor-element-dd9d517\" data-id=\"dd9d517\" data-element_type=\"column\" data-e-type=\"column\">\n\t\t\t<div class=\"elementor-widget-wrap elementor-element-populated\">\n\t\t\t\t\t\t<div class=\"elementor-element elementor-element-2f8b8d4 elementor-widget elementor-widget-text-editor\" data-id=\"2f8b8d4\" data-element_type=\"widget\" data-e-type=\"widget\" data-widget_type=\"text-editor.default\">\n\t\t\t\t<div class=\"elementor-widget-container\">\n\t\t\t\t\t\t\t\t\t<blockquote class=\"wp-block-quote\">\n<h5 style=\"color: white; text-align: center; font-weight: bold;\">SERVICE DES AFFAIRES CONSULAIRES<\/h5>\n<\/blockquote>\n<!-- Intro text -->\n\nLe service des affaires consulaires g\u00e8re les questions relatives \u00e0 l&rsquo;inscription \u00e0 l&rsquo;Ambassade, \u00e0 l&rsquo;obtention de la carte consulaire, \u00e0 la demande de visa, au passeport, au laissez-passer, au mariage, \u00e0 la transcription d&rsquo;acte de naissance, \u00e0 l&rsquo;autorisation de rapatriement de corps, au certificat de perte et \u00e0 la demande de procuration.\n<br>\n<!-- Communique Section -->\n<h4 style=\"text-align: center; font-style: italic; text-decoration: underline;\">COMMUNIQUE<\/h4>\nIl est port\u00e9 \u00e0 la connaissance du public que les prix des prestations consulaires fournies par l&rsquo;Ambassade du Cameroun en Allemagne sont arr\u00eat\u00e9s ainsi qu&rsquo;il suit :\n\n<!-- Table of prices -->\n<table style=\"width: 100%; border-collapse: collapse; margin: 25px 0; box-shadow: 0 0 15px rgba(0, 0, 0, 0.08); background-color: white; border-radius: 8px; overflow: hidden;\">\n<thead>\n<tr>\n<th style=\"padding: 14px 16px; background-color: #064424; color: white;\">N\u00b0<\/th>\n<th style=\"padding: 14px 16px; background-color: #064424; color: white;\">Nature de la prestation<\/th>\n<th style=\"padding: 14px 16px; background-color: #064424; color: white;\">Montant<\/th>\n<\/tr>\n<\/thead>\n<tbody>\n<tr>\n<td style=\"padding: 14px 16px; border-bottom: 1px solid #eaeaea;\">01<\/td>\n<td style=\"padding: 14px 16px; border-bottom: 1px solid #eaeaea;\"><i class=\"fas fa-plane\" style=\"color: #064424; margin-right: 8px;\"><\/i>\n<a style=\"color: #064424; font-weight: 600;\" href=\"https:\/\/evisacam.cm\" target=\"_blank\" rel=\"noopener\">Visa pour plusieurs entr\u00e9es et sorties valable de 0 \u00e0 6 mois<\/a><\/td>\n<td style=\"padding: 14px 16px; border-bottom: 1px solid #eaeaea;\">153 \u20ac<\/td>\n<\/tr>\n<tr>\n<td style=\"padding: 14px 16px; border-bottom: 1px solid #eaeaea;\">02<\/td>\n<td style=\"padding: 14px 16px; border-bottom: 1px solid #eaeaea;\"><i class=\"fas fa-tachometer-alt\" style=\"color: #064424; margin-right: 8px;\"><\/i>\n<a style=\"color: #064424; font-weight: 600;\" href=\"https:\/\/evisacam.cm\" target=\"_blank\" rel=\"noopener\">Visa express pour plusieurs entr\u00e9es et sorties valable de 0 \u00e0 6 mois<\/a><\/td>\n<td style=\"padding: 14px 16px; border-bottom: 1px solid #eaeaea;\">230 \u20ac<\/td>\n<\/tr>\n<tr>\n<td style=\"padding: 14px 16px; border-bottom: 1px solid #eaeaea;\">03<\/td>\n<td style=\"padding: 14px 16px; border-bottom: 1px solid #eaeaea;\"><i class=\"fas fa-calendar-alt\" style=\"color: #064424; margin-right: 8px;\"><\/i>\n<a style=\"color: #064424; font-weight: 600;\" href=\"https:\/\/evisacam.cm\" target=\"_blank\" rel=\"noopener\">Visa pour plusieurs entr\u00e9es et sorties sup\u00e9rieur \u00e0 6 mois<\/a><\/td>\n<td style=\"padding: 14px 16px; border-bottom: 1px solid #eaeaea;\">305 \u20ac<\/td>\n<\/tr>\n<tr>\n<td style=\"padding: 14px 16px; border-bottom: 1px solid #eaeaea;\">04<\/td>\n<td style=\"padding: 14px 16px; border-bottom: 1px solid #eaeaea;\"><i class=\"fas fa-rocket\" style=\"color: #064424; margin-right: 8px;\"><\/i>\n<a style=\"color: #064424; font-weight: 600;\" href=\"https:\/\/evisacam.cm\" target=\"_blank\" rel=\"noopener\">Visa express pour plusieurs entr\u00e9es et sorties sup\u00e9rieur \u00e0 6 mois<\/a><\/td>\n<td style=\"padding: 14px 16px; border-bottom: 1px solid #eaeaea;\">405 \u20ac<\/td>\n<\/tr>\n<tr>\n<td style=\"padding: 14px 16px; border-bottom: 1px solid #eaeaea;\">05<\/td>\n<td style=\"padding: 14px 16px; border-bottom: 1px solid #eaeaea;\"><i class=\"fas fa-passport\" style=\"color: #064424; margin-right: 8px;\"><\/i>\n<a style=\"color: #064424; font-weight: 600;\" href=\"https:\/\/www.ambacam.de\/fr\/passeport\/\">Passeport ordinaire<\/a><\/td>\n<td style=\"padding: 14px 16px; border-bottom: 1px solid #eaeaea;\">110.000 FCFA en ligne\n50\u20ac Frais consulaires \u00e0 l&rsquo;Ambassade<\/td>\n<\/tr>\n<tr>\n<td style=\"padding: 14px 16px; border-bottom: 1px solid #eaeaea;\">06<\/td>\n<td style=\"padding: 14px 16px; border-bottom: 1px solid #eaeaea;\"><i class=\"fas fa-address-card\" style=\"color: #064424; margin-right: 8px;\"><\/i>\n<a style=\"color: #064424; font-weight: 600;\" href=\"https:\/\/www.ambacam.de\/fr\/carte-consulaire\/\">Carte consulaire<\/a><\/td>\n<td style=\"padding: 14px 16px; border-bottom: 1px solid #eaeaea;\">46 \u20ac<\/td>\n<\/tr>\n<tr>\n<td style=\"padding: 14px 16px; border-bottom: 1px solid #eaeaea;\">07<\/td>\n<td style=\"padding: 14px 16px; border-bottom: 1px solid #eaeaea;\"><i class=\"fas fa-file-contract\" style=\"color: #064424; margin-right: 8px;\"><\/i>\n<a style=\"color: #064424; font-weight: 600;\" href=\"https:\/\/www.ambacam.de\/fr\/laissez-passer\/\">Laissez-passer<\/a><\/td>\n<td style=\"padding: 14px 16px; border-bottom: 1px solid #eaeaea;\">120 \u20ac<\/td>\n<\/tr>\n<tr>\n<td style=\"padding: 14px 16px; border-bottom: 1px solid #eaeaea;\">08<\/td>\n<td style=\"padding: 14px 16px; border-bottom: 1px solid #eaeaea;\"><i class=\"fas fa-monument\" style=\"color: #064424; margin-right: 8px;\"><\/i>\n<a style=\"color: #064424; font-weight: 600;\" href=\"https:\/\/www.ambacam.de\/fr\/autorisation-de-rapatriement-de-corps\/\">Laissez-passer mortuaire<\/a><\/td>\n<td style=\"padding: 14px 16px; border-bottom: 1px solid #eaeaea;\">160 \u20ac<\/td>\n<\/tr>\n<tr>\n<td style=\"padding: 14px 16px; border-bottom: 1px solid #eaeaea;\">09<\/td>\n<td style=\"padding: 14px 16px; border-bottom: 1px solid #eaeaea;\"><i class=\"fas fa-ring\" style=\"color: #064424; margin-right: 8px;\"><\/i>\n<a style=\"color: #064424; font-weight: 600;\" href=\"https:\/\/www.ambacam.de\/fr\/mariage\/\">Certificat de non opposition \u00e0 un mariage<\/a><\/td>\n<td style=\"padding: 14px 16px; border-bottom: 1px solid #eaeaea;\">35 \u20ac<\/td>\n<\/tr>\n<tr>\n<td style=\"padding: 14px 16px; border-bottom: 1px solid #eaeaea;\">10<\/td>\n<td style=\"padding: 14px 16px; border-bottom: 1px solid #eaeaea;\"><i class=\"fas fa-rings-wedding\" style=\"color: #064424; margin-right: 8px;\"><\/i>\n<a style=\"color: #064424; font-weight: 600;\" href=\"https:\/\/www.ambacam.de\/fr\/mariage\/\">C\u00e9l\u00e9bration d&rsquo;un mariage<\/a><\/td>\n<td style=\"padding: 14px 16px; border-bottom: 1px solid #eaeaea;\">&#8212; \u20ac<\/td>\n<\/tr>\n<tr>\n<td style=\"padding: 14px 16px; border-bottom: 1px solid #eaeaea;\">11<\/td>\n<td style=\"padding: 14px 16px; border-bottom: 1px solid #eaeaea;\"><i class=\"fas fa-baby\" style=\"color: #064424; margin-right: 8px;\"><\/i>\n<a style=\"color: #064424; font-weight: 600;\" href=\"https:\/\/www.ambacam.de\/fr\/transcription-dacte-de-naissance\/\">Transcription Acte de naissance<\/a><\/td>\n<td style=\"padding: 14px 16px; border-bottom: 1px solid #eaeaea;\">35 \u20ac<\/td>\n<\/tr>\n<tr>\n<td style=\"padding: 14px 16px; border-bottom: 1px solid #eaeaea;\">12<\/td>\n<td style=\"padding: 14px 16px; border-bottom: 1px solid #eaeaea;\"><i class=\"fas fa-handshake\" style=\"color: #064424; margin-right: 8px;\"><\/i>\n<a style=\"color: #064424; font-weight: 600;\" href=\"https:\/\/www.ambacam.de\/fr\/procuration\/\">Procuration<\/a><\/td>\n<td style=\"padding: 14px 16px; border-bottom: 1px solid #eaeaea;\">10 \u20ac<\/td>\n<\/tr>\n<tr>\n<td style=\"padding: 14px 16px; border-bottom: 1px solid #eaeaea;\">13<\/td>\n<td style=\"padding: 14px 16px; border-bottom: 1px solid #eaeaea;\"><i class=\"fas fa-certificate\" style=\"color: #064424; margin-right: 8px;\"><\/i>\n<a style=\"color: #064424; font-weight: 600;\" href=\"#\">L\u00e9galisation\/certification d&rsquo;un document<\/a><\/td>\n<td style=\"padding: 14px 16px; border-bottom: 1px solid #eaeaea;\">10 \u20ac<\/td>\n<\/tr>\n<tr>\n<td style=\"padding: 14px 16px; border-bottom: 1px solid #eaeaea;\">14<\/td>\n<td style=\"padding: 14px 16px; border-bottom: 1px solid #eaeaea;\"><i class=\"fas fa-boxes\" style=\"color: #064424; margin-right: 8px;\"><\/i>\n<a style=\"color: #064424; font-weight: 600;\" href=\"#\">Certificat de d\u00e9menagement<\/a><\/td>\n<td style=\"padding: 14px 16px; border-bottom: 1px solid #eaeaea;\">10 \u20ac<\/td>\n<\/tr>\n<\/tbody>\n<\/table>\n<!-- Notes Section -->\n\n<strong>NB :<\/strong> Les paiements se font :\n<ul>\n \t<li>Soit en esp\u00e8ces au moment du d\u00e9p\u00f4t du dossier contre re\u00e7u<\/li>\n \t<li>Soit par virement bancaire dans le compte de l&rsquo;Ambassade.<\/li>\n<\/ul>\n<!-- Bank Info -->\n\nEn cas de paiement par virement bancaire, le traitement du dossier ne sera effectu\u00e9 qu&rsquo;apr\u00e8s confirmation du paiement dans le compte de l&rsquo;Ambassade indiqu\u00e9 ci-dessous :\n<table style=\"width: 100%; background-color: #e9f6ef; padding: 22px; border-radius: 8px; box-shadow: 0 2px 8px rgba(0, 0, 0, 0.05);\">\n<tbody>\n<tr>\n<td style=\"padding: 10px 15px; font-weight: 600;\">Institut (Bank):<\/td>\n<td style=\"padding: 10px 15px;\">Deutsche Bank Berlin<\/td>\n<\/tr>\n<tr>\n<td style=\"padding: 10px 15px; font-weight: 600;\">N\u00b0 de Compte (Kontonr.):<\/td>\n<td style=\"padding: 10px 15px;\">9270232<\/td>\n<\/tr>\n<tr>\n<td style=\"padding: 10px 15px; font-weight: 600;\">Code Bancaire (Bankleitzahl):<\/td>\n<td style=\"padding: 10px 15px;\">10070000<\/td>\n<\/tr>\n<tr>\n<td style=\"padding: 10px 15px; font-weight: 600;\">IBAN:<\/td>\n<td style=\"padding: 10px 15px;\">DE93 1007 0000 0927 0232 00<\/td>\n<\/tr>\n<tr>\n<td style=\"padding: 10px 15px; font-weight: 600;\">BIC:<\/td>\n<td style=\"padding: 10px 15px;\">DEUTDEBBXXX<\/td>\n<\/tr>\n<\/tbody>\n<\/table>\n<!-- Additional Notes -->\n<p style=\"background-color: #fff9e6; padding: 18px; border-left: 4px solid #ffc107; margin: 25px 0; border-radius: 6px;\"><strong>AUCUN FRAIS SUPPLEMENTAIRE NE SERA EXIGE EN DEHORS DE CEUX PR\u00c9VUS DANS CE TABLEAU.<\/strong><\/p>\n<p style=\"background-color: #f8f8f8; padding: 18px; border-left: 4px solid #064424; margin: 25px 0; border-radius: 6px;\">En cas de demande de paiement des frais suppl\u00e9mentaires, pri\u00e8re de d\u00e9noncer l&rsquo;acte (en indiquant si possible le nom de la personne) par un \u00e9crit \u00e0 d\u00e9poser dans la bo\u00eete \u00e0 suggestions de l&rsquo;Ambassade.<\/p>\n<!-- Footer -->\n<div style=\"text-align: center; margin-top: 40px; padding: 20px; color: #666; font-size: 0.9rem; border-top: 1px solid #eaeaea;\">Ambassade du Cameroun en Allemagne \u00a9 Septembre 2025<\/div>\n<!-- Contact Info Section -->\n<div style=\"background-color: #f0f8f4; color: #000; padding: 22px; border-radius: 8px; margin-top: 30px; text-align: center; font-weight: 600; box-shadow: 0 4px 12px rgba(0, 0, 0, 0.1); border: 1px solid #064424;\"><b>Pour toute autre information, contacter le service des affaires consulaires de l&rsquo;Ambassade<\/b><\/div>\n<!-- Everest Form -->\n<div style=\"background-color: white; padding: 30px; border-radius: 8px; margin: 30px 0; box-shadow: 0 4px 12px rgba(0, 0, 0, 0.1); border: 1px solid #eaeaea; text-align: center;\"><div class=\"everest-forms\"><div class=\"evf-container default\" id=\"evf-473\"><form id=\"evf-form-473\" class=\"everest-form\" data-formid=\"473\" data-ajax_submission=\"1\" data-keyboard_friendly_form=\"0\" data-form_state_type=\"\" method=\"post\" enctype=\"multipart\/form-data\" action=\"\/fr\/wp-json\/wp\/v2\/pages\/832\"><div class=\"evf-field-container\"><input type=\"hidden\" id=\"_wpnonce473\" name=\"_wpnonce473\" value=\"b62e08e630\" \/><input type=\"hidden\" name=\"_wp_http_referer\" value=\"\/fr\/wp-json\/wp\/v2\/pages\/832\" \/><div class=\"evf-frontend-row\" data-row=\"row_1\" conditional_rules=\"[]\"><div class=\"evf-frontend-grid evf-grid-2\" data-grid=\"grid_1\"><div id=\"evf-473-field_IpDt7zFz0s-5-container\" class=\"evf-field evf-field-first-name form-row\" data-field-id=\"IpDt7zFz0s-5\"><label class=\"evf-field-label\" for=\"evf-473-field_IpDt7zFz0s-5\"><span class=\"evf-label\">Pr\u00e9nom<\/span> <\/label><input type=\"text\" id=\"evf-473-field_IpDt7zFz0s-5\" class=\"input-text\" name=\"everest_forms[form_fields][IpDt7zFz0s-5]\" ><\/div><\/div><div class=\"evf-frontend-grid evf-grid-2\" data-grid=\"grid_2\"><div id=\"evf-473-field_fullname-container\" class=\"evf-field evf-field-text form-row validate-required\" data-required-field-message=\"Ce champ est requis.\" data-field-id=\"fullname\"><label class=\"evf-field-label\" for=\"evf-473-field_fullname\"><span class=\"evf-label\">Nom<\/span> <abbr class=\"required\" title=\"Required\">*<\/abbr><\/label><input type=\"text\" id=\"evf-473-field_fullname\" class=\"input-text\" name=\"everest_forms[form_fields][fullname]\" required><\/div><\/div><\/div><div class=\"evf-frontend-row\" data-row=\"row_2\" conditional_rules=\"[]\"><div class=\"evf-frontend-grid evf-grid-1\" data-grid=\"grid_1\"><div id=\"evf-473-field_email-container\" class=\"evf-field evf-field-email form-row validate-required validate-email\" data-required-field-message=\"S&#039;il vous pla\u00eet, mettez une adresse email valide.\" data-field-id=\"email\"><label class=\"evf-field-label\" for=\"evf-473-field_email\"><span class=\"evf-label\">Votre adresse email<\/span> <abbr class=\"required\" title=\"Required\">*<\/abbr><\/label><input type=\"email\" id=\"evf-473-field_email\" class=\"input-text\" name=\"everest_forms[form_fields][email]\" required ><\/div><div id=\"evf-473-field_subject-container\" class=\"evf-field evf-field-text form-row validate-required\" data-required-field-message=\"Ce champ est requis.\" data-field-id=\"subject\"><label class=\"evf-field-label\" for=\"evf-473-field_subject\"><span class=\"evf-label\">Sujet<\/span> <abbr class=\"required\" title=\"Required\">*<\/abbr><\/label><input type=\"text\" id=\"evf-473-field_subject\" class=\"input-text\" name=\"everest_forms[form_fields][subject]\" required><\/div><div id=\"evf-473-field_message-container\" class=\"evf-field evf-field-textarea form-row validate-required\" data-required-field-message=\"Ce champ est requis.\" data-field-id=\"message\"><label class=\"evf-field-label\" for=\"evf-473-field_message\"><span class=\"evf-label\">Votre message<\/span> <abbr class=\"required\" title=\"Required\">*<\/abbr><\/label><textarea id=\"evf-473-field_message\" class=\"input-text\" name=\"everest_forms[form_fields][message]\" required ><\/textarea><\/div><div id=\"evf-473-field_OT9YYwcuHM-6-container\" class=\"evf-field evf-field-checkbox form-row validate-required\" data-required-field-message=\"Ce champ est requis.\" data-field-id=\"OT9YYwcuHM-6\"><ul id=\"evf-473-field_OT9YYwcuHM-6\" class=\" evf-field-required\"><li class=\"choice-1 depth-1\"><input type=\"checkbox\" id=\"evf-473-field_OT9YYwcuHM-6_1\" class=\"input-text\" name=\"everest_forms[form_fields][OT9YYwcuHM-6][]\" value=\"J\u2019accepte de recevoir, par courrier \u00e9lectronique, des informations \u00e9manant de votre service.\" required ><label class=\"everest-forms-field-label-inline\" for=\"evf-473-field_OT9YYwcuHM-6_1\">J\u2019accepte de recevoir, par courrier \u00e9lectronique, des informations \u00e9manant de votre service.<\/label><\/li><\/ul><\/div><\/div><\/div><div class=\"evf-frontend-row\" data-row=\"row_3\" conditional_rules=\"[]\"><div class=\"evf-frontend-grid evf-grid-1\" data-grid=\"grid_1\"><div id=\"evf-473-field_IWX5HFxv2j-18-container\" class=\"evf-field evf-field-recaptcha form-row\" data-field-id=\"IWX5HFxv2j-18\"><div class=\"evf-recaptcha-container \" style=\"display:block\"><div class=\"g-recaptcha\" data-sitekey=\"6LeCu8cfAAAAALgdrdNz3HsTsWfguyMOXf8sg9v5\"><\/div><\/div><\/div><\/div><\/div><\/div><div class=\"evf-honeypot-container evf-field-hp\"><label for=\"evf-473-field-hp\" class=\"evf-field-label\">Message<\/label><input type=\"text\" name=\"everest_forms[hp]\" id=\"evf-473-field-hp\" class=\"input-text\"><\/div><div class=\"evf-submit-container \" ><input type=\"hidden\" name=\"everest_forms[id]\" value=\"473\"><input type=\"hidden\" name=\"everest_forms[author]\" value=\"1\"><button type='submit' name='everest_forms[submit]' class='everest-forms-submit-button button evf-submit ' id='evf-submit-473' value='evf-submit' data-process-text=\"Traitement\u2026\" conditional_rules='&quot;&quot;' conditional_id='evf-submit-473'  id=\"evf-submit-473\" aria-live=\"assertive\">Envoyer<\/button><\/div><\/form><\/div><!-- .evf-container --><\/div><\/div>\t\t\t\t\t\t\t\t<\/div>\n\t\t\t\t<\/div>\n\t\t\t\t\t<\/div>\n\t\t<\/div>\n\t\t\t\t<div class=\"elementor-column elementor-col-50 elementor-inner-column elementor-element elementor-element-f3c5e87\" data-id=\"f3c5e87\" data-element_type=\"column\" data-e-type=\"column\">\n\t\t\t<div class=\"elementor-widget-wrap elementor-element-populated\">\n\t\t\t\t\t\t<div class=\"elementor-element elementor-element-47ec591 elementor-widget elementor-widget-image\" data-id=\"47ec591\" data-element_type=\"widget\" data-e-type=\"widget\" data-widget_type=\"image.default\">\n\t\t\t\t<div class=\"elementor-widget-container\">\n\t\t\t\t\t\t\t\t\t\t\t\t\t\t\t<img fetchpriority=\"high\" decoding=\"async\" width=\"1024\" height=\"768\" src=\"https:\/\/www.ambacam.de\/fr\/wp-content\/uploads\/sites\/4\/2021\/12\/cmr_02.jpg\" class=\"attachment-large size-large wp-image-828\" alt=\"\" srcset=\"https:\/\/www.ambacam.de\/fr\/wp-content\/uploads\/sites\/4\/2021\/12\/cmr_02.jpg 1024w, https:\/\/www.ambacam.de\/fr\/wp-content\/uploads\/sites\/4\/2021\/12\/cmr_02-300x225.jpg 300w, https:\/\/www.ambacam.de\/fr\/wp-content\/uploads\/sites\/4\/2021\/12\/cmr_02-768x576.jpg 768w\" sizes=\"(max-width: 1024px) 100vw, 1024px\" \/>\t\t\t\t\t\t\t\t\t\t\t\t\t\t\t<\/div>\n\t\t\t\t<\/div>\n\t\t\t\t<div class=\"elementor-element elementor-element-d828ebf elementor-widget elementor-widget-text-editor\" data-id=\"d828ebf\" data-element_type=\"widget\" data-e-type=\"widget\" data-widget_type=\"text-editor.default\">\n\t\t\t\t<div class=\"elementor-widget-container\">\n\t\t\t\t\t\t\t\t\t<p>Ulmenallee 32<br>14050 Berlin<\/p>\n<p>Horaires:<br>Lundi \u2013 Mercredi<br>11H00 \u2013 12H30<\/p>\n<p>T\u00e9l.: + 49 30 89 06 809 XX<br>Fax.: + 49 30 89 00 57 49<br>E-mail: consulate(a)ambacam.de<\/p>\t\t\t\t\t\t\t\t<\/div>\n\t\t\t\t<\/div>\n\t\t\t\t\t<\/div>\n\t\t<\/div>\n\t\t\t\t\t<\/div>\n\t\t<\/section>\n\t\t\t\t\t<\/div>\n\t\t<\/div>\n\t\t\t\t\t<\/div>\n\t\t<\/section>\n\t\t\t\t<\/div>\n\t\t","protected":false},"excerpt":{"rendered":"<p>SERVICE DES AFFAIRES CONSULAIRES Le service des affaires consulaires g\u00e8re les questions relatives \u00e0 l&rsquo;inscription \u00e0 l&rsquo;Ambassade, \u00e0 l&rsquo;obtention de<\/p>\n","protected":false},"author":1,"featured_media":0,"parent":0,"menu_order":0,"comment_status":"closed","ping_status":"closed","template":"","meta":{"footnotes":""},"class_list":["post-832","page","type-page","status-publish","hentry"],"_links":{"self":[{"href":"https:\/\/www.ambacam.de\/fr\/wp-json\/wp\/v2\/pages\/832","targetHints":{"allow":["GET"]}}],"collection":[{"href":"https:\/\/www.ambacam.de\/fr\/wp-json\/wp\/v2\/pages"}],"about":[{"href":"https:\/\/www.ambacam.de\/fr\/wp-json\/wp\/v2\/types\/page"}],"author":[{"embeddable":true,"href":"https:\/\/www.ambacam.de\/fr\/wp-json\/wp\/v2\/users\/1"}],"replies":[{"embeddable":true,"href":"https:\/\/www.ambacam.de\/fr\/wp-json\/wp\/v2\/comments?post=832"}],"version-history":[{"count":154,"href":"https:\/\/www.ambacam.de\/fr\/wp-json\/wp\/v2\/pages\/832\/revisions"}],"predecessor-version":[{"id":8068,"href":"https:\/\/www.ambacam.de\/fr\/wp-json\/wp\/v2\/pages\/832\/revisions\/8068"}],"wp:attachment":[{"href":"https:\/\/www.ambacam.de\/fr\/wp-json\/wp\/v2\/media?parent=832"}],"curies":[{"name":"wp","href":"https:\/\/api.w.org\/{rel}","templated":true}]}}